{"id":10954,"date":"2023-01-12T11:14:59","date_gmt":"2023-01-12T14:14:59","guid":{"rendered":"https:\/\/herospark.com\/blog\/?page_id=10954"},"modified":"2025-04-23T09:05:13","modified_gmt":"2025-04-23T12:05:13","slug":"como-vender-e-book-3","status":"publish","type":"page","link":"https:\/\/herospark.com\/blog\/como-vender-e-book\/","title":{"rendered":"Como vender e-book: guia completo [atualizado &#8211; 2024]"},"content":{"rendered":"\n<p>Saber como vender e-book \u00e9 o desejo de muitas pessoas que est\u00e3o iniciando a jornada empreendedora, principalmente com rela\u00e7\u00e3o ao pre\u00e7o e \u00e0 forma de distribui\u00e7\u00e3o.<\/p>\n\n\n\n<p>Por isso, neste guia completo, vamos detalhar as melhores pr\u00e1ticas para quem deseja saber como vender e-book, seja para garantir uma renda extra ou se tornar um infoprodutor em tempo integral.&nbsp;<\/p>\n\n\n\n<p>Quer saber mais? Ent\u00e3o continue a leitura!<\/p>\n\n\n\n<h2 class=\"wp-block-heading\">O que \u00e9 e-book?<\/h2>\n\n\n\n<p>O e-book ou <em>eletronic book<\/em> pode ser traduzido como <strong>livro digital<\/strong> ou eletr\u00f4nico.&nbsp;<\/p>\n\n\n\n<p>Esse modelo de conte\u00fado textual, que pode conter imagens e outros recursos gr\u00e1ficos, apresenta um formato de livro para ser lido em telas de:<\/p>\n\n\n\n<ul class=\"wp-block-list\">\n<li>Computadores;<\/li>\n\n\n\n<li>Smartphones;<\/li>\n\n\n\n<li>Tablets;<\/li>\n\n\n\n<li>Leitores digitais.<\/li>\n<\/ul>\n\n\n\n<p><strong>Saiba mais sobre esse modelo de infoproduto!<\/strong><\/p>\n\n\n\n<div class=\"wp-block-columns is-layout-flex wp-container-core-columns-is-layout-9d6595d7 wp-block-columns-is-layout-flex\">\n<div class=\"wp-block-column is-layout-flow wp-block-column-is-layout-flow\">\n<div class=\"wp-block-buttons is-layout-flex wp-block-buttons-is-layout-flex\">\n<div class=\"wp-block-button\"><a class=\"wp-block-button__link wp-element-button\" href=\"https:\/\/herospark.com\/blog\/como-criar-ebook\/\" target=\"_blank\" rel=\"noreferrer noopener\">Como criar e-book \u2197<\/a><\/div>\n<\/div>\n<\/div>\n\n\n\n<div class=\"wp-block-column is-layout-flow wp-block-column-is-layout-flow\">\n<div class=\"wp-block-buttons is-layout-flex wp-block-buttons-is-layout-flex\">\n<div class=\"wp-block-button\"><a class=\"wp-block-button__link wp-element-button\" href=\"https:\/\/herospark.com\/blog\/ebook\/\" target=\"_blank\" rel=\"noreferrer noopener\">7 passos para criar e-book \u2197<\/a><\/div>\n<\/div>\n<\/div>\n<\/div>\n\n\n\n<h2 class=\"wp-block-heading\">\u00c9 poss\u00edvel ganhar dinheiro com e-book?<\/h2>\n\n\n\n<p>Sim, \u00e9 totalmente poss\u00edvel garantir uma boa renda sabendo como vender e-book, seja para <strong>fortalecer a autoridade digital <\/strong>dos infoprodutores mais experientes, ou como porta de entrada para novos empreendedores no mercado digital.<\/p>\n\n\n\n<p>Para isso, \u00e9 necess\u00e1rio criar um bom conte\u00fado focado no segmento de dom\u00ednio do infoprodutor e garantir uma boa estrat\u00e9gia de vendas.<\/p>\n\n\n\n<p><strong>Confira um guia completo de como ganhar dinheiro com e-book:<\/strong><\/p>\n\n\n\n<div class=\"wp-block-buttons is-layout-flex wp-block-buttons-is-layout-flex\">\n<div class=\"wp-block-button\"><a class=\"wp-block-button__link wp-element-button\" href=\"https:\/\/herospark.com\/blog\/ganhar-dinheiro-com-e-book\/\" target=\"_blank\" rel=\"noreferrer noopener\">Guia completo de como ganhar dinheiro com e-book \u2197<\/a><\/div>\n<\/div>\n\n\n\n<p>Outra maneira de vender e-book \u00e9 baixando arquivos PLR e adaptando-os e personalizando-os com a identidade da sua marca.&nbsp;<\/p>\n\n\n\n<p><strong>Veja como \u00e9 poss\u00edvel baixar e-book PLR:<\/strong><\/p>\n\n\n\n<div class=\"wp-block-buttons is-layout-flex wp-block-buttons-is-layout-flex\">\n<div class=\"wp-block-button\"><a class=\"wp-block-button__link wp-element-button\" href=\"https:\/\/herospark.com\/blog\/plr-gratis\/\" target=\"_blank\" rel=\"noreferrer noopener\">10 sites para baixar PLR \u2197<\/a><\/div>\n<\/div>\n\n\n\n<h2 class=\"wp-block-heading\">Como vender e-book?<\/h2>\n\n\n\n<p>O mercado digital tem como uma das suas principais vantagens a escalabilidade das vendas. Mas, para usufruir desse benef\u00edcio na hora de vender o seu e-book, \u00e9 necess\u00e1rio seguir alguns passos.<\/p>\n\n\n\n<p><span style=\"font-weight: 400\">Chegou o momento de aprender como vender e-book. Para isso, separamos algumas dicas que podem te ajudar neste processo. <\/span><\/p>\n\n\n\n<h3 class=\"wp-block-heading\"><span style=\"font-weight: 400\">Crie uma landing page<\/span><\/h3>\n\n\n\n<p><span style=\"font-weight: 400\">O primeiro passo para vender o seu produto digital \u00e9 criar uma <\/span><a href=\"https:\/\/herospark.com\/blog\/landing-page\/\"><span style=\"font-weight: 400\">landing page<\/span><\/a><span style=\"font-weight: 400\">. Dessa forma, voc\u00ea consegue apresentar o seu e-book de maneira mais profissional para a sua audi\u00eancia.&nbsp;<\/span><\/p>\n\n\n\n<p><span style=\"font-weight: 400\">Nesta p\u00e1gina, deve-se inserir as imagens do livro digital, a descri\u00e7\u00e3o do produto, o pre\u00e7o, a <a href=\"https:\/\/herospark.com\/blog\/cta\/\">CTA<\/a>, o formul\u00e1rio e o bot\u00e3o com o link de venda fornecido pela plataforma de distribui\u00e7\u00e3o.<\/span><\/p>\n\n\n\n<p><span style=\"font-weight: 400\">Lembre-se de que esta p\u00e1gina de captura precisa ser chamativa, por isso use cores e fontes que atraiam a aten\u00e7\u00e3o da audi\u00eancia. Al\u00e9m disso, capriche na <\/span><i><span style=\"font-weight: 400\">call to action<\/span><\/i><span style=\"font-weight: 400\"> e n\u00e3o se esque\u00e7a de usar os gatilhos mentais, como a prova social.<\/span><\/p>\n\n\n\n<p><span style=\"font-weight: 400\">Esse gatilho \u00e9 essencial para que as pessoas se sintam mais motivadas a comprar o seu produto. Isso porque elas percebem que ele tem boa aceitabilidade no mercado.&nbsp;<\/span><\/p>\n\n\n\n<p><span style=\"font-weight: 400\">Ademais, tamb\u00e9m use <a href=\"https:\/\/herospark.com\/blog\/marketing-de-conteudo-e-seo\/\">t\u00e9cnicas de SEO<\/a> para que sua p\u00e1gina seja encontrada pelos mecanismos de buscas quando algu\u00e9m pesquisar pelo tema do seu e-book.<\/span><\/p>\n\n\n\n<h3 class=\"wp-block-heading\"><span style=\"font-weight: 400\">Divulgue nas redes sociais<\/span><\/h3>\n\n\n\n<p><span style=\"font-weight: 400\">Com a landing page pronta fica mais f\u00e1cil come\u00e7ar a divulgar o e-book nas redes sociais. Para isso, voc\u00ea pode usar tanto o feed de maneira org\u00e2nica quanto pode investir em m\u00eddia paga. Tamb\u00e9m \u00e9 poss\u00edvel fazer lives de lan\u00e7amento para chamar a aten\u00e7\u00e3o da audi\u00eancia.<\/span><\/p>\n\n\n\n<p><span style=\"font-weight: 400\">Vale destacar que nos an\u00fancios voc\u00ea consegue vincular o link da p\u00e1gina da landing page ou da p\u00e1gina de venda da plataforma de distribui\u00e7\u00e3o. Isso facilita o acesso r\u00e1pido das pessoas ao seu produto digital. Assim como ajuda voc\u00ea a atingir um n\u00famero maior de pessoas.<\/span><\/p>\n\n\n\n<h3 class=\"wp-block-heading\"><span style=\"font-weight: 400\">Envie e-mail marketing<\/span><\/h3>\n\n\n\n<p><span style=\"font-weight: 400\">Outra maneira de divulgar o seu e-book \u00e9 por meio do fluxo de nutri\u00e7\u00e3o, ou seja, o envio de uma sequ\u00eancia de <\/span><a href=\"https:\/\/herospark.com\/blog\/email-marketing\/\"><span style=\"font-weight: 400\">e-mails marketing<\/span><\/a><span style=\"font-weight: 400\"> para os seus leads. Para conseguir uma lista de contatos voc\u00ea pode criar um e-book mais simples gratuito e distribuir para a sua audi\u00eancia.&nbsp;<\/span><\/p>\n\n\n\n<p><span style=\"font-weight: 400\">Dessa forma, eles preenchem o formul\u00e1rio para baix\u00e1-lo e deixam seus dados em troca. Depois voc\u00ea come\u00e7a a enviar e-mails para que elas conhe\u00e7am mais o seu conte\u00fado e confiem na sua autoridade. E, por fim, envia-se a oferta do e-book pago para que elas possam compr\u00e1-lo.<\/span><\/p>\n\n\n\n<h3 class=\"wp-block-heading\"><span style=\"font-weight: 400\">Crie um programa de afiliados<\/span><\/h3>\n\n\n\n<p><span style=\"font-weight: 400\">Voc\u00ea tamb\u00e9m pode criar um <\/span><a href=\"https:\/\/herospark.com\/blog\/programa-de-afiliados\/\"><span style=\"font-weight: 400\">programa de afiliados<\/span><\/a><span style=\"font-weight: 400\"> para aumentar o alcance das suas vendas. Isso porque \u00e9 poss\u00edvel encontrar pessoas que tenham interesse em vender o seu ebook em troca de uma comiss\u00e3o.<\/span><\/p>\n\n\n\n<p><span style=\"font-weight: 400\">Nesse caso, voc\u00ea precisa definir regras claras para o programa, determinar o valor da comiss\u00e3o, criar uma p\u00e1gina para que os afiliados possam se inscrever, bem como investir na divulga\u00e7\u00e3o do programa.&nbsp;<\/span><\/p>\n\n\n\n<p><span style=\"font-weight: 400\">Vale destacar que existem plataformas de distribui\u00e7\u00e3o que oferecem suporte para a cria\u00e7\u00e3o de programas de afiliados. Lembre-se disso no momento de escolher a plataforma ideal para as suas vendas.<\/span><\/p>\n\n\n\n<p><span style=\"font-weight: 400\">Al\u00e9m disso, n\u00e3o se esque\u00e7a de manter um bom canal de comunica\u00e7\u00e3o com os afiliados para manter as estrat\u00e9gias de vendas alinhadas. Dessa forma, \u00e9 poss\u00edvel ampliar a sua audi\u00eancia e, consequentemente, aumentar o percentual de vendas.<\/span><\/p>\n\n\n\n<h3 class=\"wp-block-heading\"><span style=\"font-weight: 400\">Fa\u00e7a parcerias com influenciadores digitais<\/span><\/h3>\n\n\n\n<p><span style=\"font-weight: 400\">Tamb\u00e9m \u00e9 importante fazer parcerias com influenciadores digitais. Mas lembre-se de que voc\u00ea precisa encontrar pessoas que tenham um conte\u00fado alinhado com o tema do seu e-book, bem como verifique a reputa\u00e7\u00e3o e a autoridade delas para evitar problemas futuros.<\/span><\/p>\n\n\n\n<p><span style=\"font-weight: 400\">Para fazer esse tipo de divulga\u00e7\u00e3o mande um exemplar do e-book para que o influenciador possa ler e fazer uma resenha no seu canal digital, seja por meio de v\u00eddeo ou de texto.<\/span><\/p>\n\n\n\n<p><span style=\"font-weight: 400\"> Assim, voc\u00ea consegue ampliar a sua audi\u00eancia, pois a indica\u00e7\u00e3o do influenciador impulsiona o interesse dos seguidores pelo seu produto digital.<\/span><\/p>\n\n\n\n<h2 class=\"wp-block-heading\"><span style=\"font-weight: 400\">O que fazer antes de vender o e-book?<\/span><\/h2>\n\n\n\n<p><span style=\"font-weight: 400\">\u00c9 importante lembrar que existem alguns passos antes de vender o e-book, como a produ\u00e7\u00e3o do material, o registro, a precifica\u00e7\u00e3o e a escolha da plataforma de distribui\u00e7\u00e3o. Vamos imaginar que voc\u00ea j\u00e1 tenha produzido o seu <\/span><a href=\"https:\/\/herospark.com\/blog\/infoprodutos\"><span style=\"font-weight: 400\">infoproduto <\/span><\/a><span style=\"font-weight: 400\">ou tenha comprado um e-book <a href=\"https:\/\/herospark.com\/blog\/plr-marketing-digital\/\">PLR<\/a>.&nbsp;<\/span><\/p>\n\n\n\n<p><span style=\"font-weight: 400\">Agora o pr\u00f3ximo passo \u00e9 prepar\u00e1-lo para iniciar o processo de venda. Veja as principais etapas que devem ser executadas antes de iniciar a comercializa\u00e7\u00e3o do seu produto digital. Acompanhe!<\/span><\/p>\n\n\n\n<h3 class=\"wp-block-heading\"><span style=\"font-weight: 400\">Registre o e-book<\/span><\/h3>\n\n\n\n<p><span style=\"font-weight: 400\">Imagine criar um e-book de qualidade e algu\u00e9m copi\u00e1-lo para vender no seu lugar. Isso seria frustrante, n\u00e3o \u00e9 verdade? Ent\u00e3o, se voc\u00ea quer garantir os direitos autorais da sua obra, o ideal \u00e9 fazer o registro dela.&nbsp;<\/span><\/p>\n\n\n\n<p><span style=\"font-weight: 400\">Dessa forma, \u00e9 poss\u00edvel evitar dores de cabe\u00e7a. Para isso, basta voc\u00ea acessar o site da C\u00e2mara Brasileira de Livros (CBL) e localizar a \u00e1rea do ISBN. Em seguida, preencha os formul\u00e1rios e envie a documenta\u00e7\u00e3o solicitada.&nbsp;<\/span><\/p>\n\n\n\n<p><span style=\"font-weight: 400\">Se estiver tudo certo, voc\u00ea precisa pagar a taxa de registro e o seu e-book estar\u00e1 protegido. Lembre-se de que o ISBN pode conferir ao seu produto digital mais profissionalismo. Por isso, \u00e9 interessante separar um dinheiro para investir no registro.<\/span><\/p>\n\n\n\n<h3 class=\"wp-block-heading\"><span style=\"font-weight: 400\">Precifique o produto digital<\/span><\/h3>\n\n\n\n<p><span style=\"font-weight: 400\">Antes de aprender como vender e-book, \u00e9 necess\u00e1rio <a href=\"https:\/\/herospark.com\/blog\/como-precificar-um-produto-digital\/\">precific\u00e1-lo<\/a>. Para tanto, voc\u00ea precisa fazer pesquisas de mercado para saber quanto a concorr\u00eancia est\u00e1 cobrando por produtos digitais similares.<\/span><\/p>\n\n\n\n<p><span style=\"font-weight: 400\">Tamb\u00e9m \u00e9 legal fazer pesquisas com o seu p\u00fablico-alvo, j\u00e1 que s\u00e3o eles que ir\u00e3o pagar pelo seu infoproduto. Al\u00e9m disso, \u00e9 necess\u00e1rio levar em considera\u00e7\u00e3o as despesas que voc\u00ea pagou para produzir e registrar o seu produto.<\/span><\/p>\n\n\n\n<p><span style=\"font-weight: 400\">Temos uma dica muito importante: n\u00e3o fique com medo de precificar o seu e-book. Lembre-se de que ele foi criado com base no seu conhecimento. Por isso, deve-se cobrar um valor justo tanto para voc\u00ea quanto para os leitores.<\/span><\/p>\n\n\n\n<h3 class=\"wp-block-heading\"><span style=\"font-weight: 400\">Escolha uma plataforma de distribui\u00e7\u00e3o<\/span><\/h3>\n\n\n\n<p><span style=\"font-weight: 400\">Depois de produzir, registrar e precificar o seu e-book, chegou o momento de escolher uma <\/span><a href=\"https:\/\/herospark.com\/blog\/plataforma-online\/\"><span style=\"font-weight: 400\">plataforma <\/span><\/a><span style=\"font-weight: 400\">de distribui\u00e7\u00e3o. Lembre-se de que n\u00e3o \u00e9 f\u00e1cil fazer a entrega do produto digital manualmente.<\/span><\/p>\n\n\n\n<p><span style=\"font-weight: 400\">Por isso, as plataformas s\u00e3o muito \u00fateis. Isso porque \u00e9 por meio delas que acontece o processo de venda, ou seja, elas representam o local no qual as pessoas fazem o pagamento e recebem o seu e-book em troca.<\/span><\/p>\n\n\n\n<p><span style=\"font-weight: 400\">Diante disso, \u00e9 poss\u00edvel ter um processo totalmente automatizado, seguro e intuitivo, tanto para voc\u00ea quanto para os seus clientes. Ali\u00e1s, lembre-se de que ela deve oferecer uma boa experi\u00eancia no momento da compra.<\/span><\/p>\n\n\n\n<p><span style=\"font-weight: 400\">Assim como deve emitir relat\u00f3rios com informa\u00e7\u00f5es importantes sobre o processo de venda. J\u00e1 que \u00e9 por meio deles que voc\u00ea conseguir\u00e1 monitorar os resultados. Ent\u00e3o, pesquise muito bem antes de escolher a plataforma ideal para a distribui\u00e7\u00e3o do seu infoproduto.<\/span><\/p>\n\n\n\n<p>A <a href=\"http:\/\/herospark.com\">HeroSpark<\/a> \u00e9 uma plataforma que oferece praticidade na hora de hospedar seu produto digital.<\/p>\n\n\n\n<h2 class=\"wp-block-heading\">Qual a melhor plataforma para vender e-book?<\/h2>\n\n\n\n<p>Um dos passos mais importantes para quem quer saber como vender e-book \u00e9 escolher a <strong>plataforma ideal para hospedar e distribuir seu infoproduto.<\/strong><\/p>\n\n\n\n<p>E, para isso, \u00e9 necess\u00e1rio verificar se a plataforma conta com recursos que facilitem a divulga\u00e7\u00e3o e gest\u00e3o de venda do seu produto digital.&nbsp;<\/p>\n\n\n\n<p><strong>Descubra as caracter\u00edsticas da plataforma ideal para suas vendas!<\/strong><\/p>\n\n\n\n<div class=\"wp-block-buttons is-layout-flex wp-block-buttons-is-layout-flex\">\n<div class=\"wp-block-button\"><a class=\"wp-block-button__link wp-element-button\" href=\"https:\/\/herospark.com\/blog\/plataforma-para-vender-e-book\/\" target=\"_blank\" rel=\"noreferrer noopener\">Plataformas para vender e-book \u2197<\/a><\/div>\n<\/div>\n\n\n\n<h2 class=\"wp-block-heading\">Qual o valor m\u00e9dio de um e-book?<\/h2>\n\n\n\n<p>Na hora de precificar seu infoproduto, \u00e9 necess\u00e1rio levar em considera\u00e7\u00e3o alguns fatores, como, por exemplo, os custos com trabalho de design.<\/p>\n\n\n\n<p>Por isso, os valores de venda podem ser variados, sendo poss\u00edvel <strong>vender um e-book sobre finan\u00e7as pessoais por R$9,90 ou de sa\u00fade e bem-estar por R$39,90.<\/strong><\/p>\n\n\n\n<p>Agora que voc\u00ea j\u00e1 sabe como vender e-book e teve acesso \u00e0s melhores pr\u00e1ticas para garantir uma boa renda com esse modelo de infoproduto, que tal conhecer a plataforma mais completa para potencializar suas vendas?<\/p>\n\n\n\n<p>Conhe\u00e7a agora a HeroSpark, a plataforma que re\u00fane em um s\u00f3 lugar todos os recursos para hospedar, divulgar e vender seu e-book.<\/p>\n\n\n\n<p>Entre as diversas vantagens que voc\u00ea garante ao utilizar a <strong>Hero para vender seu e-book<\/strong> est\u00e3o:<\/p>\n\n\n\n<ul class=\"wp-block-list\">\n<li>Ferramenta de cria\u00e7\u00e3o de landing pages;<\/li>\n\n\n\n<li>Funil de vendas automatizado;<\/li>\n\n\n\n<li>Disparo ilimitado de e-mail marketing;<\/li>\n\n\n\n<li>\u00c1rea de membro exclusiva;<\/li>\n\n\n\n<li>Suporte online para infoprodutores e clientes;<\/li>\n\n\n\n<li>P\u00e1gina de vendas com \u00e1rea de pagamento integrada.<\/li>\n<\/ul>\n\n\n\n<p>Ent\u00e3o n\u00e3o perca tempo! <a href=\"https:\/\/herospark.com\/\">Comece agora a vender seu e-book com a HeroSpark<\/a> e garanta resultados de sucesso.<\/p>\n","protected":false},"excerpt":{"rendered":"Saber como vender e-book &eacute; o desejo de muitas pessoas que est&atilde;o iniciando a jornada empreendedora, principalmente com rela&ccedil;&atilde;o ao pre&ccedil;o e &agrave; forma de distribui&ccedil;&atilde;o. Por isso, neste guia&hellip;\n","protected":false},"author":63,"featured_media":0,"parent":0,"menu_order":0,"comment_status":"closed","ping_status":"closed","template":"","meta":{"content-type":"","_uag_custom_page_level_css":"","footnotes":""},"yst_prominent_words":[68,153,935,1092,267,943,660,327,290,124],"class_list":["post-10954","page","type-page","status-publish"],"acf":[],"uagb_featured_image_src":{"full":false,"thumbnail":false,"medium":false,"medium_large":false,"large":false,"1536x1536":false,"2048x2048":false,"pk-small":false,"pk-thumbnail":false,"cs-small":false,"cs-intermediate":false,"cs-thumbnail":false,"cs-thumbnail-uncropped":false,"cs-medium":false,"cs-large":false,"web-stories-poster-portrait":false,"web-stories-publisher-logo":false,"web-stories-thumbnail":false},"uagb_author_info":{"display_name":"Nilson Filatieri","author_link":"https:\/\/herospark.com\/blog\/author\/nilson\/"},"uagb_comment_info":0,"uagb_excerpt":"Saber como vender e-book &eacute; o desejo de muitas pessoas que est&atilde;o iniciando a jornada empreendedora, principalmente com rela&ccedil;&atilde;o ao pre&ccedil;o e &agrave; forma de distribui&ccedil;&atilde;o. Por isso, neste guia&hellip;","yoast_head":"<!-- This site is optimized with the Yoast SEO Premium plugin v14.3 - https:\/\/yoast.com\/wordpress\/plugins\/seo\/ -->\n<title>Como vender e-book: guia completo [atualizado - 2024] | HeroSpark Blog<\/title>\n<meta name=\"description\" content=\"Saber como vender e-book \u00e9 o desejo de muitas pessoas que est\u00e3o iniciando a jornada empreendedora. Entenda tudo aqui.\" \/>\n<meta name=\"robots\" content=\"index, follow\" \/>\n<meta name=\"googlebot\" content=\"index, follow, max-snippet:-1, max-image-preview:large, max-video-preview:-1\" \/>\n<meta name=\"bingbot\" content=\"index, follow, max-snippet:-1, max-image-preview:large, max-video-preview:-1\" \/>\n<link rel=\"canonical\" href=\"https:\/\/herospark.com\/blog\/como-vender-e-book\/\" \/>\n<meta property=\"og:locale\" content=\"pt_BR\" \/>\n<meta property=\"og:type\" content=\"article\" \/>\n<meta property=\"og:title\" content=\"Como vender e-book: guia completo [atualizado - 2024] | HeroSpark Blog\" \/>\n<meta property=\"og:description\" content=\"Saber como vender e-book \u00e9 o desejo de muitas pessoas que est\u00e3o iniciando a jornada empreendedora. Entenda tudo aqui.\" \/>\n<meta property=\"og:url\" content=\"https:\/\/herospark.com\/blog\/como-vender-e-book\/\" \/>\n<meta property=\"og:site_name\" content=\"HeroSpark Blog\" \/>\n<meta property=\"article:modified_time\" content=\"2025-04-23T12:05:13+00:00\" \/>\n<meta name=\"twitter:card\" content=\"summary_large_image\" \/>\n<!-- \/ Yoast SEO Premium plugin. -->","amp_enabled":true,"_links":{"self":[{"href":"https:\/\/herospark.com\/blog\/wp-json\/wp\/v2\/pages\/10954","targetHints":{"allow":["GET"]}}],"collection":[{"href":"https:\/\/herospark.com\/blog\/wp-json\/wp\/v2\/pages"}],"about":[{"href":"https:\/\/herospark.com\/blog\/wp-json\/wp\/v2\/types\/page"}],"author":[{"embeddable":true,"href":"https:\/\/herospark.com\/blog\/wp-json\/wp\/v2\/users\/63"}],"replies":[{"embeddable":true,"href":"https:\/\/herospark.com\/blog\/wp-json\/wp\/v2\/comments?post=10954"}],"version-history":[{"count":0,"href":"https:\/\/herospark.com\/blog\/wp-json\/wp\/v2\/pages\/10954\/revisions"}],"wp:attachment":[{"href":"https:\/\/herospark.com\/blog\/wp-json\/wp\/v2\/media?parent=10954"}],"wp:term":[{"taxonomy":"yst_prominent_words","embeddable":true,"href":"https:\/\/herospark.com\/blog\/wp-json\/wp\/v2\/yst_prominent_words?post=10954"}],"curies":[{"name":"wp","href":"https:\/\/api.w.org\/{rel}","templated":true}]}}