{"id":11312,"date":"2023-02-01T17:51:05","date_gmt":"2023-02-01T20:51:05","guid":{"rendered":"https:\/\/herospark.com\/blog\/?page_id=11312"},"modified":"2025-04-23T09:05:12","modified_gmt":"2025-04-23T12:05:12","slug":"app-de-inteligencia-artificial","status":"publish","type":"page","link":"https:\/\/herospark.com\/blog\/app-de-inteligencia-artificial\/","title":{"rendered":"5 app de intelig\u00eancia artificial que est\u00e3o em ALTA &#8211; 2023"},"content":{"rendered":"\n<p>J\u00e1 ouviu falar em app de intelig\u00eancia artificial? Eles est\u00e3o se tornando cada vez mais populares no mundo. Desde assistentes virtuais at\u00e9 sistemas de reconhecimento de imagem, esses aplicativos est\u00e3o transformando a forma como vivemos e trabalhamos.&nbsp;<\/p>\n\n\n\n<p>Neste artigo, voc\u00ea vai descobrir o que significa intelig\u00eancia artificial e conferir alguns exemplos populares de app de intelig\u00eancia artificial. Confira!<\/p>\n\n\n\n<figure class=\"wp-block-image size-full\"><a href=\"https:\/\/herospark.com\/academia\/herocreator\/?utm_medium=rock-convert&amp;utm_source=blog-herospark&amp;utm_campaign=blog-app-inteligencia-artificial\"><img  fetchpriority=\"high\"  decoding=\"async\"  width=\"768\"  height=\"402\"  src=\"data:image\/png;base64,iVBORw0KGgoAAAANSUhEUgAAAAEAAAABAQMAAAAl21bKAAAAA1BMVEUAAP+KeNJXAAAAAXRSTlMAQObYZgAAAAlwSFlzAAAOxAAADsQBlSsOGwAAAApJREFUCNdjYAAAAAIAAeIhvDMAAAAASUVORK5CYII=\"  alt=\"\"  class=\"wp-image-12155 pk-lazyload\"  data-pk-sizes=\"auto\"  data-ls-sizes=\"(max-width: 768px) 100vw, 768px\"  data-pk-src=\"https:\/\/herospark.com\/blog\/wp-content\/uploads\/sites\/6\/2023\/05\/Banner-Blog-768x402-1.jpg\"  data-pk-srcset=\"https:\/\/herospark.com\/blog\/wp-content\/uploads\/sites\/6\/2023\/05\/Banner-Blog-768x402-1.jpg 768w, https:\/\/herospark.com\/blog\/wp-content\/uploads\/sites\/6\/2023\/05\/Banner-Blog-768x402-1-300x157.jpg 300w, https:\/\/herospark.com\/blog\/wp-content\/uploads\/sites\/6\/2023\/05\/Banner-Blog-768x402-1-390x204.jpg 390w, https:\/\/herospark.com\/blog\/wp-content\/uploads\/sites\/6\/2023\/05\/Banner-Blog-768x402-1-150x79.jpg 150w\" ><\/a><\/figure>\n\n\n\n<div class=\"wp-block-leadin-hubspot-form-block\">\n\t\t\t\t\t<script>\n\t\t\t\t\t\twindow.hsFormsOnReady = window.hsFormsOnReady || [];\n\t\t\t\t\t\twindow.hsFormsOnReady.push(()=>{\n\t\t\t\t\t\t\thbspt.forms.create({\n\t\t\t\t\t\t\t\tportalId: 734319,\n\t\t\t\t\t\t\t\tformId: \"da9dad6f-fa75-4541-8ace-5c17b71028a4\",\n\t\t\t\t\t\t\t\ttarget: \"#hbspt-form-1777288227000-3035213307\",\n\t\t\t\t\t\t\t\tregion: \"na1\",\n\t\t\t\t\t\t\t\t\n\t\t\t\t\t\t})});\n\t\t\t\t\t<\/script>\n\t\t\t\t\t<div class=\"hbspt-form\" id=\"hbspt-form-1777288227000-3035213307\"><\/div><\/div>\n\n\n\n<h2 class=\"wp-block-heading\">O que significa intelig\u00eancia artificial?<\/h2>\n\n\n\n<p>Uma das principais quest\u00f5es na atualidade \u00e9 saber o que significa intelig\u00eancia artificial e entender toda tecnologia por tr\u00e1s de algumas ferramentas.<\/p>\n\n\n\n<p>Assim, a Intelig\u00eancia Artificial, ou IA, \u00e9 o campo da ci\u00eancia da computa\u00e7\u00e3o que busca desenvolver algoritmos e t\u00e9cnicas para <strong>permitir que as m\u00e1quinas executem tarefas que normalmente requerem intelig\u00eancia humana<\/strong>, como:<\/p>\n\n\n\n<ul class=\"wp-block-list\">\n<li>Reconhecimento de voz;<\/li>\n\n\n\n<li>Vis\u00e3o;<\/li>\n\n\n\n<li>Racioc\u00ednio;<\/li>\n\n\n\n<li>Aprendizado.<\/li>\n<\/ul>\n\n\n\n<p>O objetivo da IA \u00e9 criar sistemas que possam imitar a intelig\u00eancia humana de forma eficiente e realista, tornando poss\u00edvel automatizar tarefas complexas e melhorar a efici\u00eancia em muitas \u00e1reas, incluindo sa\u00fade, transporte, neg\u00f3cios e muito mais.&nbsp;<\/p>\n\n\n\n<p>Dessa forma, um app de intelig\u00eancia artificial \u00e9 criado a partir de v\u00e1rias t\u00e9cnicas, incluindo o aprendizado de m\u00e1quina, processamento de linguagem natural, vis\u00e3o computacional e rob\u00f3tica.<\/p>\n\n\n\n<p><strong>Saiba tudo sobre a OpenAI e suas principais ferramentas:<\/strong><\/p>\n\n\n\n<div class=\"wp-block-buttons is-layout-flex wp-block-buttons-is-layout-flex\">\n<div class=\"wp-block-button\"><a class=\"wp-block-button__link wp-element-button\" href=\"https:\/\/herospark.com\/blog\/openai\" target=\"_blank\" rel=\"noreferrer noopener\">Conhe\u00e7a a OpenAI \u2197<\/a><\/div>\n<\/div>\n\n\n\n<h2 class=\"wp-block-heading\">Como a intelig\u00eancia artificial pode ajudar o ser humano?<\/h2>\n\n\n\n<p>A intelig\u00eancia artificial pode ajudar o ser humano de v\u00e1rias maneiras.&nbsp;<\/p>\n\n\n\n<p>Um exemplo \u00e9 a utiliza\u00e7\u00e3o de app de intelig\u00eancia artificial para <strong>automatizar tarefas repetitivas<\/strong>, liberando tempo e recursos para a realiza\u00e7\u00e3o de tarefas mais estrat\u00e9gicas.<\/p>\n\n\n\n<p>Al\u00e9m disso, a IA tamb\u00e9m pode ser usada para detectar e prevenir amea\u00e7as de seguran\u00e7a, como fraudes e ataques cibern\u00e9ticos.<\/p>\n\n\n\n<p><strong>Descubra como o ChatGPT pode agilizar suas tarefas de infoprodu\u00e7\u00e3o!<\/strong><\/p>\n\n\n\n<div class=\"wp-block-buttons is-layout-flex wp-block-buttons-is-layout-flex\">\n<div class=\"wp-block-button\"><a class=\"wp-block-button__link wp-element-button\" href=\"https:\/\/herospark.com\/blog\/escrever-copy-no-chat-gpt\/\" target=\"_blank\" rel=\"noreferrer noopener\">Como escrever copy no ChatGPT \u2197<\/a><\/div>\n<\/div>\n\n\n\n<h2 class=\"wp-block-heading\">4 melhores intelig\u00eancia artificiais para infoprodutores<\/h2>\n\n\n\n<p>Existem v\u00e1rios apps de intelig\u00eancia artificial que podem ser \u00fateis para os produtores digitais por otimizarem tarefas, desde o atendimento at\u00e9 a produ\u00e7\u00e3o de conte\u00fado para redes sociais.<\/p>\n\n\n\n<p>Portanto, confira abaixo alguns exemplos de ferramentas que podem simplificar o cotidiano dos infoprodutores.&nbsp;<\/p>\n\n\n\n<h3 class=\"wp-block-heading\">1. ChatGPT<\/h3>\n\n\n\n<p>O ChatGPT \u00e9 um modelo de linguagem de grande escala treinado pela OpenAI. Sua principal finalidade \u00e9<strong> gerar texto escrito de forma aut\u00f4noma.<\/strong><\/p>\n\n\n\n<p>Assim, ele \u00e9 capaz de compreender e responder perguntas, gerar textos a partir de t\u00f3picos espec\u00edficos, tradu\u00e7\u00e3o e outras tarefas relacionadas \u00e0 linguagem natural.<\/p>\n\n\n\n<p>Esse app de intelig\u00eancia artificial pode ser usado para aplica\u00e7\u00f5es como chatbots, assistentes virtuais e gera\u00e7\u00e3o autom\u00e1tica de conte\u00fados.<\/p>\n\n\n\n<p><strong>Confira as principais funcionalidades do ChatGPT:<\/strong><\/p>\n\n\n\n<div class=\"wp-block-buttons is-layout-flex wp-block-buttons-is-layout-flex\">\n<div class=\"wp-block-button\"><a class=\"wp-block-button__link wp-element-button\" href=\"https:\/\/herospark.com\/blog\/chat-gpt\/\" target=\"_blank\" rel=\"noreferrer noopener\">Guia sobre o ChatGPT \u2197<\/a><\/div>\n<\/div>\n\n\n\n<h3 class=\"wp-block-heading\">2. Midjourney<\/h3>\n\n\n\n<p>O Midjourney \u00e9 uma ferramenta inovadora que utiliza a intelig\u00eancia artificial para<strong> transformar comandos de texto em imagens diversas<\/strong>. Ou seja, ele funciona interpretando o texto escrito e gerando uma imagem correspondente.&nbsp;<\/p>\n\n\n\n<p>Dessa forma, com esse app de intelig\u00eancia artificial, \u00e9 poss\u00edvel criar ilustra\u00e7\u00f5es a partir de descri\u00e7\u00f5es, assim como editar a imagem criada, similar ao que a ferramenta DALL-E 2, da OpenAI, oferece.&nbsp;<\/p>\n\n\n\n<p><strong>Aprenda a gerar imagens incr\u00edveis com o Midjourney:<\/strong><\/p>\n\n\n\n<div class=\"wp-block-buttons is-layout-flex wp-block-buttons-is-layout-flex\">\n<div class=\"wp-block-button\"><a class=\"wp-block-button__link wp-element-button\" href=\"https:\/\/herospark.com\/blog\/midjourney\/\" target=\"_blank\" rel=\"noreferrer noopener\">Produza imagens com o Midjourney \u2197<\/a><\/div>\n<\/div>\n\n\n\n<h2 class=\"wp-block-heading\">3. Hero Creator<\/h2>\n\n\n\n<p>O Hero Creator \u00e9 ideal para <strong>criar o seu infoproduto em poucos minutos <\/strong>de acordo com sua necessidade. Para isso, basta apenas escolher qual tipo de infoproduto voc\u00ea deseja vender e qual a transforma\u00e7\u00e3o que o produto causa.<\/p>\n\n\n\n<p>Depois, <strong>a intelig\u00eancia artificial entrega todo o planejamento do seu curso online, ebook ou mentoria<\/strong>. \u00c9 de gra\u00e7a e super f\u00e1cil de usar.<\/p>\n\n\n\n<p><strong>Teste o Hero Creator gratuitamente:<\/strong><\/p>\n\n\n\n<div class=\"wp-block-buttons is-layout-flex wp-block-buttons-is-layout-flex\">\n<div class=\"wp-block-button\"><a class=\"wp-block-button__link wp-element-button\" href=\"https:\/\/herospark.com\/academia\/herocreator\" target=\"_blank\" rel=\"noreferrer noopener\">Aproveite o Hero Creator \u2197<\/a><\/div>\n<\/div>\n\n\n\n<h3 class=\"wp-block-heading\">4. Funcionalidade do Canva&nbsp;<\/h3>\n\n\n\n<p>A funcionalidade de texto do Canva \u00e9 uma ferramenta IA poderosa, que permite <strong>gerar textos para conte\u00fados automaticamente.&nbsp;<\/strong><\/p>\n\n\n\n<p>Com ela, \u00e9 poss\u00edvel adicionar e editar textos em suas cria\u00e7\u00f5es, incluindo t\u00edtulos, subt\u00edtulos e corpo de texto.<\/p>\n\n\n\n<p><strong>Aprenda como criar seu e-book no Canva:<\/strong><\/p>\n\n\n\n<div class=\"wp-block-buttons is-layout-flex wp-block-buttons-is-layout-flex\">\n<div class=\"wp-block-button\"><a class=\"wp-block-button__link wp-element-button\" href=\"https:\/\/herospark.com\/blog\/como-fazer-um-ebook-no-canva\/\" target=\"_blank\" rel=\"noreferrer noopener\">Como fazer um e-book em poucos passos \u2197<\/a><\/div>\n<\/div>\n\n\n\n<h3 class=\"wp-block-heading\">5. App de intelig\u00eancia artificial &#8211; Lensa<\/h3>\n\n\n\n<p>O app de intelig\u00eancia artificial Lensa oferece a gera\u00e7\u00e3o de imagens \u00fanicas e exclusivas.&nbsp;<\/p>\n\n\n\n<p>Ele ficou famoso no Instagram pela cria\u00e7\u00e3o dos avatares de pessoas, utilizando apenas as suas fotos como refer\u00eancia.<\/p>\n\n\n\n<p>Assim, a plataforma da Lensa cria imagens realistas e muito detalhadas, de acordo com o desejo do usu\u00e1rio.<\/p>\n\n\n\n<p>E a\u00ed, gostou do conte\u00fado? Se voc\u00ea estiver interessado em saber mais sobre o que significa intelig\u00eancia artificial, o nosso guia sobre Chat GPT pode ser perfeito para voc\u00ea!&nbsp;<\/p>\n\n\n\n<p>Nesse guia, voc\u00ea encontrar\u00e1 informa\u00e7\u00f5es detalhadas sobre o que \u00e9 o Chat GPT, como ele funciona e como voc\u00ea pode us\u00e1-lo para aprimorar sua experi\u00eancia de comunica\u00e7\u00e3o.&nbsp;<\/p>\n\n\n\n<p>N\u00e3o perca mais tempo! <a href=\"https:\/\/contents.herospark.com\/guia-chat-gpt\">Baixe gratuitamente o Guia Definitivo de Chat GPT<\/a> da HeroSpark e descubra como esse <strong>app de intelig\u00eancia artificial<\/strong><strong> pode ajud\u00e1-lo a escalar seus resultados.<\/strong><\/p>\n","protected":false},"excerpt":{"rendered":"J&aacute; ouviu falar em app de intelig&ecirc;ncia artificial? Eles est&atilde;o se tornando cada vez mais populares no mundo. Desde assistentes virtuais at&eacute; sistemas de reconhecimento de imagem, esses aplicativos est&atilde;o&hellip;\n","protected":false},"author":63,"featured_media":0,"parent":0,"menu_order":0,"comment_status":"closed","ping_status":"closed","template":"","meta":{"content-type":"","_uag_custom_page_level_css":"","footnotes":""},"yst_prominent_words":[1903,2294],"class_list":["post-11312","page","type-page","status-publish"],"acf":[],"uagb_featured_image_src":{"full":false,"thumbnail":false,"medium":false,"medium_large":false,"large":false,"1536x1536":false,"2048x2048":false,"pk-small":false,"pk-thumbnail":false,"cs-small":false,"cs-intermediate":false,"cs-thumbnail":false,"cs-thumbnail-uncropped":false,"cs-medium":false,"cs-large":false,"web-stories-poster-portrait":false,"web-stories-publisher-logo":false,"web-stories-thumbnail":false},"uagb_author_info":{"display_name":"Nilson Filatieri","author_link":"https:\/\/herospark.com\/blog\/author\/nilson\/"},"uagb_comment_info":0,"uagb_excerpt":"J&aacute; ouviu falar em app de intelig&ecirc;ncia artificial? Eles est&atilde;o se tornando cada vez mais populares no mundo. Desde assistentes virtuais at&eacute; sistemas de reconhecimento de imagem, esses aplicativos est&atilde;o&hellip;","yoast_head":"<!-- This site is optimized with the Yoast SEO Premium plugin v14.3 - https:\/\/yoast.com\/wordpress\/plugins\/seo\/ -->\n<title>5 app de intelig\u00eancia artificial que est\u00e3o em ALTA - 2023 | HeroSpark Blog<\/title>\n<meta name=\"description\" content=\"4 apps de intelig\u00eancia artificial: Chat GPT; Midjourney; Funcionalidade do Canva; Lensa.\" \/>\n<meta name=\"robots\" content=\"index, follow\" \/>\n<meta name=\"googlebot\" content=\"index, follow, max-snippet:-1, max-image-preview:large, max-video-preview:-1\" \/>\n<meta name=\"bingbot\" content=\"index, follow, max-snippet:-1, max-image-preview:large, max-video-preview:-1\" \/>\n<link rel=\"canonical\" href=\"https:\/\/herospark.com\/blog\/app-de-inteligencia-artificial\/\" \/>\n<meta property=\"og:locale\" content=\"pt_BR\" \/>\n<meta property=\"og:type\" content=\"article\" \/>\n<meta property=\"og:title\" content=\"5 app de intelig\u00eancia artificial que est\u00e3o em ALTA - 2023 | HeroSpark Blog\" \/>\n<meta property=\"og:description\" content=\"4 apps de intelig\u00eancia artificial: Chat GPT; Midjourney; Funcionalidade do Canva; Lensa.\" \/>\n<meta property=\"og:url\" content=\"https:\/\/herospark.com\/blog\/app-de-inteligencia-artificial\/\" \/>\n<meta property=\"og:site_name\" content=\"HeroSpark Blog\" \/>\n<meta property=\"article:modified_time\" content=\"2025-04-23T12:05:12+00:00\" \/>\n<meta property=\"og:image\" content=\"https:\/\/herospark.com\/blog\/wp-content\/uploads\/sites\/6\/2023\/05\/Banner-Blog-768x402-1.jpg\" \/>\n<meta name=\"twitter:card\" content=\"summary_large_image\" \/>\n<!-- \/ Yoast SEO Premium plugin. -->","amp_enabled":true,"_links":{"self":[{"href":"https:\/\/herospark.com\/blog\/wp-json\/wp\/v2\/pages\/11312","targetHints":{"allow":["GET"]}}],"collection":[{"href":"https:\/\/herospark.com\/blog\/wp-json\/wp\/v2\/pages"}],"about":[{"href":"https:\/\/herospark.com\/blog\/wp-json\/wp\/v2\/types\/page"}],"author":[{"embeddable":true,"href":"https:\/\/herospark.com\/blog\/wp-json\/wp\/v2\/users\/63"}],"replies":[{"embeddable":true,"href":"https:\/\/herospark.com\/blog\/wp-json\/wp\/v2\/comments?post=11312"}],"version-history":[{"count":0,"href":"https:\/\/herospark.com\/blog\/wp-json\/wp\/v2\/pages\/11312\/revisions"}],"wp:attachment":[{"href":"https:\/\/herospark.com\/blog\/wp-json\/wp\/v2\/media?parent=11312"}],"wp:term":[{"taxonomy":"yst_prominent_words","embeddable":true,"href":"https:\/\/herospark.com\/blog\/wp-json\/wp\/v2\/yst_prominent_words?post=11312"}],"curies":[{"name":"wp","href":"https:\/\/api.w.org\/{rel}","templated":true}]}}