{"id":11381,"date":"2023-02-11T09:39:09","date_gmt":"2023-02-11T12:39:09","guid":{"rendered":"https:\/\/herospark.com\/blog\/?page_id=11381"},"modified":"2025-04-23T09:05:13","modified_gmt":"2025-04-23T12:05:13","slug":"aula-ao-vivo","status":"publish","type":"page","link":"https:\/\/herospark.com\/blog\/aula-ao-vivo\/","title":{"rendered":"Aula ao vivo: o que \u00e9 e como fazer? [GUIA COMPLETO]"},"content":{"rendered":"\n<p>A <strong>flexibilidade <\/strong>da aula ao vivo oferece atrativos para os alunos, mas tamb\u00e9m \u00e9 um \u00f3timo investimento para quem quer transformar conhecimentos e habilidades em uma renda.<\/p>\n\n\n\n<p>Por isso, preparamos este guia com tudo o que voc\u00ea precisa saber para criar um curso online, seja com aulas online gravadas ou aulas ao vivo. Confira!<\/p>\n\n\n\n<div class=\"rock-convert-banner\"><a href=\"https:\/\/app.herospark.com\/sign-up?utm_medium=rock-convert&utm_source=blog-herospark&utm_campaign=top-banner-ai\" target=\"_blank\" class=\"rock-convert-cta-link\" data-cta-id=\"12508\" data-cta-title=\"Top banner - Signup AI\"><img fetchpriority=\"high\" decoding=\"async\" width=\"768\" height=\"402\" src=\"data:image\/png;base64,iVBORw0KGgoAAAANSUhEUgAAAwAAAAGSAQMAAABufjSsAAAAA1BMVEUAAP+KeNJXAAAAAXRSTlMAQObYZgAAAAlwSFlzAAAOxAAADsQBlSsOGwAAAD1JREFUeNrtwYEAAAAAw6D5Ux\/hAlUBAAAAAAAAAAAAAAAAAAAAAAAAAAAAAAAAAAAAAAAAAAAAAAAAAN8AmFIAAYnLrqgAAAAASUVORK5CYII=\" class=\"attachment-full size-full pk-lazyload\" alt=\"banner_blog_AI\" title=\"Top banner - Signup AI\" data-pk-sizes=\"auto\" data-ls-sizes=\"(max-width: 768px) 100vw, 768px\" data-pk-src=\"https:\/\/herospark.com\/blog\/wp-content\/uploads\/sites\/6\/2023\/06\/banner_blog_AI.jpg\" data-pk-srcset=\"https:\/\/herospark.com\/blog\/wp-content\/uploads\/sites\/6\/2023\/06\/banner_blog_AI.jpg 768w, https:\/\/herospark.com\/blog\/wp-content\/uploads\/sites\/6\/2023\/06\/banner_blog_AI-300x157.jpg 300w, https:\/\/herospark.com\/blog\/wp-content\/uploads\/sites\/6\/2023\/06\/banner_blog_AI-390x204.jpg 390w, https:\/\/herospark.com\/blog\/wp-content\/uploads\/sites\/6\/2023\/06\/banner_blog_AI-150x79.jpg 150w\" \/><\/a><\/div>\n\n\n\n<h2 class=\"wp-block-heading\">O que \u00e9 uma aula ao vivo?<\/h2>\n\n\n\n<p>Uma aula ao vivo \u00e9 uma <strong>transmiss\u00e3o simult\u00e2nea para os alunos em uma videoconfer\u00eancia<\/strong>. Ela acontece com frequ\u00eancia e hor\u00e1rio pr\u00e9-determinados, semelhante ao formato de uma aula presencial.&nbsp;<\/p>\n\n\n\n<h3 class=\"wp-block-heading\">Qual a diferen\u00e7a entre aula ao vivo e online?<\/h3>\n\n\n\n<p>Existem diferen\u00e7as b\u00e1sicas quando falamos sobre aula ao vivo e online. A primeira acontece em tempo real com uma chamada transmitida em hor\u00e1rio marcado, podendo ficar gravada e dispon\u00edvel para os alunos ou n\u00e3o.<\/p>\n\n\n\n<p>J\u00e1 uma aula online \u00e9 gravada, o que a torna mais flex\u00edvel com rela\u00e7\u00e3o ao hor\u00e1rio de disponibilidade para os alunos.&nbsp;<\/p>\n\n\n\n<p><strong>Confira o passo a passo para construir uma aula online:<\/strong><\/p>\n\n\n\n<div class=\"wp-block-buttons is-layout-flex wp-block-buttons-is-layout-flex\">\n<div class=\"wp-block-button\"><a class=\"wp-block-button__link wp-element-button\" href=\"https:\/\/herospark.com\/blog\/cursos-online\/\" target=\"_blank\" rel=\"noreferrer noopener\">Como criar um neg\u00f3cio de cursos online de sucesso? \u2197 <\/a><\/div>\n<\/div>\n\n\n\n<div class=\"rock-convert-banner\"><a href=\"https:\/\/app.herospark.com\/sign-up?utm_medium=rock-convert&utm_source=blog-herospark&utm_campaign=end-banner-signup\" target=\"_blank\" class=\"rock-convert-cta-link\" data-cta-id=\"12502\" data-cta-title=\"End banner - Signup\"><img decoding=\"async\" width=\"768\" height=\"402\" src=\"data:image\/png;base64,iVBORw0KGgoAAAANSUhEUgAAAwAAAAGSAQMAAABufjSsAAAAA1BMVEUAAP+KeNJXAAAAAXRSTlMAQObYZgAAAAlwSFlzAAAOxAAADsQBlSsOGwAAAD1JREFUeNrtwYEAAAAAw6D5Ux\/hAlUBAAAAAAAAAAAAAAAAAAAAAAAAAAAAAAAAAAAAAAAAAAAAAAAAAN8AmFIAAYnLrqgAAAAASUVORK5CYII=\" class=\"attachment-full size-full pk-lazyload\" alt=\"Banner_blog_herospark\" title=\"End banner - Signup\" data-pk-sizes=\"auto\" data-ls-sizes=\"(max-width: 768px) 100vw, 768px\" data-pk-src=\"https:\/\/herospark.com\/blog\/wp-content\/uploads\/sites\/6\/2023\/06\/Banner_blog_herospark.jpg\" data-pk-srcset=\"https:\/\/herospark.com\/blog\/wp-content\/uploads\/sites\/6\/2023\/06\/Banner_blog_herospark.jpg 768w, https:\/\/herospark.com\/blog\/wp-content\/uploads\/sites\/6\/2023\/06\/Banner_blog_herospark-300x157.jpg 300w, https:\/\/herospark.com\/blog\/wp-content\/uploads\/sites\/6\/2023\/06\/Banner_blog_herospark-390x204.jpg 390w, https:\/\/herospark.com\/blog\/wp-content\/uploads\/sites\/6\/2023\/06\/Banner_blog_herospark-150x79.jpg 150w\" \/><\/a><\/div>\n\n\n\n<h2 class=\"wp-block-heading\">Qual a melhor plataforma para aula ao vivo?<\/h2>\n\n\n\n<p>Na hora de escolher a plataforma para dar aulas ao vivo, \u00e9 importante levar em considera\u00e7\u00e3o os recursos que ela disponibiliza para hospedagem, venda e divulga\u00e7\u00e3o.<\/p>\n\n\n\n<p>A plataforma mais completa para isso \u00e9 a<strong> HeroSpark<\/strong>, que re\u00fane em um s\u00f3 lugar solu\u00e7\u00f5es como:<\/p>\n\n\n\n<ul class=\"wp-block-list\">\n<li>Funil de vendas automatizado;<\/li>\n\n\n\n<li>Ferramenta gratuita para constru\u00e7\u00e3o de p\u00e1ginas;<\/li>\n\n\n\n<li>Sistema de pagamento integrado;<\/li>\n\n\n\n<li>Suporte direto na plataforma;<\/li>\n\n\n\n<li>Disparo ilimitado de e-mail marketing.<\/li>\n<\/ul>\n\n\n\n<p><strong>Descubra mais op\u00e7\u00f5es de plataformas para aulas ao vivo:<\/strong><\/p>\n\n\n\n<div class=\"wp-block-buttons is-layout-flex wp-block-buttons-is-layout-flex\">\n<div class=\"wp-block-button\"><a class=\"wp-block-button__link wp-element-button\" href=\"https:\/\/herospark.com\/blog\/melhores-plataformas-para-dar-aula-online\/\" target=\"_blank\" rel=\"noreferrer noopener\">5 melhores plataformas para dar aula online \u2197 <\/a><\/div>\n\n\n\n<div class=\"wp-block-button\"><a class=\"wp-block-button__link wp-element-button\" href=\"https:\/\/herospark.com\/blog\/plataforma-ead\/\" target=\"_blank\" rel=\"noreferrer noopener\">Plataforma EAD: descubra qual \u00e9 a op\u00e7\u00e3o perfeita  \u2197<\/a><\/div>\n<\/div>\n\n\n\n<h2 class=\"wp-block-heading\">Como fazer uma aula ao vivo?<\/h2>\n\n\n\n<p>Para come\u00e7ar a criar suas aulas ao vivo, \u00e9 importante levar algumas dicas em considera\u00e7\u00e3o, como, por exemplo:<\/p>\n\n\n\n<ul class=\"wp-block-list\">\n<li>Estude o seu p\u00fablico-alvo;<\/li>\n\n\n\n<li>Fa\u00e7a um planejamento;<\/li>\n\n\n\n<li>Re\u00fana os equipamentos necess\u00e1rio para a transmiss\u00e3o;<\/li>\n\n\n\n<li>Escolha um cen\u00e1rio.<\/li>\n<\/ul>\n\n\n\n<p><strong>Veja outras dicas e recursos para fazer suas aulas ao vivo:<\/strong><\/p>\n\n\n\n<div class=\"wp-block-buttons is-layout-flex wp-block-buttons-is-layout-flex\">\n<div class=\"wp-block-button\"><a class=\"wp-block-button__link wp-element-button\" href=\"https:\/\/herospark.com\/blog\/webinar-ao-vivo\/\" target=\"_blank\" rel=\"noreferrer noopener\">Como criar um webinar ao vivo de sucesso? \u2197<\/a><\/div>\n\n\n\n<div class=\"wp-block-button\"><a class=\"wp-block-button__link wp-element-button\" href=\"\" target=\"_blank\" rel=\"noreferrer noopener\">OBS Studio: como usar no seu neg\u00f3cio digital? \u2197<\/a><\/div>\n\n\n\n<div class=\"wp-block-button\"><a class=\"wp-block-button__link wp-element-button\" href=\"https:\/\/herospark.com\/blog\/aula-em-video\/\" target=\"_blank\" rel=\"noreferrer noopener\">Aula em v\u00eddeo: como se apresentar e produzir uma? \u2197<\/a><\/div>\n\n\n\n<div class=\"wp-block-button\"><a class=\"wp-block-button__link wp-element-button\" href=\"https:\/\/herospark.com\/blog\/teleprompter-para-celular\/\" target=\"_blank\" rel=\"noreferrer noopener\">Teleprompter para celular, descubra! \u2197<\/a><\/div>\n<\/div>\n\n\n\n<h3 class=\"wp-block-heading\">Como dar uma aula passo a passo?<\/h3>\n\n\n\n<p>O passo a passo da sua aula online vai depender do tipo de aula que voc\u00ea deseja criar, dos recursos dispon\u00edveis e dos assuntos a serem abordados.<\/p>\n\n\n\n<p>Mas, no geral, o planejamento para a constru\u00e7\u00e3o de uma aula online envolve:<\/p>\n\n\n\n<ul class=\"wp-block-list\">\n<li>Defini\u00e7\u00e3o do formato das aulas;<\/li>\n\n\n\n<li>Cria\u00e7\u00e3o de roteiro e plano para cada aula;<\/li>\n\n\n\n<li>Produ\u00e7\u00e3o de conte\u00fado para apresenta\u00e7\u00e3o.<\/li>\n<\/ul>\n\n\n\n<p><strong>Conhe\u00e7a mais dicas para dar aulas online incr\u00edveis:<\/strong><\/p>\n\n\n\n<div class=\"wp-block-buttons is-layout-flex wp-block-buttons-is-layout-flex\">\n<div class=\"wp-block-button\"><a class=\"wp-block-button__link wp-element-button\" href=\"https:\/\/herospark.com\/blog\/como-dar-aula-de-ingles\/\" target=\"_blank\" rel=\"noreferrer noopener\">Aula de ingl\u00eas online  \u2197<\/a><\/div>\n\n\n\n<div class=\"wp-block-button\"><a class=\"wp-block-button__link wp-element-button\" href=\"\" target=\"_blank\" rel=\"noreferrer noopener\">Como dar aulas particulares?\u2197<\/a><\/div>\n\n\n\n<div class=\"wp-block-button\"><a class=\"wp-block-button__link wp-element-button\" href=\"https:\/\/herospark.com\/blog\/como-comecar-a-dar-aulas-particulares\/\" target=\"_blank\" rel=\"noreferrer noopener\">Como come\u00e7ar a dar aulas particulares? \u2197<\/a><\/div>\n\n\n\n<div class=\"wp-block-button\"><a class=\"wp-block-button__link wp-element-button\" href=\"https:\/\/herospark.com\/blog\/exemplo-de-roteiro-de-videoaula\/\" target=\"_blank\" rel=\"noreferrer noopener\">Exemplos prontos de roteiro de videoaula \u2197<\/a><\/div>\n<\/div>\n\n\n\n<h3 class=\"wp-block-heading\">Como montar um plano de aula?<\/h3>\n\n\n\n<p>Como j\u00e1 comentamos, o primeiro passo para uma aula ao vivo (ou gravada) de sucesso \u00e9 o planejamento, e isso envolve a cria\u00e7\u00e3o de um plano de aula.<\/p>\n\n\n\n<p>Nesse sentido, para criar um plano de aula, \u00e9 necess\u00e1rio definir o tema, os objetivos e os crit\u00e9rios de avalia\u00e7\u00e3o.&nbsp;<\/p>\n\n\n\n<p><strong>Aprenda como fazer um plano para aula online:<\/strong><\/p>\n\n\n\n<div class=\"wp-block-buttons is-layout-flex wp-block-buttons-is-layout-flex\">\n<div class=\"wp-block-button\"><a class=\"wp-block-button__link wp-element-button\" href=\"https:\/\/herospark.com\/blog\/planejamento-de-curso-online\/\" target=\"_blank\" rel=\"noreferrer noopener\">Checklist de curso online  \u2197<\/a><\/div>\n\n\n\n<div class=\"wp-block-button\"><a class=\"wp-block-button__link wp-element-button\" href=\"https:\/\/herospark.com\/blog\/como-fazer-um-plano-de-aula\/\" target=\"_blank\" rel=\"noreferrer noopener\">Modelo pronto de plano de aula \u2197<\/a><\/div>\n\n\n\n<div class=\"wp-block-button\"><a class=\"wp-block-button__link wp-element-button\" href=\"https:\/\/herospark.com\/blog\/plano-de-aula-ead-pronto\/\" target=\"_blank\" rel=\"noreferrer noopener\">Curso livre: plano de aula EAD pronto e como fazer \u2197<\/a><\/div>\n\n\n\n<div class=\"wp-block-button\"><a class=\"wp-block-button__link wp-element-button\" href=\"https:\/\/herospark.com\/blog\/plano-de-aula\/\" target=\"_blank\" rel=\"noreferrer noopener\">Como fazer um plano de aula para um curso online? \u2197<\/a><\/div>\n<\/div>\n\n\n\n<h3 class=\"wp-block-heading\">Como gravar videoaulas?<\/h3>\n\n\n\n<p>As aulas ao vivo podem ser gravadas, mas, para isso, \u00e9 necess\u00e1rio escolher um aplicativo ou plataforma que possua esse recurso.&nbsp;<\/p>\n\n\n\n<p>Vale dizer que uma vantagem de deixar a aula gravada para que os alunos possam ver depois \u00e9 o valor que isso acrescenta ao seu neg\u00f3cio, aumentando seu alcance de p\u00fablico.&nbsp;<\/p>\n\n\n\n<p><strong>Saiba mais sobre as melhores plataformas para gravar aula online:<\/strong><\/p>\n\n\n\n<div class=\"wp-block-buttons is-layout-flex wp-block-buttons-is-layout-flex\">\n<div class=\"wp-block-button\"><a class=\"wp-block-button__link wp-element-button\" href=\"https:\/\/herospark.com\/blog\/como-gravar-aula-no-google-meet\/\" target=\"_blank\" rel=\"noreferrer noopener\">Como gravar aula no Google Meet? \u2197<\/a><\/div>\n\n\n\n<div class=\"wp-block-button\"><a class=\"wp-block-button__link wp-element-button\" href=\"https:\/\/herospark.com\/blog\/como-gravar-aula-no-zoom\/\" target=\"_blank\" rel=\"noreferrer noopener\">Como gravar aula no Zoom: passo a passo  \u2197<\/a><\/div>\n\n\n\n<div class=\"wp-block-button\"><a class=\"wp-block-button__link wp-element-button\" href=\"https:\/\/herospark.com\/blog\/aplicativos-para-gravar-videoaula\/\" target=\"_blank\" rel=\"noreferrer noopener\">4 aplicativos para gravar videoaula de curso online \u2197<\/a><\/div>\n\n\n\n<div class=\"wp-block-button\"><a class=\"wp-block-button__link wp-element-button\" href=\"https:\/\/herospark.com\/blog\/videos-caseiros\/\" target=\"_blank\" rel=\"noreferrer noopener\">4 dicas para gravar v\u00eddeos caseiros com qualidade profissional \u2197<\/a><\/div>\n<\/div>\n\n\n\n<h3 class=\"wp-block-heading\">Como divulgar e vender minhas aulas ao vivo?<\/h3>\n\n\n\n<p>Para come\u00e7ar a divulga\u00e7\u00e3o de aulas ao vivo e garantir o sucesso de vendas, voc\u00ea pode utilizar uma <strong>estrat\u00e9gia de marketing digital<\/strong>, que inclui recursos como:<\/p>\n\n\n\n<ul class=\"wp-block-list\">\n<li>Cria\u00e7\u00e3o de uma landing page;<\/li>\n\n\n\n<li>Disparo de e-mail marketing para base de contatos;<\/li>\n\n\n\n<li>Investimento em tr\u00e1fego pago;<\/li>\n\n\n\n<li>Conte\u00fado direcionado nas redes sociais.&nbsp;<\/li>\n<\/ul>\n\n\n\n<p><strong>Confira os guias e descubra o segredo para alavancar as vendas de aulas ao vivo!<\/strong><\/p>\n\n\n\n<div class=\"wp-block-buttons is-layout-flex wp-block-buttons-is-layout-flex\">\n<div class=\"wp-block-button\"><a class=\"wp-block-button__link wp-element-button\" href=\"https:\/\/herospark.com\/blog\/vender-curso-online\/\" target=\"_blank\" rel=\"noreferrer noopener\">10 dicas para atrair alunos \u2197<\/a><\/div>\n\n\n\n<div class=\"wp-block-button\"><a class=\"wp-block-button__link wp-element-button\" href=\"https:\/\/herospark.com\/blog\/venda-de-cursos-online\/\" target=\"_blank\" rel=\"noreferrer noopener\">Venda de cursos online: o guia completo \u2197<\/a><\/div>\n\n\n\n<div class=\"wp-block-button\"><a class=\"wp-block-button__link wp-element-button\" href=\"https:\/\/herospark.com\/blog\/como-vender-cursos-online\/\" target=\"_blank\" rel=\"noreferrer noopener\">Marketing digital f\u00e1cil: como vender cursos online? \u2197<\/a><\/div>\n<\/div>\n\n\n\n<h2 class=\"wp-block-heading\">Perguntas frequentes<\/h2>\n\n\n\n<h3 class=\"wp-block-heading\">\u00c9 poss\u00edvel fazer cursos online pelo celular?<\/h3>\n\n\n\n<p>Sim, existem aplicativos e plataformas que permitem a grava\u00e7\u00e3o e transmiss\u00e3o das aulas online pelo celular. Inclusive, os alunos tamb\u00e9m podem assistir por meio deles.<\/p>\n\n\n\n<p><strong>Veja como \u00e9 poss\u00edvel gravar aula online utilizando o celular:<\/strong><\/p>\n\n\n\n<div class=\"wp-block-buttons is-layout-flex wp-block-buttons-is-layout-flex\">\n<div class=\"wp-block-button\"><a class=\"wp-block-button__link wp-element-button\" href=\"https:\/\/herospark.com\/blog\/filmar-com-celular\/\" target=\"_blank\" rel=\"noreferrer noopener\">11 dicas para fazer v\u00eddeos perfeitos em 2023! \u2197<\/a><\/div>\n\n\n\n<div class=\"wp-block-button\"><a class=\"wp-block-button__link wp-element-button\" href=\"https:\/\/herospark.com\/blog\/curso-em-video\/\" target=\"_blank\" rel=\"noreferrer noopener\">Curso em v\u00eddeo: por que criar e como produzir? \u2197<\/a><\/div>\n\n\n\n<div class=\"wp-block-button\"><a class=\"wp-block-button__link wp-element-button\" href=\"https:\/\/herospark.com\/blog\/como-gravar-video-no-celular-samsung\/\" target=\"_blank\" rel=\"noreferrer noopener\">Miniguia de como gravar v\u00eddeo no celular Samsung \u2197<\/a><\/div>\n<\/div>\n\n\n\n<h3 class=\"wp-block-heading\">Qual a vantagem de dar aulas ao vivo?<\/h3>\n\n\n\n<p>Existem muitas vantagens de dar aulas ao vivo. Uma delas \u00e9 que voc\u00ea pode come\u00e7ar a vender o curso online antes de gravar as aulas.&nbsp;<\/p>\n\n\n\n<p>Al\u00e9m disso, o conte\u00fado gravado pode vir do ao vivo mesmo. Ent\u00e3o fica mais r\u00e1pido o processo e voc\u00ea n\u00e3o precisa se preocupar tanto com o conte\u00fado.<\/p>\n\n\n\n<div class=\"rock-convert-banner\"><a href=\"https:\/\/herospark.com\/academia\/herocreator\/?utm_medium=rock-convert&utm_source=blog-herospark&utm_campaign=blog-herospark-mid-banner\" target=\"_blank\" class=\"rock-convert-cta-link\" data-cta-id=\"9541\" data-cta-title=\"Mid banner - HeroCreator\"><img decoding=\"async\" width=\"1024\" height=\"536\" src=\"data:image\/png;base64,iVBORw0KGgoAAAANSUhEUgAABAAAAAIYAQMAAADJhgwMAAAAA1BMVEUAAP+KeNJXAAAAAXRSTlMAQObYZgAAAAlwSFlzAAAOxAAADsQBlSsOGwAAAFlJREFUeNrtwQEBAAAAgiD\/r25IQAEAAAAAAAAAAAAAAAAAAAAAAAAAAAAAAAAAAAAAAAAAAAAAAAAAAAAAAAAAAAAAAAAAAAAAAAAAAAAAAAAAAAAAAADvBg4nAAH4z94XAAAAAElFTkSuQmCC\" class=\"attachment-full size-full pk-lazyload\" alt=\"copy com chat gpt , herocreator\" title=\"Mid banner - HeroCreator\" data-pk-sizes=\"auto\" data-ls-sizes=\"(max-width: 1024px) 100vw, 1024px\" data-pk-src=\"https:\/\/herospark.com\/blog\/wp-content\/uploads\/sites\/6\/2022\/10\/Banner-Blog.jpg\" data-pk-srcset=\"https:\/\/herospark.com\/blog\/wp-content\/uploads\/sites\/6\/2022\/10\/Banner-Blog.jpg 1024w, https:\/\/herospark.com\/blog\/wp-content\/uploads\/sites\/6\/2022\/10\/Banner-Blog-300x157.jpg 300w, https:\/\/herospark.com\/blog\/wp-content\/uploads\/sites\/6\/2022\/10\/Banner-Blog-768x402.jpg 768w, https:\/\/herospark.com\/blog\/wp-content\/uploads\/sites\/6\/2022\/10\/Banner-Blog-390x204.jpg 390w, https:\/\/herospark.com\/blog\/wp-content\/uploads\/sites\/6\/2022\/10\/Banner-Blog-820x429.jpg 820w, https:\/\/herospark.com\/blog\/wp-content\/uploads\/sites\/6\/2022\/10\/Banner-Blog-150x79.jpg 150w\" \/><\/a><\/div>\n\n\n\n<h3 class=\"wp-block-heading\">Como acessar aulas ao vivo?<\/h3>\n\n\n\n<p>A forma como voc\u00ea e seus alunos v\u00e3o acessar as aulas ao vivo vai depender muito da plataforma que voc\u00ea escolher.<\/p>\n\n\n\n<p>Na HeroSpark, por exemplo, os usu\u00e1rios t\u00eam acesso simplificado e podem assistir \u00e0s aulas pelo smartphone ou TV, com uma <strong>experi\u00eancia semelhante aos streamings de v\u00eddeos<\/strong>.<\/p>\n\n\n\n<p>E al\u00e9m de realizar aulas ao vivo, com a Hero tamb\u00e9m \u00e9 poss\u00edvel disponibilizar a grava\u00e7\u00e3o dessas aulas para alunos que preferem assistir ou revisar posteriormente.&nbsp;<\/p>\n\n\n\n<p><strong>Veja como \u00e9 simples hospedar a sua aula na Hero:<\/strong><\/p>\n\n\n\n<div class=\"wp-block-buttons is-layout-flex wp-block-buttons-is-layout-flex\">\n<div class=\"wp-block-button\"><a class=\"wp-block-button__link wp-element-button\" href=\"https:\/\/herospark.com\/blog\/como-publicar-um-curso-online-na-herospark\/\" target=\"_blank\" rel=\"noreferrer noopener\">Domine os 5 passos para publicar na HeroSpark \u2197<\/a><\/div>\n<\/div>\n\n\n\n<p>Ent\u00e3o n\u00e3o espere mais! <a href=\"https:\/\/app.herospark.com\/sign-up\">Comece agora mesmo a criar suas aulas ao vivo com a HeroSpark<\/a>!<\/p>\n","protected":false},"excerpt":{"rendered":"A flexibilidade da aula ao vivo oferece atrativos para os alunos, mas tamb&eacute;m &eacute; um &oacute;timo investimento para quem quer transformar conhecimentos e habilidades em uma renda. Por isso, preparamos&hellip;\n","protected":false},"author":63,"featured_media":0,"parent":0,"menu_order":0,"comment_status":"closed","ping_status":"closed","template":"","meta":{"content-type":"","_uag_custom_page_level_css":"","footnotes":""},"yst_prominent_words":[456,1839,118,814,71,1970,67,516,497],"class_list":["post-11381","page","type-page","status-publish"],"acf":[],"uagb_featured_image_src":{"full":false,"thumbnail":false,"medium":false,"medium_large":false,"large":false,"1536x1536":false,"2048x2048":false,"pk-small":false,"pk-thumbnail":false,"cs-small":false,"cs-intermediate":false,"cs-thumbnail":false,"cs-thumbnail-uncropped":false,"cs-medium":false,"cs-large":false,"web-stories-poster-portrait":false,"web-stories-publisher-logo":false,"web-stories-thumbnail":false},"uagb_author_info":{"display_name":"Nilson Filatieri","author_link":"https:\/\/herospark.com\/blog\/author\/nilson\/"},"uagb_comment_info":0,"uagb_excerpt":"A flexibilidade da aula ao vivo oferece atrativos para os alunos, mas tamb&eacute;m &eacute; um &oacute;timo investimento para quem quer transformar conhecimentos e habilidades em uma renda. Por isso, preparamos&hellip;","yoast_head":"<!-- This site is optimized with the Yoast SEO Premium plugin v14.3 - https:\/\/yoast.com\/wordpress\/plugins\/seo\/ -->\n<title>Aula ao vivo: o que \u00e9 e como fazer? [GUIA COMPLETO]<\/title>\n<meta name=\"description\" content=\"Aula ao vivo: oferece atrativos para os alunos, mas tamb\u00e9m \u00e9 um \u00f3timo investimento para quem quer transformar conhecimentos e habilidades em uma renda.\" \/>\n<meta name=\"robots\" content=\"index, follow\" \/>\n<meta name=\"googlebot\" content=\"index, follow, max-snippet:-1, max-image-preview:large, max-video-preview:-1\" \/>\n<meta name=\"bingbot\" content=\"index, follow, max-snippet:-1, max-image-preview:large, max-video-preview:-1\" \/>\n<link rel=\"canonical\" href=\"https:\/\/herospark.com\/blog\/aula-ao-vivo\/\" \/>\n<meta property=\"og:locale\" content=\"pt_BR\" \/>\n<meta property=\"og:type\" content=\"article\" \/>\n<meta property=\"og:title\" content=\"Aula ao vivo: o que \u00e9 e como fazer? [GUIA COMPLETO]\" \/>\n<meta property=\"og:description\" content=\"Aula ao vivo: oferece atrativos para os alunos, mas tamb\u00e9m \u00e9 um \u00f3timo investimento para quem quer transformar conhecimentos e habilidades em uma renda.\" \/>\n<meta property=\"og:url\" content=\"https:\/\/herospark.com\/blog\/aula-ao-vivo\/\" \/>\n<meta property=\"og:site_name\" content=\"HeroSpark Blog\" \/>\n<meta property=\"article:modified_time\" content=\"2025-04-23T12:05:13+00:00\" \/>\n<meta name=\"twitter:card\" content=\"summary_large_image\" \/>\n<!-- \/ Yoast SEO Premium plugin. -->","amp_enabled":true,"_links":{"self":[{"href":"https:\/\/herospark.com\/blog\/wp-json\/wp\/v2\/pages\/11381","targetHints":{"allow":["GET"]}}],"collection":[{"href":"https:\/\/herospark.com\/blog\/wp-json\/wp\/v2\/pages"}],"about":[{"href":"https:\/\/herospark.com\/blog\/wp-json\/wp\/v2\/types\/page"}],"author":[{"embeddable":true,"href":"https:\/\/herospark.com\/blog\/wp-json\/wp\/v2\/users\/63"}],"replies":[{"embeddable":true,"href":"https:\/\/herospark.com\/blog\/wp-json\/wp\/v2\/comments?post=11381"}],"version-history":[{"count":0,"href":"https:\/\/herospark.com\/blog\/wp-json\/wp\/v2\/pages\/11381\/revisions"}],"wp:attachment":[{"href":"https:\/\/herospark.com\/blog\/wp-json\/wp\/v2\/media?parent=11381"}],"wp:term":[{"taxonomy":"yst_prominent_words","embeddable":true,"href":"https:\/\/herospark.com\/blog\/wp-json\/wp\/v2\/yst_prominent_words?post=11381"}],"curies":[{"name":"wp","href":"https:\/\/api.w.org\/{rel}","templated":true}]}}