{"id":11575,"date":"2023-03-14T13:34:04","date_gmt":"2023-03-14T16:34:04","guid":{"rendered":"https:\/\/herospark.com\/blog\/?page_id=11575"},"modified":"2025-04-23T09:05:13","modified_gmt":"2025-04-23T12:05:13","slug":"creator-digital","status":"publish","type":"page","link":"https:\/\/herospark.com\/blog\/creator-digital\/","title":{"rendered":"Creator digital: como se tornar um + os MELHORES conte\u00fados \u00fateis"},"content":{"rendered":"\n<p>Em alta h\u00e1 alguns anos no mercado, o creator digital \u00e9 um profissional que tende a continuar escalando devido \u00e0s in\u00fameras possibilidades do ambiente online.<\/p>\n\n\n\n<p>Por isso, investir nessa carreira pode ser uma boa op\u00e7\u00e3o para quem quer ter a liberdade de fazer o seu pr\u00f3prio hor\u00e1rio de trabalho e trabalhar de onde quiser.<\/p>\n\n\n\n<p>Mas ser\u00e1 que vale a pena se tornar um criador de conte\u00fado? Quais passos seguir para obter sucesso na carreira e se diferenciar em meio a tantos profissionais da \u00e1rea?<\/p>\n\n\n\n<p>A resposta para essas e outras perguntas voc\u00ea confere neste guia completo sobre creator digital. Boa leitura!<\/p>\n\n\n\n<h2 class=\"wp-block-heading\">Creators: o que \u00e9?<\/h2>\n\n\n\n<p>O termo creator, em tradu\u00e7\u00e3o literal, significa \u201ccriador\u201d. Ou seja, um creator digital \u00e9 o mesmo que um criador de conte\u00fado, <strong>profissional respons\u00e1vel por produzir conte\u00fados variados para a internet<\/strong>, seja em formato de texto, v\u00eddeo, imagem est\u00e1tica ou \u00e1udio.<\/p>\n\n\n\n<p>Conv\u00e9m destacar que a fun\u00e7\u00e3o do creator digital pode ser bastante diversificada, desde educar e ajudar um p\u00fablico a resolver um problema at\u00e9 simplesmente entret\u00ea-lo.&nbsp;&nbsp;<\/p>\n\n\n\n<h2 class=\"wp-block-heading\">Como ser um creator digital?<\/h2>\n\n\n\n<p>Se fez sentido para voc\u00ea a profiss\u00e3o de creator digital, principalmente com a intensifica\u00e7\u00e3o do uso da tecnologia no dia a dia da popula\u00e7\u00e3o e das empresas, ent\u00e3o talvez seja interessante conferir o passo a passo de como se tornar um!<\/p>\n\n\n\n<h3 class=\"wp-block-heading\">1. Defina um nicho<\/h3>\n\n\n\n<p>O primeiro passo \u00e9 definir um nicho de atua\u00e7\u00e3o. Isso \u00e9 importante para que voc\u00ea consiga focar em algo e se especializar para, ent\u00e3o, se tornar uma autoridade no assunto.&nbsp;<\/p>\n\n\n\n<p>Nesse sentido, \u00e9 importante escolher um nicho que voc\u00ea goste de estudar e, de prefer\u00eancia, que tenha uma boa demanda no mercado.&nbsp;<\/p>\n\n\n\n<p><strong>Descubra como definir o seu nicho:<\/strong><\/p>\n\n\n\n<div class=\"wp-block-buttons is-layout-flex wp-block-buttons-is-layout-flex\">\n<div class=\"wp-block-button\"><a class=\"wp-block-button__link wp-element-button\" href=\"https:\/\/herospark.com\/blog\/o-que-e-nicho\/\" target=\"_blank\" rel=\"noreferrer noopener\">O que \u00e9 nicho de mercado e como definir o seu?<\/a><\/div>\n<\/div>\n\n\n\n<h3 class=\"wp-block-heading\">2. Defina os formatos de conte\u00fado que vai produzir<\/h3>\n\n\n\n<p>Na sequ\u00eancia, defina qual formato voc\u00ea tem mais aptid\u00e3o, conhecimento e prazer em trabalhar. Escrita de textos? Grava\u00e7\u00e3o de v\u00eddeos? Grava\u00e7\u00e3o de \u00e1udios?<\/p>\n\n\n\n<p>Essa escolha vai nortear todo o restante da sua profiss\u00e3o, incluindo as plataformas e os canais que vai utilizar para expor o seu trabalho.&nbsp;<\/p>\n\n\n\n<h3 class=\"wp-block-heading\">3. Crie uma persona<\/h3>\n\n\n\n<p>A persona \u00e9 o perfil semific\u00edtcio das pessoas que ir\u00e3o consumir o seu conte\u00fado. Portanto, defini-la \u00e9 importante para direcionar a sua produ\u00e7\u00e3o e divulga\u00e7\u00e3o de forma mais assertiva.&nbsp;<\/p>\n\n\n\n<p><strong>Aprenda como criar a sua persona:<\/strong><\/p>\n\n\n\n<div class=\"wp-block-buttons is-layout-flex wp-block-buttons-is-layout-flex\">\n<div class=\"wp-block-button\"><a class=\"wp-block-button__link wp-element-button\" href=\"https:\/\/herospark.com\/blog\/persona\/\" target=\"_blank\" rel=\"noreferrer noopener\">Persona: o que \u00e9 e como criar para o seu neg\u00f3cio digital?<\/a><\/div>\n<\/div>\n\n\n\n<h3 class=\"wp-block-heading\">4. Crie um portf\u00f3lio<\/h3>\n\n\n\n<p>Se voc\u00ea optar por seguir uma carreira de freelancer, ser\u00e1 necess\u00e1rio criar um portf\u00f3lio online para mostrar aos seus poss\u00edveis clientes os trabalhos que voc\u00ea realizou. Dessa forma, \u00e9 poss\u00edvel alinhar as expectativas e fechar um bom neg\u00f3cio!&nbsp;<\/p>\n\n\n\n<p><strong>Confira dicas e exemplos para construir um bom portf\u00f3lio:<\/strong><\/p>\n\n\n\n<div class=\"wp-block-buttons is-layout-flex wp-block-buttons-is-layout-flex\">\n<div class=\"wp-block-button\"><a class=\"wp-block-button__link wp-element-button\" href=\"https:\/\/herospark.com\/blog\/portfolio-exemplo\/\" target=\"_blank\" rel=\"noreferrer noopener\">Portf\u00f3lio: exemplos e dicas para criar um material profissional<\/a><\/div>\n<\/div>\n\n\n\n<h3 class=\"wp-block-heading\">5. Divulgue o seu trabalho<\/h3>\n\n\n\n<p>Por \u00faltimo, mas n\u00e3o menos importante, \u00e9 essencial que voc\u00ea divulgue o seu trabalho e crie estrat\u00e9gias de marketing para alcan\u00e7ar o m\u00e1ximo de pessoas poss\u00edvel.&nbsp;<\/p>\n\n\n\n<p>Para isso, voc\u00ea pode usar landing page, e-mail marketing, redes sociais, tr\u00e1fego pago, entre outras estrat\u00e9gias.&nbsp;<\/p>\n\n\n\n<h2 class=\"wp-block-heading\">Qual a diferen\u00e7a entre creator e influencer?<\/h2>\n\n\n\n<p>O criador de conte\u00fado \u00e9 o profissional que produz conte\u00fados originais para terceiros, como empresas e influenciadores, ou para si mesmo, divulgando-os em suas pr\u00f3prias redes. Geralmente, s\u00e3o pessoas especialistas em determinado nicho\/tema.&nbsp;<\/p>\n\n\n\n<p>J\u00e1 os influenciadores digitais utilizam as redes sociais para influenciar as pessoas a partir da exposi\u00e7\u00e3o massiva do seu estilo de vida. Portanto, eles vivem de sua notoriedade pessoal.&nbsp;<\/p>\n\n\n\n<p><strong>Saiba mais sobre a profiss\u00e3o de digital influencer:<\/strong><\/p>\n\n\n\n<div class=\"wp-block-buttons is-layout-flex wp-block-buttons-is-layout-flex\">\n<div class=\"wp-block-button\"><a class=\"wp-block-button__link wp-element-button\" href=\"https:\/\/herospark.com\/blog\/digital-influencer\/\">O que \u00e9 um digital influencer e como se tornar um?<\/a><\/div>\n<\/div>\n\n\n\n<h2 class=\"wp-block-heading\">O que faz um digital creator?<\/h2>\n\n\n\n<p>As fun\u00e7\u00f5es de um creator digital s\u00e3o as mais variadas poss\u00edveis. Afinal, a \u00e1rea de produ\u00e7\u00e3o de conte\u00fado para a internet \u00e9 vasta.&nbsp;<\/p>\n\n\n\n<p>No entanto, podemos listar como algumas das poss\u00edveis fun\u00e7\u00f5es de um criador digital:<\/p>\n\n\n\n<ul class=\"wp-block-list\">\n<li>Escrever artigos para blog;<\/li>\n\n\n\n<li>Criar postagens para redes sociais;<\/li>\n\n\n\n<li>Escrever roteiro para v\u00eddeos;<\/li>\n\n\n\n<li>Criar v\u00eddeos para o YouTube<\/li>\n\n\n\n<li>Escrever livros digitais;<\/li>\n\n\n\n<li>Criar podcasts;<\/li>\n\n\n\n<li>Produzir infoprodutos.&nbsp;<\/li>\n<\/ul>\n\n\n\n<h2 class=\"wp-block-heading\">Onde um criador de conte\u00fado pode trabalhar?<\/h2>\n\n\n\n<p>Basicamente, um criador de conte\u00fado tem duas op\u00e7\u00f5es gerais: prestar servi\u00e7os para uma ou mais empresas, escrevendo blog posts corporativos e\/ou roteiros para v\u00eddeos institucionais, por exemplo, ou desenvolver conte\u00fado para si pr\u00f3prio.<\/p>\n\n\n\n<p>Nesse \u00faltimo caso, \u00e9 poss\u00edvel ter canais profissionais, como perfil no Instagram, no TikTok e canal no YouTube, por exemplo.&nbsp;<\/p>\n\n\n\n<p><strong>Aprenda como ganhar inscritos para o seu canal no YouTube:<\/strong><\/p>\n\n\n\n<div class=\"wp-block-buttons is-layout-flex wp-block-buttons-is-layout-flex\">\n<div class=\"wp-block-button\"><a class=\"wp-block-button__link wp-element-button\" href=\"https:\/\/herospark.com\/blog\/como-ganhar-inscritos-no-youtube\/\" target=\"_blank\" rel=\"noreferrer noopener\">Como ganhar inscritos no YouTube r\u00e1pido?<\/a><\/div>\n<\/div>\n\n\n\n<h2 class=\"wp-block-heading\">[LISTA] Conte\u00fados \u00fateis para qualquer criador de conte\u00fado&nbsp;<\/h2>\n\n\n\n<p>Um criador digital precisa buscar conhecimento constantemente para se tornar uma autoridade em seu nicho. Essa \u00e9 uma forma de se destacar e de conseguir bons trabalhos.&nbsp;<\/p>\n\n\n\n<p>Nesse sentido, existem alguns conte\u00fados que s\u00e3o muito \u00fateis para quem quer iniciar nessa profiss\u00e3o, que v\u00e3o ajudar desde a elabora\u00e7\u00e3o dos conte\u00fados em si at\u00e9 a sua divulga\u00e7\u00e3o.&nbsp;<\/p>\n\n\n\n<p>Confira alguns no blog da HeroSpark:<\/p>\n\n\n\n<h3 class=\"wp-block-heading\">Tr\u00e1fego pago<\/h3>\n\n\n\n<p>O tr\u00e1fego pago possibilita que os seus conte\u00fados alcancem mais pessoas, de uma forma mais r\u00e1pida e segmentada.\u00a0<\/p>\n\n\n\n<div class=\"wp-block-buttons is-layout-flex wp-block-buttons-is-layout-flex\">\n<div class=\"wp-block-button\"><a class=\"wp-block-button__link wp-element-button\" href=\"https:\/\/herospark.com\/blog\/trafego-pago-como-funciona\/\" target=\"_blank\" rel=\"noreferrer noopener\">Tr\u00e1fego pago: como funciona e como bombar em 2023?<\/a><\/div>\n<\/div>\n\n\n\n<h3 class=\"wp-block-heading\">Landing page<\/h3>\n\n\n\n<p>Landing page \u00e9 uma p\u00e1gina \u00fanica que pode ser utilizada para captar leads &#8211; que podem se tornar clientes &#8211; ou vender o seu conte\u00fado digital, como um e-book.<\/p>\n\n\n\n<div class=\"wp-block-buttons is-layout-flex wp-block-buttons-is-layout-flex\">\n<div class=\"wp-block-button\"><a class=\"wp-block-button__link wp-element-button\" href=\"https:\/\/herospark.com\/blog\/landing-page\/\" target=\"_blank\" rel=\"noreferrer noopener\">Tudo o que voc\u00ea precisa saber sobre landing page<\/a><\/div>\n<\/div>\n\n\n\n<h3 class=\"wp-block-heading\">E-mail marketing<\/h3>\n\n\n\n<p>O e-mail marketing pode ser um canal para nutrir o relacionamento com os seus clientes e seguidores e tamb\u00e9m um meio para divulgar conte\u00fados novos.<\/p>\n\n\n\n<div class=\"wp-block-buttons is-layout-flex wp-block-buttons-is-layout-flex\">\n<div class=\"wp-block-button\"><a class=\"wp-block-button__link wp-element-button\" href=\"https:\/\/herospark.com\/blog\/email-marketing\" target=\"_blank\" rel=\"noreferrer noopener\">E-mail marketing: tudo o que voc\u00ea precisa saber<\/a><\/div>\n<\/div>\n\n\n\n<h3 class=\"wp-block-heading\">Google Trends Brasil<\/h3>\n\n\n\n<p>Acompanhar as tend\u00eancias \u00e9 essencial no dia a dia de um creator digital. Nesse cen\u00e1rio, \u00e9 importante saber operar a ferramenta Google Trends Brasil, que ajuda a identificar a popularidade de um termo na internet.<\/p>\n\n\n\n<div class=\"wp-block-buttons is-layout-flex wp-block-buttons-is-layout-flex\">\n<div class=\"wp-block-button\"><a class=\"wp-block-button__link wp-element-button\" href=\"https:\/\/herospark.com\/blog\/google-trends-brasil\/\" target=\"_blank\" rel=\"noreferrer noopener\">Google Trends Brasil: o que \u00e9 e como usar em 2023?<\/a><\/div>\n<\/div>\n\n\n\n<h3 class=\"wp-block-heading\">Copywriting<\/h3>\n\n\n\n<p>Seja para escrever copys para as suas redes sociais ou para as do seu cliente, \u00e9 essencial conhecer as t\u00e9cnicas de copywriting, isto \u00e9, de escrita persuasiva.<\/p>\n\n\n\n<div class=\"wp-block-buttons is-layout-flex wp-block-buttons-is-layout-flex\">\n<div class=\"wp-block-button\"><a class=\"wp-block-button__link wp-element-button\" href=\"https:\/\/herospark.com\/blog\/copywriting\/\" target=\"_blank\" rel=\"noreferrer noopener\">Tudo o que voc\u00ea precisa saber sobre copywriting<\/a><\/div>\n<\/div>\n\n\n\n<h3 class=\"wp-block-heading\">Estrat\u00e9gia de marketing&nbsp;<\/h3>\n\n\n\n<p>As estrat\u00e9gias de marketing s\u00e3o indispens\u00e1veis para alcan\u00e7ar os seus objetivos no digital. Elas devem ser acionadas desde o in\u00edcio, na etapa do planejamento, at\u00e9 na mensura\u00e7\u00e3o dos resultados.<\/p>\n\n\n\n<div class=\"wp-block-buttons is-layout-flex wp-block-buttons-is-layout-flex\">\n<div class=\"wp-block-button\"><a class=\"wp-block-button__link wp-element-button\" href=\"https:\/\/herospark.com\/blog\/estrategia-de-marketing\/\" target=\"_blank\" rel=\"noreferrer noopener\">Guia sobre estrat\u00e9gia de marketing<\/a><\/div>\n<\/div>\n\n\n\n<h3 class=\"wp-block-heading\">Programa de afiliados<\/h3>\n\n\n\n<p>Uma poderosa estrat\u00e9gia de marketing digital \u00e9 a cria\u00e7\u00e3o de um programa de afiliados, principalmente se voc\u00ea decidir produzir conte\u00fados para vender, como e-books e cursos online.<\/p>\n\n\n\n<div class=\"wp-block-buttons is-layout-flex wp-block-buttons-is-layout-flex\">\n<div class=\"wp-block-button\"><a class=\"wp-block-button__link wp-element-button\" href=\"https:\/\/herospark.com\/blog\/programa-de-afiliados\/\" target=\"_blank\" rel=\"noreferrer noopener\">Tudo sobre programa de afiliados para ganhar dinheiro<\/a><\/div>\n<\/div>\n\n\n\n<h3 class=\"wp-block-heading\">Ideias de v\u00eddeos<\/h3>\n\n\n\n<p>Se voc\u00ea for criar um canal no YouTube, ent\u00e3o vai precisar de ideias de conte\u00fado que realmente engajam. Afinal, de nada adianta gastar o seu tempo produzindo algo que n\u00e3o ser\u00e1 consumido.<\/p>\n\n\n\n<div class=\"wp-block-buttons is-layout-flex wp-block-buttons-is-layout-flex\">\n<div class=\"wp-block-button\"><a class=\"wp-block-button__link wp-element-button\" href=\"https:\/\/herospark.com\/blog\/ideias-de-videos-para-o-youtube\/\" target=\"_blank\" rel=\"noreferrer noopener\">10 ideias de v\u00eddeos para o YouTube<\/a><\/div>\n<\/div>\n\n\n\n<h3 class=\"wp-block-heading\">Edi\u00e7\u00e3o de v\u00eddeos<\/h3>\n\n\n\n<p>Al\u00e9m da cria\u00e7\u00e3o de v\u00eddeos, tamb\u00e9m \u00e9 preciso pensar na edi\u00e7\u00e3o. Por isso, \u00e9 importante conhecer as principais plataformas de edi\u00e7\u00e3o e t\u00e9cnicas que podem otimizar seu trabalho.<\/p>\n\n\n\n<div class=\"wp-block-buttons is-layout-flex wp-block-buttons-is-layout-flex\">\n<div class=\"wp-block-button\"><a class=\"wp-block-button__link wp-element-button\" href=\"https:\/\/herospark.com\/blog\/como-editar-videos\/\" target=\"_blank\" rel=\"noreferrer noopener\">Passo a passo simplificado para editar v\u00eddeos<\/a><\/div>\n<\/div>\n\n\n\n<h3 class=\"wp-block-heading\">Empreendedores digitais&nbsp;<\/h3>\n\n\n\n<p>Por fim, conhecer a hist\u00f3ria de empreendedores digitais de sucesso pode te inspirar e te ajudar a trilhar um caminho \u00fanico e de conquistas.<\/p>\n\n\n\n<div class=\"wp-block-buttons is-layout-flex wp-block-buttons-is-layout-flex\">\n<div class=\"wp-block-button\"><a class=\"wp-block-button__link wp-element-button\" href=\"https:\/\/herospark.com\/blog\/empreendedores-digitais\/\" target=\"_blank\" rel=\"noreferrer noopener\">Conhe\u00e7a 30 empreendedores de sucesso<\/a><\/div>\n<\/div>\n\n\n\n<h2 class=\"wp-block-heading\">Vale a pena ser um criador de conte\u00fado?<\/h2>\n\n\n\n<p>Sim, vale a pena, principalmente por ser uma \u00e1rea que est\u00e1 em alta no mundo inteiro e que tende a continuar em constante crescimento. Al\u00e9m disso, \u00e9 uma profiss\u00e3o que te confere liberdade e autonomia para executar o seu servi\u00e7o onde e quando quiser.&nbsp;<\/p>\n\n\n\n<p>No entanto, para realmente valer a pena, \u00e9 necess\u00e1rio dedica\u00e7\u00e3o, foco e a busca constante por conhecimento para fazer dar certo. Do contr\u00e1rio, os objetivos n\u00e3o ser\u00e3o alcan\u00e7ados.&nbsp;<\/p>\n\n\n\n<p>Por isso, para que voc\u00ea se capacite para ser um creator digital de sucesso, al\u00e9m de consumir os conte\u00fados \u00fateis que listamos anteriormente, sugerimos que voc\u00ea conhe\u00e7a mais sobre o mundo do marketing digital.&nbsp;<\/p>\n\n\n\n<p>Para tanto, voc\u00ea pode baixar o nosso <strong>Kit Completo de Marketing Digital<\/strong>, que conta com um pacote para criar conte\u00fados digitais, al\u00e9m de estrat\u00e9gias para redes sociais.&nbsp;<br><a href=\"https:\/\/materiais.herospark.com\/kit-marketing-digital?_ga=2.259788931.883172577.1678105186-469885293.1663718040\">Baixe agora gratuitamente<\/a> e d\u00ea o start na sua carreira de creator digital!<\/p>\n","protected":false},"excerpt":{"rendered":"Em alta h&aacute; alguns anos no mercado, o creator digital &eacute; um profissional que tende a continuar escalando devido &agrave;s in&uacute;meras possibilidades do ambiente online. Por isso, investir nessa carreira&hellip;\n","protected":false},"author":63,"featured_media":0,"parent":0,"menu_order":0,"comment_status":"closed","ping_status":"closed","template":"","meta":{"content-type":"","_uag_custom_page_level_css":"","footnotes":""},"yst_prominent_words":[56,68,223,1184,1092,166,306,189,546,598],"class_list":["post-11575","page","type-page","status-publish"],"acf":[],"uagb_featured_image_src":{"full":false,"thumbnail":false,"medium":false,"medium_large":false,"large":false,"1536x1536":false,"2048x2048":false,"pk-small":false,"pk-thumbnail":false,"cs-small":false,"cs-intermediate":false,"cs-thumbnail":false,"cs-thumbnail-uncropped":false,"cs-medium":false,"cs-large":false,"web-stories-poster-portrait":false,"web-stories-publisher-logo":false,"web-stories-thumbnail":false},"uagb_author_info":{"display_name":"Nilson Filatieri","author_link":"https:\/\/herospark.com\/blog\/author\/nilson\/"},"uagb_comment_info":0,"uagb_excerpt":"Em alta h&aacute; alguns anos no mercado, o creator digital &eacute; um profissional que tende a continuar escalando devido &agrave;s in&uacute;meras possibilidades do ambiente online. Por isso, investir nessa carreira&hellip;","yoast_head":"<!-- This site is optimized with the Yoast SEO Premium plugin v14.3 - https:\/\/yoast.com\/wordpress\/plugins\/seo\/ -->\n<title>Creator digital: como se tornar um + os MELHORES conte\u00fados \u00fateis<\/title>\n<meta name=\"description\" content=\"Um creator digital \u00e9 o mesmo que um criador de conte\u00fado, profissional respons\u00e1vel por produzir conte\u00fados variados para a internet\" \/>\n<meta name=\"robots\" content=\"index, follow\" \/>\n<meta name=\"googlebot\" content=\"index, follow, max-snippet:-1, max-image-preview:large, max-video-preview:-1\" \/>\n<meta name=\"bingbot\" content=\"index, follow, max-snippet:-1, max-image-preview:large, max-video-preview:-1\" \/>\n<link rel=\"canonical\" href=\"https:\/\/herospark.com\/blog\/creator-digital\/\" \/>\n<meta property=\"og:locale\" content=\"pt_BR\" \/>\n<meta property=\"og:type\" content=\"article\" \/>\n<meta property=\"og:title\" content=\"Creator digital: como se tornar um + os MELHORES conte\u00fados \u00fateis\" \/>\n<meta property=\"og:description\" content=\"Um creator digital \u00e9 o mesmo que um criador de conte\u00fado, profissional respons\u00e1vel por produzir conte\u00fados variados para a internet\" \/>\n<meta property=\"og:url\" content=\"https:\/\/herospark.com\/blog\/creator-digital\/\" \/>\n<meta property=\"og:site_name\" content=\"HeroSpark Blog\" \/>\n<meta property=\"article:modified_time\" content=\"2025-04-23T12:05:13+00:00\" \/>\n<meta name=\"twitter:card\" content=\"summary_large_image\" \/>\n<!-- \/ Yoast SEO Premium plugin. -->","amp_enabled":true,"_links":{"self":[{"href":"https:\/\/herospark.com\/blog\/wp-json\/wp\/v2\/pages\/11575","targetHints":{"allow":["GET"]}}],"collection":[{"href":"https:\/\/herospark.com\/blog\/wp-json\/wp\/v2\/pages"}],"about":[{"href":"https:\/\/herospark.com\/blog\/wp-json\/wp\/v2\/types\/page"}],"author":[{"embeddable":true,"href":"https:\/\/herospark.com\/blog\/wp-json\/wp\/v2\/users\/63"}],"replies":[{"embeddable":true,"href":"https:\/\/herospark.com\/blog\/wp-json\/wp\/v2\/comments?post=11575"}],"version-history":[{"count":0,"href":"https:\/\/herospark.com\/blog\/wp-json\/wp\/v2\/pages\/11575\/revisions"}],"wp:attachment":[{"href":"https:\/\/herospark.com\/blog\/wp-json\/wp\/v2\/media?parent=11575"}],"wp:term":[{"taxonomy":"yst_prominent_words","embeddable":true,"href":"https:\/\/herospark.com\/blog\/wp-json\/wp\/v2\/yst_prominent_words?post=11575"}],"curies":[{"name":"wp","href":"https:\/\/api.w.org\/{rel}","templated":true}]}}