{"id":11921,"date":"2023-04-23T07:31:00","date_gmt":"2023-04-23T10:31:00","guid":{"rendered":"https:\/\/herospark.com\/blog\/?page_id=11921"},"modified":"2025-04-23T09:05:13","modified_gmt":"2025-04-23T12:05:13","slug":"profissoes-para-trabalhar-sozinho","status":"publish","type":"page","link":"https:\/\/herospark.com\/blog\/profissoes-para-trabalhar-sozinho\/","title":{"rendered":"6 profiss\u00f5es para trabalhar sozinho [2023]"},"content":{"rendered":"\n<p>Apesar de atuar em equipe ser prazeroso e contribuir para a socializa\u00e7\u00e3o, cada vez mais pessoas t\u00eam buscado por profiss\u00f5es para trabalhar sozinho. Afinal, nelas, \u00e9 poss\u00edvel desenvolver as atividades laborais no seu tempo, a seu modo e de onde voc\u00ea quiser.&nbsp;<\/p>\n\n\n\n<p>Por isso, se voc\u00ea \u00e9 uma dessas pessoas que quer flexibilidade para ter mais qualidade de vida, chegou ao lugar certo! Neste post, vamos mostrar 6 profiss\u00f5es para trabalhar sozinho e que podem garantir um bom faturamento neste e nos pr\u00f3ximos anos.&nbsp;<\/p>\n\n\n\n<p>Continue a leitura para descobrir quais s\u00e3o elas e iniciar hoje mesmo a sua transi\u00e7\u00e3o de carreira!\u00a0<\/p>\n\n\n\n<div class=\"rock-convert-banner\"><a href=\"https:\/\/app.herospark.com\/sign-up?utm_medium=rock-convert&utm_source=blog-herospark&utm_campaign=top-banner-ai\" target=\"_blank\" class=\"rock-convert-cta-link\" data-cta-id=\"12508\" data-cta-title=\"Top banner - Signup AI\"><img fetchpriority=\"high\" decoding=\"async\" width=\"768\" height=\"402\" src=\"data:image\/png;base64,iVBORw0KGgoAAAANSUhEUgAAAwAAAAGSAQMAAABufjSsAAAAA1BMVEUAAP+KeNJXAAAAAXRSTlMAQObYZgAAAAlwSFlzAAAOxAAADsQBlSsOGwAAAD1JREFUeNrtwYEAAAAAw6D5Ux\/hAlUBAAAAAAAAAAAAAAAAAAAAAAAAAAAAAAAAAAAAAAAAAAAAAAAAAN8AmFIAAYnLrqgAAAAASUVORK5CYII=\" class=\"attachment-full size-full pk-lazyload\" alt=\"banner_blog_AI\" title=\"Top banner - Signup AI\" data-pk-sizes=\"auto\" data-ls-sizes=\"(max-width: 768px) 100vw, 768px\" data-pk-src=\"https:\/\/herospark.com\/blog\/wp-content\/uploads\/sites\/6\/2023\/06\/banner_blog_AI.jpg\" data-pk-srcset=\"https:\/\/herospark.com\/blog\/wp-content\/uploads\/sites\/6\/2023\/06\/banner_blog_AI.jpg 768w, https:\/\/herospark.com\/blog\/wp-content\/uploads\/sites\/6\/2023\/06\/banner_blog_AI-300x157.jpg 300w, https:\/\/herospark.com\/blog\/wp-content\/uploads\/sites\/6\/2023\/06\/banner_blog_AI-390x204.jpg 390w, https:\/\/herospark.com\/blog\/wp-content\/uploads\/sites\/6\/2023\/06\/banner_blog_AI-150x79.jpg 150w\" \/><\/a><\/div>\n\n\n\n<h2 class=\"wp-block-heading\">1. Infoprodutor<\/h2>\n\n\n\n<p>Em primeiro lugar na nossa lista de profiss\u00f5es para trabalhar sozinho temos a de infoprodutor. Esse profissional trabalha criando e vendendo produtos digitais, isto \u00e9, conte\u00fados que s\u00e3o disponibilizados, vendidos e consumidos pela internet.<\/p>\n\n\n\n<p>Vale dizer que os produtos digitais &#8211; tamb\u00e9m conhecidos como infoprodutos &#8211; mais consumidos no mercado s\u00e3o:<\/p>\n\n\n\n<ul class=\"wp-block-list\">\n<li>Cursos online;<\/li>\n\n\n\n<li>E-books;<\/li>\n\n\n\n<li>Mentoria;<\/li>\n\n\n\n<li>Podcasts;<\/li>\n\n\n\n<li>Programas de assinatura.<\/li>\n<\/ul>\n\n\n\n<p>Para se tornar um infoprodutor, \u00e9 necess\u00e1rio considerar alguns pontos, como:<\/p>\n\n\n\n<ul class=\"wp-block-list\">\n<li>\u00c1rea na qual voc\u00ea tem expertise;<\/li>\n\n\n\n<li>Para quem voc\u00ea vai vender seus produtos;<\/li>\n\n\n\n<li>Suas estrat\u00e9gias de divulga\u00e7\u00e3o e vendas;<\/li>\n\n\n\n<li>Plataforma em que eles ser\u00e3o hospedados.&nbsp;<\/li>\n<\/ul>\n\n\n\n<p>Apesar de aparentar ser algo complexo, principalmente porque voc\u00ea ser\u00e1 o dono do pr\u00f3prio neg\u00f3cio e ter\u00e1 que lidar com quest\u00f5es desde a produ\u00e7\u00e3o at\u00e9 a venda do produto, saiba que essa profiss\u00e3o pode ser <strong>altamente rent\u00e1vel<\/strong>. Portanto, vale a pena investir!&nbsp;<\/p>\n\n\n\n<p><strong>Saiba mais sobre como se tornar um infoprodutor:<\/strong><\/p>\n\n\n\n<div class=\"wp-block-buttons is-layout-flex wp-block-buttons-is-layout-flex\">\n<div class=\"wp-block-button\"><a class=\"wp-block-button__link wp-element-button\" href=\"https:\/\/herospark.com\/blog\/infoprodutor\/\" target=\"_blank\" rel=\"noreferrer noopener\">Tudo o que voc\u00ea precisa saber para se tornar um infoprodutor \u2197<\/a><\/div>\n<\/div>\n\n\n\n<h2 class=\"wp-block-heading\">2. Afiliado<\/h2>\n\n\n\n<p>Se voc\u00ea n\u00e3o se sente preparado ou n\u00e3o tem disponibilidade para criar um produto do zero, mas deseja trabalhar com infoprodutos, ent\u00e3o uma boa alternativa \u00e9 se tornar um afiliado.&nbsp;<\/p>\n\n\n\n<p>Esse profissional divulga os produtos de terceiros e recebe uma comiss\u00e3o em cima de cada venda realizada a partir do seu link de afiliado.<\/p>\n\n\n\n<p>Para isso, \u00e9 preciso se afiliar a um produto de qualidade e que esteja dentro de um nicho que voc\u00ea tenha algum dom\u00ednio e trabalhar com muita dedica\u00e7\u00e3o na sua divulga\u00e7\u00e3o, seja em blogs, redes sociais e\/ou por meio do e-mail marketing, por exemplo.&nbsp;<\/p>\n\n\n\n<p>Vale dizer que \u00e9 poss\u00edvel encontrar plataformas que contam com <strong>programas de afiliados<\/strong> estruturados. Assim, basta ingressar nelas para receber o convite de algum produtor.&nbsp;<\/p>\n\n\n\n<p><strong>Aprenda como faturar muito sendo afiliado:<\/strong><\/p>\n\n\n\n<div class=\"wp-block-buttons is-layout-flex wp-block-buttons-is-layout-flex\">\n<div class=\"wp-block-button\"><a class=\"wp-block-button__link wp-element-button\" href=\"https:\/\/herospark.com\/blog\/afiliados\/\" target=\"_blank\" rel=\"noreferrer noopener\">Tudo o que voc\u00ea precisa saber para se tornar um afiliado \u2197<\/a><\/div>\n<\/div>\n\n\n\n<div class=\"rock-convert-banner\"><a href=\"https:\/\/app.herospark.com\/sign-up?utm_medium=rock-convert&utm_source=blog-herospark&utm_campaign=end-banner-signup\" target=\"_blank\" class=\"rock-convert-cta-link\" data-cta-id=\"12502\" data-cta-title=\"End banner - Signup\"><img decoding=\"async\" width=\"768\" height=\"402\" src=\"data:image\/png;base64,iVBORw0KGgoAAAANSUhEUgAAAwAAAAGSAQMAAABufjSsAAAAA1BMVEUAAP+KeNJXAAAAAXRSTlMAQObYZgAAAAlwSFlzAAAOxAAADsQBlSsOGwAAAD1JREFUeNrtwYEAAAAAw6D5Ux\/hAlUBAAAAAAAAAAAAAAAAAAAAAAAAAAAAAAAAAAAAAAAAAAAAAAAAAN8AmFIAAYnLrqgAAAAASUVORK5CYII=\" class=\"attachment-full size-full pk-lazyload\" alt=\"Banner_blog_herospark\" title=\"End banner - Signup\" data-pk-sizes=\"auto\" data-ls-sizes=\"(max-width: 768px) 100vw, 768px\" data-pk-src=\"https:\/\/herospark.com\/blog\/wp-content\/uploads\/sites\/6\/2023\/06\/Banner_blog_herospark.jpg\" data-pk-srcset=\"https:\/\/herospark.com\/blog\/wp-content\/uploads\/sites\/6\/2023\/06\/Banner_blog_herospark.jpg 768w, https:\/\/herospark.com\/blog\/wp-content\/uploads\/sites\/6\/2023\/06\/Banner_blog_herospark-300x157.jpg 300w, https:\/\/herospark.com\/blog\/wp-content\/uploads\/sites\/6\/2023\/06\/Banner_blog_herospark-390x204.jpg 390w, https:\/\/herospark.com\/blog\/wp-content\/uploads\/sites\/6\/2023\/06\/Banner_blog_herospark-150x79.jpg 150w\" \/><\/a><\/div>\n\n\n\n<h2 class=\"wp-block-heading\">3. Influenciador<\/h2>\n\n\n\n<p>O influenciador ou digital influencer \u00e9 um profissional que utiliza as m\u00eddias sociais para influenciar milhares de pessoas e o estilo de vida dessas.&nbsp;<\/p>\n\n\n\n<p>Para isso, ele produz conte\u00fados, como fotos, v\u00eddeos e podcasts, sobre o seu dia a dia e\/ou sobre algum nicho espec\u00edfico, como:<\/p>\n\n\n\n<ul class=\"wp-block-list\">\n<li>Esporte;<\/li>\n\n\n\n<li>Maquiagem;<\/li>\n\n\n\n<li>Culin\u00e1ria;<\/li>\n\n\n\n<li>Vida fitness;<\/li>\n\n\n\n<li>Entre outros.&nbsp;<\/li>\n<\/ul>\n\n\n\n<p>Vale dizer que o influenciador deve estar presente nas redes sociais mais importantes do momento, produzir conte\u00fado com muita frequ\u00eancia e <strong>interagir com os seus seguidores.<\/strong>&nbsp;<\/p>\n\n\n\n<p>J\u00e1 para ganhar dinheiro na profiss\u00e3o, voc\u00ea tem v\u00e1rias possibilidades, como:<\/p>\n\n\n\n<ul class=\"wp-block-list\">\n<li>Promover algum servi\u00e7o ou produto;<\/li>\n\n\n\n<li>Ser embaixador de uma marca;<\/li>\n\n\n\n<li>Vender produtos pr\u00f3prios.&nbsp;<\/li>\n<\/ul>\n\n\n\n<p><strong>Saiba como se tornar um influenciador e ganhar dinheiro nessa profiss\u00e3o:<\/strong><\/p>\n\n\n\n<div class=\"wp-block-buttons is-layout-flex wp-block-buttons-is-layout-flex\">\n<div class=\"wp-block-button\"><a class=\"wp-block-button__link wp-element-button\" href=\"https:\/\/herospark.com\/blog\/digital-influencer\/\" target=\"_blank\" rel=\"noreferrer noopener\">Descubra como se tornar um digital influencer \u2197<\/a><\/div>\n<\/div>\n\n\n\n<h2 class=\"wp-block-heading\">4. Gestor de tr\u00e1fego&nbsp;<\/h2>\n\n\n\n<p>Na lista de profiss\u00f5es para trabalhar sozinho, em casa e pela internet tamb\u00e9m temos o gestor de tr\u00e1fego. Esse profissional \u00e9 respons\u00e1vel por criar e gerenciar as estrat\u00e9gias nas m\u00eddias pagas, como Google Ads e Facebook Ads.&nbsp;<\/p>\n\n\n\n<p>Ou seja, ele tem a miss\u00e3o de gerar tr\u00e1fego pago para as empresas.<\/p>\n\n\n\n<p>Nesse ponto, apesar de existirem gestores de tr\u00e1fego que trabalham unicamente para uma empresa, como funcion\u00e1rio CLT ou PJ, \u00e9 totalmente poss\u00edvel <strong>investir nessa \u00e1rea como freelancer<\/strong>. Dessa forma, voc\u00ea ter\u00e1 uma carteira de clientes para administrar.<\/p>\n\n\n\n<p>Conv\u00e9m destacar que h\u00e1 muita procura por esse profissional, mas \u00e9 necess\u00e1rio se atualizar constantemente e gostar de trabalhar com uma grande quantidade de dados.&nbsp;<\/p>\n\n\n\n<p><strong>Descubra como se tornar gestor de tr\u00e1fego e onde encontrar oportunidades:<\/strong><\/p>\n\n\n\n<div class=\"wp-block-buttons is-layout-flex wp-block-buttons-is-layout-flex\">\n<div class=\"wp-block-button\"><a class=\"wp-block-button__link wp-element-button\" href=\"https:\/\/herospark.com\/blog\/gestor-de-trafego\/\" target=\"_blank\" rel=\"noreferrer noopener\">Veja como se tornar um gestor de tr\u00e1fego \u2197<\/a><\/div>\n<\/div>\n\n\n\n<div class=\"rock-convert-banner\"><a href=\"https:\/\/herospark.com\/academia\/herocreator\/?utm_medium=rock-convert&utm_source=blog-herospark&utm_campaign=blog-herospark-mid-banner\" target=\"_blank\" class=\"rock-convert-cta-link\" data-cta-id=\"9541\" data-cta-title=\"Mid banner - HeroCreator\"><img decoding=\"async\" width=\"1024\" height=\"536\" src=\"data:image\/png;base64,iVBORw0KGgoAAAANSUhEUgAABAAAAAIYAQMAAADJhgwMAAAAA1BMVEUAAP+KeNJXAAAAAXRSTlMAQObYZgAAAAlwSFlzAAAOxAAADsQBlSsOGwAAAFlJREFUeNrtwQEBAAAAgiD\/r25IQAEAAAAAAAAAAAAAAAAAAAAAAAAAAAAAAAAAAAAAAAAAAAAAAAAAAAAAAAAAAAAAAAAAAAAAAAAAAAAAAAAAAAAAAADvBg4nAAH4z94XAAAAAElFTkSuQmCC\" class=\"attachment-full size-full pk-lazyload\" alt=\"copy com chat gpt , herocreator\" title=\"Mid banner - HeroCreator\" data-pk-sizes=\"auto\" data-ls-sizes=\"(max-width: 1024px) 100vw, 1024px\" data-pk-src=\"https:\/\/herospark.com\/blog\/wp-content\/uploads\/sites\/6\/2022\/10\/Banner-Blog.jpg\" data-pk-srcset=\"https:\/\/herospark.com\/blog\/wp-content\/uploads\/sites\/6\/2022\/10\/Banner-Blog.jpg 1024w, https:\/\/herospark.com\/blog\/wp-content\/uploads\/sites\/6\/2022\/10\/Banner-Blog-300x157.jpg 300w, https:\/\/herospark.com\/blog\/wp-content\/uploads\/sites\/6\/2022\/10\/Banner-Blog-768x402.jpg 768w, https:\/\/herospark.com\/blog\/wp-content\/uploads\/sites\/6\/2022\/10\/Banner-Blog-390x204.jpg 390w, https:\/\/herospark.com\/blog\/wp-content\/uploads\/sites\/6\/2022\/10\/Banner-Blog-820x429.jpg 820w, https:\/\/herospark.com\/blog\/wp-content\/uploads\/sites\/6\/2022\/10\/Banner-Blog-150x79.jpg 150w\" \/><\/a><\/div>\n\n\n\n<h2 class=\"wp-block-heading\">5. Criador de landing page<\/h2>\n\n\n\n<p>As landing pages t\u00eam sido cada vez mais adotadas no mercado por serem exclusivamente focadas na convers\u00e3o de um visitante em lead ou de um lead em cliente. Nesse sentido, a procura pelo profissional que cria esse tipo de p\u00e1gina tem aumentado consideravelmente.<\/p>\n\n\n\n<p>Portanto, se voc\u00ea gosta de trabalhar com design gr\u00e1fico, pode investir nessa profiss\u00e3o e oferecer esse servi\u00e7o a diversos clientes, sejam eles do mercado digital ou f\u00edsico.&nbsp;<\/p>\n\n\n\n<p>Saiba que j\u00e1 existem <strong>ferramentas de cria\u00e7\u00e3o de landing pages totalmente intuitivas<\/strong> e com o sistema \u201carrasta e solta\u201d, o que faz com que voc\u00ea n\u00e3o necessite de conhecimentos em programa\u00e7\u00e3o.&nbsp;<\/p>\n\n\n\n<p>Assim, ser\u00e1 necess\u00e1rio apenas ter um bom conhecimento na parte gr\u00e1fica, para fazer p\u00e1ginas harmoniosas e interessantes, e em copywriting, para incluir textos que realmente convertem.<\/p>\n\n\n\n<p><strong>Saiba tudo o que uma landing page precisa ter para iniciar os seus trabalhos:<\/strong><\/p>\n\n\n\n<div class=\"wp-block-buttons is-layout-flex wp-block-buttons-is-layout-flex\">\n<div class=\"wp-block-button\"><a class=\"wp-block-button__link wp-element-button\" href=\"https:\/\/herospark.com\/blog\/landing-page\/\" target=\"_blank\" rel=\"noreferrer noopener\">Tudo sobre landing page \u2197<\/a><\/div>\n<\/div>\n\n\n\n<h2 class=\"wp-block-heading\">6. Redator<\/h2>\n\n\n\n<p>Por \u00faltimo nessa lista de profiss\u00f5es para trabalhar sozinho, temos a de redator. Sim, com a produ\u00e7\u00e3o de conte\u00fados em massa para o mercado digital, esse profissional freelancer ganhou bastante espa\u00e7o nos \u00faltimos anos.<\/p>\n\n\n\n<p>Para ingressar na carreira, o primeiro passo \u00e9 ter <strong>boas habilidades na escrita<\/strong>, obviamente. Al\u00e9m disso, \u00e9 necess\u00e1rio escolher o nicho em que voc\u00ea pretende atuar e definir o tipo de conte\u00fado escrito em que deseja se especializar, como:<\/p>\n\n\n\n<ul class=\"wp-block-list\">\n<li>Reda\u00e7\u00e3o SEO;<\/li>\n\n\n\n<li>Escrita de e-books;<\/li>\n\n\n\n<li>Copys para an\u00fancios, landing pages e redes sociais.<\/li>\n<\/ul>\n\n\n\n<p>Obviamente, voc\u00ea pode trabalhar produzindo todos esses tipos de conte\u00fados. No entanto, quanto mais delimitar, mais vai conseguir se capacitar e, assim, se destacar no mercado.&nbsp;<\/p>\n\n\n\n<p><strong>Descubra quanto ganha e como se tornar um copywriter:<\/strong><\/p>\n\n\n\n<div class=\"wp-block-buttons is-layout-flex wp-block-buttons-is-layout-flex\">\n<div class=\"wp-block-button\"><a class=\"wp-block-button__link wp-element-button\" href=\"https:\/\/herospark.com\/blog\/copywriter-o-que-e\/\" target=\"_blank\" rel=\"noreferrer noopener\">Tudo sobre copywriter \u2197<\/a><\/div>\n<\/div>\n\n\n\n<p>E se depois de conferir essa lista de profiss\u00f5es para trabalhar sozinho voc\u00ea optar por atuar na cria\u00e7\u00e3o de produtos digitais, saiba que existe uma intelig\u00eancia artificial que pode tornar esse processo muito mais simples: \u00e9 o Hero Creator!<\/p>\n\n\n\n<p>A <strong>ferramenta de IA da HeroSpark<\/strong> permite que voc\u00ea monte o planejamento do seu infoproduto em apenas 3 minutos. Basta voc\u00ea enviar os comandos para que o rob\u00f4 crie uma ideia de produto e toda a sua estrutura.<\/p>\n\n\n\n<p>Portanto, n\u00e3o perca tempo e <a href=\"https:\/\/herospark.com\/academia\/herocreator\/\"><strong>acesse gratuitamente o Hero Creator<\/strong><\/a> para garantir produtos incr\u00edveis!<\/p>\n","protected":false},"excerpt":{"rendered":"Apesar de atuar em equipe ser prazeroso e contribuir para a socializa&ccedil;&atilde;o, cada vez mais pessoas t&ecirc;m buscado por profiss&otilde;es para trabalhar sozinho. Afinal, nelas, &eacute; poss&iacute;vel desenvolver as atividades&hellip;\n","protected":false},"author":63,"featured_media":0,"parent":0,"menu_order":0,"comment_status":"closed","ping_status":"closed","template":"","meta":{"content-type":"","_uag_custom_page_level_css":"","footnotes":""},"yst_prominent_words":[112,1973,1092,120,2260,132,145,753,1912,189,371,307,1755],"class_list":["post-11921","page","type-page","status-publish"],"acf":[],"uagb_featured_image_src":{"full":false,"thumbnail":false,"medium":false,"medium_large":false,"large":false,"1536x1536":false,"2048x2048":false,"pk-small":false,"pk-thumbnail":false,"cs-small":false,"cs-intermediate":false,"cs-thumbnail":false,"cs-thumbnail-uncropped":false,"cs-medium":false,"cs-large":false,"web-stories-poster-portrait":false,"web-stories-publisher-logo":false,"web-stories-thumbnail":false},"uagb_author_info":{"display_name":"Nilson Filatieri","author_link":"https:\/\/herospark.com\/blog\/author\/nilson\/"},"uagb_comment_info":0,"uagb_excerpt":"Apesar de atuar em equipe ser prazeroso e contribuir para a socializa&ccedil;&atilde;o, cada vez mais pessoas t&ecirc;m buscado por profiss&otilde;es para trabalhar sozinho. Afinal, nelas, &eacute; poss&iacute;vel desenvolver as atividades&hellip;","yoast_head":"<!-- This site is optimized with the Yoast SEO Premium plugin v14.3 - https:\/\/yoast.com\/wordpress\/plugins\/seo\/ -->\n<title>6 profiss\u00f5es para trabalhar sozinho [2023] | HeroSpark Blog<\/title>\n<meta name=\"description\" content=\"6 profiss\u00f5es para trabalhar sozinho: 1. Infoprodutor 2. Afiliado 3. Influenciador 4. Gestor de tr\u00e1fego 5. Criador de landing page 6. Redator\" \/>\n<meta name=\"robots\" content=\"index, follow\" \/>\n<meta name=\"googlebot\" content=\"index, follow, max-snippet:-1, max-image-preview:large, max-video-preview:-1\" \/>\n<meta name=\"bingbot\" content=\"index, follow, max-snippet:-1, max-image-preview:large, max-video-preview:-1\" \/>\n<link rel=\"canonical\" href=\"https:\/\/herospark.com\/blog\/profissoes-para-trabalhar-sozinho\/\" \/>\n<meta property=\"og:locale\" content=\"pt_BR\" \/>\n<meta property=\"og:type\" content=\"article\" \/>\n<meta property=\"og:title\" content=\"6 profiss\u00f5es para trabalhar sozinho [2023] | HeroSpark Blog\" \/>\n<meta property=\"og:description\" content=\"6 profiss\u00f5es para trabalhar sozinho: 1. Infoprodutor 2. Afiliado 3. Influenciador 4. Gestor de tr\u00e1fego 5. Criador de landing page 6. Redator\" \/>\n<meta property=\"og:url\" content=\"https:\/\/herospark.com\/blog\/profissoes-para-trabalhar-sozinho\/\" \/>\n<meta property=\"og:site_name\" content=\"HeroSpark Blog\" \/>\n<meta property=\"article:modified_time\" content=\"2025-04-23T12:05:13+00:00\" \/>\n<meta name=\"twitter:card\" content=\"summary_large_image\" \/>\n<!-- \/ Yoast SEO Premium plugin. -->","amp_enabled":true,"_links":{"self":[{"href":"https:\/\/herospark.com\/blog\/wp-json\/wp\/v2\/pages\/11921","targetHints":{"allow":["GET"]}}],"collection":[{"href":"https:\/\/herospark.com\/blog\/wp-json\/wp\/v2\/pages"}],"about":[{"href":"https:\/\/herospark.com\/blog\/wp-json\/wp\/v2\/types\/page"}],"author":[{"embeddable":true,"href":"https:\/\/herospark.com\/blog\/wp-json\/wp\/v2\/users\/63"}],"replies":[{"embeddable":true,"href":"https:\/\/herospark.com\/blog\/wp-json\/wp\/v2\/comments?post=11921"}],"version-history":[{"count":0,"href":"https:\/\/herospark.com\/blog\/wp-json\/wp\/v2\/pages\/11921\/revisions"}],"wp:attachment":[{"href":"https:\/\/herospark.com\/blog\/wp-json\/wp\/v2\/media?parent=11921"}],"wp:term":[{"taxonomy":"yst_prominent_words","embeddable":true,"href":"https:\/\/herospark.com\/blog\/wp-json\/wp\/v2\/yst_prominent_words?post=11921"}],"curies":[{"name":"wp","href":"https:\/\/api.w.org\/{rel}","templated":true}]}}