{"id":12079,"date":"2023-05-11T15:11:14","date_gmt":"2023-05-11T18:11:14","guid":{"rendered":"https:\/\/herospark.com\/blog\/?page_id=12079"},"modified":"2025-04-23T09:05:13","modified_gmt":"2025-04-23T12:05:13","slug":"grupo-fechado","status":"publish","type":"page","link":"https:\/\/herospark.com\/blog\/grupo-fechado\/","title":{"rendered":"Como criar uma comunidade e grupo fechado [infoprodutor]"},"content":{"rendered":"\n<p>Criar uma comunidade e grupo fechado para infoprodutor pode ser uma estrat\u00e9gia poderosa para <strong>aumentar o engajamento e a fidelidade dos seus clientes.<\/strong>&nbsp;<\/p>\n\n\n\n<p>Afinal, ao construir uma comunidade online em torno do seu produto ou servi\u00e7o, voc\u00ea pode criar um espa\u00e7o para seus clientes compartilharem ideias, fazerem perguntas e interagirem com outros membros da comunidade.&nbsp;<\/p>\n\n\n\n<p>Neste artigo, voc\u00ea vai conhecer as melhores pr\u00e1ticas para criar uma comunidade e grupo fechado eficaz como infoprodutor, desde a escolha da plataforma certa at\u00e9 a cria\u00e7\u00e3o de conte\u00fado envolvente e gerenciamento da rede. Acompanhe!<\/p>\n\n\n\n<h2 class=\"wp-block-heading\">Como criar uma comunidade?&nbsp;<\/h2>\n\n\n\n<p>Uma comunidade \u00e9 um \u00f3timo lugar para os infoprodutores oferecerem conte\u00fados exclusivos, suporte e treinamento aos seus clientes, agregando, assim, mais valor ao seu produto ou servi\u00e7o.<\/p>\n\n\n\n<p>Por isso, confira a seguir algumas dicas para criar uma comunidade de sucesso:<\/p>\n\n\n\n<h3 class=\"wp-block-heading\">1. Conhe\u00e7a o seu p\u00fablico<\/h3>\n\n\n\n<p>Para um infoprodutor, conhecer seu p\u00fablico \u00e9 fundamental para criar uma comunidade bem-sucedida.&nbsp;<\/p>\n\n\n\n<p>Isso porque, ao criar uma comunidade, o objetivo \u00e9 reunir pessoas com interesses em comum em torno de um produto e, para isso, \u00e9 necess\u00e1rio entender as necessidades, desejos e problemas desse p\u00fablico-alvo.<\/p>\n\n\n\n<h3 class=\"wp-block-heading\">2. Defina a plataforma&nbsp;<\/h3>\n\n\n\n<p>Existem v\u00e1rias plataformas dispon\u00edveis para criar comunidades online, como:<\/p>\n\n\n\n<ul class=\"wp-block-list\">\n<li>WhatsApp;<\/li>\n\n\n\n<li>Circle;<\/li>\n\n\n\n<li>Telegram;<\/li>\n\n\n\n<li>Facebook.<\/li>\n<\/ul>\n\n\n\n<p>Escolha uma plataforma que atenda \u00e0s necessidades da sua comunidade e que seus clientes j\u00e1 utilizam regularmente.<\/p>\n\n\n\n<h3 class=\"wp-block-heading\">3. Planeje as atividades da comunidade&nbsp;<\/h3>\n\n\n\n<p>Para <strong>manter sua comunidade ativa e engajada<\/strong>, o produtor digital precisa criar conte\u00fado interessante e \u00fatil para seus membros.<\/p>\n\n\n\n<p>Assim, com base nos objetivos e no p\u00fablico-alvo, \u00e9 poss\u00edvel definir as atividades que ser\u00e3o realizadas na comunidade, como:<\/p>\n\n\n\n<ul class=\"wp-block-list\">\n<li>Enquetes;<\/li>\n\n\n\n<li>F\u00f3runs de discuss\u00e3o;<\/li>\n\n\n\n<li>Webinars;<\/li>\n\n\n\n<li>Hor\u00e1rio de atendimento semanal;<\/li>\n\n\n\n<li>Perguntas e respostas ao vivo.<\/li>\n<\/ul>\n\n\n\n<h3 class=\"wp-block-heading\">4. Monetize a comunidade<\/h3>\n\n\n\n<p>Uma vantagem de criar uma comunidade \u00e9 que ela oferece diversas possibilidades de monetiza\u00e7\u00e3o.&nbsp;<\/p>\n\n\n\n<p>Al\u00e9m da fideliza\u00e7\u00e3o de clientes, que podem realizar novas compras e trazerem novos leads, outras oportunidades de monetiza\u00e7\u00e3o em uma comunidade s\u00e3o:<\/p>\n\n\n\n<ul class=\"wp-block-list\">\n<li>Oferta de conte\u00fados exclusivos por meio de assinatura;<\/li>\n\n\n\n<li>Servi\u00e7os personalizados para membros;<\/li>\n\n\n\n<li>Publicidade paga de marcas parceiras que podem ser oferecidas dentro da comunidade.<\/li>\n<\/ul>\n\n\n\n<p><strong>Saiba mais sobre as melhores plataformas para criar uma comunidade:<\/strong><\/p>\n\n\n\n<div class=\"wp-block-columns is-layout-flex wp-container-core-columns-is-layout-9d6595d7 wp-block-columns-is-layout-flex\">\n<div class=\"wp-block-column is-layout-flow wp-block-column-is-layout-flow\">\n<div class=\"wp-block-buttons is-layout-flex wp-block-buttons-is-layout-flex\">\n<div class=\"wp-block-button\"><a class=\"wp-block-button__link wp-element-button\" href=\"https:\/\/herospark.com\/blog\/como-criar-canal-no-telegram\/\">Passo a passo para criar canal no Telegram \u2197<\/a><\/div>\n<\/div>\n<\/div>\n\n\n\n<div class=\"wp-block-column is-layout-flow wp-block-column-is-layout-flow\">\n<div class=\"wp-block-buttons is-layout-flex wp-block-buttons-is-layout-flex\">\n<div class=\"wp-block-button\"><a class=\"wp-block-button__link wp-element-button\" href=\"https:\/\/herospark.com\/blog\/regras-para-grupo-de-whatsapp\/\">Regras para grupos de WhatsApp \u2197<\/a><\/div>\n<\/div>\n<\/div>\n\n\n\n<div class=\"wp-block-column is-layout-flow wp-block-column-is-layout-flow\">\n<div class=\"wp-block-buttons is-layout-flex wp-block-buttons-is-layout-flex\">\n<div class=\"wp-block-button\"><a class=\"wp-block-button__link wp-element-button\" href=\"https:\/\/herospark.com\/blog\/vendas-pelo-whatsapp\/\">Como faturar mais pelo WhatsApp \u2197<\/a><\/div>\n<\/div>\n<\/div>\n<\/div>\n\n\n\n<h2 class=\"wp-block-heading\">O que \u00e9 um grupo fechado?<\/h2>\n\n\n\n<p>Um grupo fechado \u00e9 um <strong>grupo online limitado a um n\u00famero espec\u00edfico de membros <\/strong>onde \u00e9 poss\u00edvel compartilhar interesses e informa\u00e7\u00f5es exclusivas.&nbsp;<\/p>\n\n\n\n<p>Dentro dos grupos fechados, os membros podem compartilhar informa\u00e7\u00f5es valiosas e trocar experi\u00eancias, al\u00e9m de participar de promo\u00e7\u00f5es e receber conte\u00fados exclusivos sobre o produto digital.<\/p>\n\n\n\n<h2 class=\"wp-block-heading\">Como fazer um bom marketing de comunidade?<\/h2>\n\n\n\n<p>O marketing de comunidade \u00e9 uma estrat\u00e9gia que envolve a <strong>constru\u00e7\u00e3o de uma comunidade em torno da sua marca, produto<\/strong>.&nbsp;<\/p>\n\n\n\n<p>Assim, saiba que uma boa estrat\u00e9gia de marketing de comunidade pode ajudar a:<\/p>\n\n\n\n<ul class=\"wp-block-list\">\n<li>Aumentar a fidelidade do cliente;<\/li>\n\n\n\n<li>Gerar novas vendas;<\/li>\n\n\n\n<li>Criar uma base de clientes leais.<\/li>\n<\/ul>\n\n\n\n<p>Para fazer um bom marketing de comunidade, \u00e9 necess\u00e1rio estar atento \u00e0s tend\u00eancias e conhecer as dores e necessidades do seu p\u00fablico. Dessa forma, \u00e9 poss\u00edvel criar conte\u00fados nichados e gerar engajamento.&nbsp;<\/p>\n\n\n\n<p><strong>Descubra mais vantagens de investir no marketing de comunidade!<\/strong><\/p>\n\n\n\n<div class=\"wp-block-buttons is-layout-flex wp-block-buttons-is-layout-flex\">\n<div class=\"wp-block-button\"><a class=\"wp-block-button__link wp-element-button\" href=\"https:\/\/herospark.com\/blog\/marketing-de-comunidade\/\">Marketing de comunidade: o que \u00e9 e como fazer? \u2197<\/a><\/div>\n<\/div>\n\n\n\n<h2 class=\"wp-block-heading\">Como inserir membros em grupos de Telegram?&nbsp;<\/h2>\n\n\n\n<p>O produtor pode inserir manualmente cada novo membro. Por\u00e9m, se ele hospeda seu produto digital na HeroSpark, essa tarefa se torna muito mais simples.<\/p>\n\n\n\n<p>Isso porque, a <strong>HeroSpark conta com uma funcionalidade especial<\/strong> em sua \u00e1rea de membros: um bot\u00e3o que permite ao infoprodutor direcionar todos os seus clientes para seu grupo fechado no Telegram.<\/p>\n\n\n\n<p><strong>Conhe\u00e7a as vantagens de utilizar o Telegram para o seu neg\u00f3cio!<\/strong><\/p>\n\n\n\n<div class=\"wp-block-buttons is-layout-flex wp-block-buttons-is-layout-flex\">\n<div class=\"wp-block-button\"><a class=\"wp-block-button__link wp-element-button\">Vale a pena usar grupos do Telegram? \u2197<\/a><\/div>\n<\/div>\n\n\n\n<h2 class=\"wp-block-heading\">3 exemplos de grupos fechados e comunidades<\/h2>\n\n\n\n<h3 class=\"wp-block-heading\">1. Comunidade do Pedro Sobral<\/h3>\n\n\n\n<p>Pedro Sobral \u00e9 um dos principais especialistas em tr\u00e1fego pago do pa\u00eds e criou a Comunidade Sobral para impulsionar a carreira de nossos gestores de tr\u00e1fego. A comunidade tem acesso limitado para 10 mil membros ativos.<\/p>\n\n\n\n<p>Para participar da Comunidade Sobral, o membro precisa investir o valor de R$1.997,00\/ano. Assim, ele ter\u00e1 acesso a conte\u00fados exclusivos, como:<\/p>\n\n\n\n<ul class=\"wp-block-list\">\n<li>Aulas;<\/li>\n\n\n\n<li>Lives;<\/li>\n\n\n\n<li>Material exclusivo.<\/li>\n<\/ul>\n\n\n\n<p><strong>Saiba mais sobre Pedro Sobral e seus infoprodutos:<\/strong><\/p>\n\n\n\n<div class=\"wp-block-buttons is-layout-flex wp-block-buttons-is-layout-flex\">\n<div class=\"wp-block-button\"><a class=\"wp-block-button__link wp-element-button\" href=\"https:\/\/herospark.com\/blog\/pedro-sobral\/\">Quem \u00e9 Pedro Sobral e a Comunidade Sobral de Tr\u00e1fego? \u2197<\/a><\/div>\n<\/div>\n\n\n\n<h3 class=\"wp-block-heading\">2. Comunidade O Novo Mercado<\/h3>\n\n\n\n<p>A Comunidade O Novo Mercado, criada pelo empreendedor digital \u00cdcaro Carvalho, funciona na plataforma Circle e \u00e9 voltada para quem quer saber mais sobre marketing digital.<\/p>\n\n\n\n<p>Nessa comunidade, os membros t\u00eam acesso a diferentes conte\u00fados, com temas sobre:<\/p>\n\n\n\n<ul class=\"wp-block-list\">\n<li>Tr\u00e1fego pago;<\/li>\n\n\n\n<li>Marketing de conte\u00fado;<\/li>\n\n\n\n<li>Planejamento estrat\u00e9gico.<\/li>\n<\/ul>\n\n\n\n<p><strong>Veja se vale a pena fazer parte da comunidade O Novo Mercado:<\/strong><\/p>\n\n\n\n<div class=\"wp-block-buttons is-layout-flex wp-block-buttons-is-layout-flex\">\n<div class=\"wp-block-button\"><a class=\"wp-block-button__link wp-element-button\" href=\"https:\/\/herospark.com\/blog\/o-novo-mercado\/\">Conhe\u00e7a O Novo Mercado (ONM) em detalhes \u2197<\/a><\/div>\n<\/div>\n\n\n\n<h3 class=\"wp-block-heading\">3. Comunidade da HeroSpark<\/h3>\n\n\n\n<p>A comunidade da HeroSpark tamb\u00e9m \u00e9 no Circle e \u00e9 voltada para infoprodutores em diversos est\u00e1gios da jornada no empreendedorismo digital.<\/p>\n\n\n\n<p>L\u00e1 \u00e9 poss\u00edvel conferir conte\u00fados exclusivos, ter acesso a materiais criados pelos produtores e parceiros da HeroSpark.<\/p>\n\n\n\n<figure class=\"wp-block-image size-large\"><img  fetchpriority=\"high\"  decoding=\"async\"  width=\"589\"  height=\"1024\"  src=\"data:image\/png;base64,iVBORw0KGgoAAAANSUhEUgAAAk0AAAQAAQMAAADGIv+TAAAAA1BMVEUAAP+KeNJXAAAAAXRSTlMAQObYZgAAAAlwSFlzAAAOxAAADsQBlSsOGwAAAGFJREFUeNrtwQENAAAAwqD3T20ON6AAAAAAAAAAAAAAAAAAAAAAAAAAAAAAAAAAAAAAAAAAAAAAAAAAAAAAAAAAAAAAAAAAAAAAAAAAAAAAAAAAAAAAAAAAAAAAAAAAAHgyLA8AASteQtkAAAAASUVORK5CYII=\"  alt=\"\"  class=\"wp-image-12080 pk-lazyload\"  data-pk-sizes=\"auto\"  data-ls-sizes=\"(max-width: 589px) 100vw, 589px\"  data-pk-src=\"https:\/\/herospark.com\/blog\/wp-content\/uploads\/sites\/6\/2023\/05\/Comunidade-HeroSpark-589x1024.jpg\"  data-pk-srcset=\"https:\/\/herospark.com\/blog\/wp-content\/uploads\/sites\/6\/2023\/05\/Comunidade-HeroSpark-589x1024.jpg 589w, https:\/\/herospark.com\/blog\/wp-content\/uploads\/sites\/6\/2023\/05\/Comunidade-HeroSpark-173x300.jpg 173w, https:\/\/herospark.com\/blog\/wp-content\/uploads\/sites\/6\/2023\/05\/Comunidade-HeroSpark-768x1335.jpg 768w, https:\/\/herospark.com\/blog\/wp-content\/uploads\/sites\/6\/2023\/05\/Comunidade-HeroSpark-390x678.jpg 390w, https:\/\/herospark.com\/blog\/wp-content\/uploads\/sites\/6\/2023\/05\/Comunidade-HeroSpark-633x1100.jpg 633w, https:\/\/herospark.com\/blog\/wp-content\/uploads\/sites\/6\/2023\/05\/Comunidade-HeroSpark-150x261.jpg 150w, https:\/\/herospark.com\/blog\/wp-content\/uploads\/sites\/6\/2023\/05\/Comunidade-HeroSpark.jpg 828w\" ><\/figure>\n\n\n\n<p>Quer fazer parte dessa comunidade e garantir conte\u00fados exclusivos de quem realmente entende de marketing digital e ainda ter a possibilidade de <strong>realizar networking<\/strong> com outros produtores digitais?<\/p>\n\n\n\n<p>Ent\u00e3o <a href=\"https:\/\/app.herospark.com\/sign-up\">cadastre-se agora na HeroSpark<\/a>, a<strong> plataforma mais completa para infoprodutores<\/strong>. Com ela, voc\u00ea tem acesso em um s\u00f3 lugar a recursos para hospedar, divulgar e vender seu produto digital.<\/p>\n\n\n\n<p>Entre as solu\u00e7\u00f5es completas que voc\u00ea pode contar na HeroSpark est\u00e3o:<\/p>\n\n\n\n<ul class=\"wp-block-list\">\n<li>Funil de vendas automatizado;<\/li>\n\n\n\n<li>Disparo ilimitado de e-mail marketing;<\/li>\n\n\n\n<li>\u00c1rea de membros exclusiva;<\/li>\n\n\n\n<li>P\u00e1gina de vendas com checkout integrado.<\/li>\n<\/ul>\n\n\n\n<p>Al\u00e9m disso, voc\u00ea tem suporte via chat direto na plataforma, para tirar d\u00favidas e evitar qualquer imprevisto para voc\u00ea e seus clientes. Gostou?<\/p>\n\n\n\n<p>Ent\u00e3o <a href=\"https:\/\/app.herospark.com\/sign-up\">conhe\u00e7a mais sobre a HeroSpark<\/a> e <strong>fa\u00e7a parte do grupo de infoprodutores que est\u00e1 revolucionando o mercado digital<\/strong>.<\/p>\n","protected":false},"excerpt":{"rendered":"Criar uma comunidade e grupo fechado para infoprodutor pode ser uma estrat&eacute;gia poderosa para aumentar o engajamento e a fidelidade dos seus clientes.&nbsp; Afinal, ao construir uma comunidade online em&hellip;\n","protected":false},"author":63,"featured_media":12081,"parent":0,"menu_order":0,"comment_status":"closed","ping_status":"closed","template":"","meta":{"content-type":"","_uag_custom_page_level_css":"","footnotes":""},"yst_prominent_words":[105,160,68,86,1526,327,280,598],"class_list":["post-12079","page","type-page","status-publish","has-post-thumbnail"],"acf":[],"uagb_featured_image_src":{"full":["https:\/\/herospark.com\/blog\/wp-content\/uploads\/sites\/6\/2023\/05\/grupo-fechado.jpg",1200,628,false],"thumbnail":["https:\/\/herospark.com\/blog\/wp-content\/uploads\/sites\/6\/2023\/05\/grupo-fechado-150x150.jpg",150,150,true],"medium":["https:\/\/herospark.com\/blog\/wp-content\/uploads\/sites\/6\/2023\/05\/grupo-fechado-300x157.jpg",300,157,true],"medium_large":["https:\/\/herospark.com\/blog\/wp-content\/uploads\/sites\/6\/2023\/05\/grupo-fechado-768x402.jpg",768,402,true],"large":["https:\/\/herospark.com\/blog\/wp-content\/uploads\/sites\/6\/2023\/05\/grupo-fechado-1024x536.jpg",1024,536,true],"1536x1536":["https:\/\/herospark.com\/blog\/wp-content\/uploads\/sites\/6\/2023\/05\/grupo-fechado.jpg",1200,628,false],"2048x2048":["https:\/\/herospark.com\/blog\/wp-content\/uploads\/sites\/6\/2023\/05\/grupo-fechado.jpg",1200,628,false],"pk-small":["https:\/\/herospark.com\/blog\/wp-content\/uploads\/sites\/6\/2023\/05\/grupo-fechado-80x80.jpg",80,80,true],"pk-thumbnail":["https:\/\/herospark.com\/blog\/wp-content\/uploads\/sites\/6\/2023\/05\/grupo-fechado-300x225.jpg",300,225,true],"cs-small":["https:\/\/herospark.com\/blog\/wp-content\/uploads\/sites\/6\/2023\/05\/grupo-fechado-80x80.jpg",80,80,true],"cs-intermediate":["https:\/\/herospark.com\/blog\/wp-content\/uploads\/sites\/6\/2023\/05\/grupo-fechado-240x180.jpg",240,180,true],"cs-thumbnail":["https:\/\/herospark.com\/blog\/wp-content\/uploads\/sites\/6\/2023\/05\/grupo-fechado-390x290.jpg",390,290,true],"cs-thumbnail-uncropped":["https:\/\/herospark.com\/blog\/wp-content\/uploads\/sites\/6\/2023\/05\/grupo-fechado-390x204.jpg",390,204,true],"cs-medium":["https:\/\/herospark.com\/blog\/wp-content\/uploads\/sites\/6\/2023\/05\/grupo-fechado-820x429.jpg",820,429,true],"cs-large":["https:\/\/herospark.com\/blog\/wp-content\/uploads\/sites\/6\/2023\/05\/grupo-fechado-1180x618.jpg",1180,618,true],"web-stories-poster-portrait":["https:\/\/herospark.com\/blog\/wp-content\/uploads\/sites\/6\/2023\/05\/grupo-fechado-640x628.jpg",640,628,true],"web-stories-publisher-logo":["https:\/\/herospark.com\/blog\/wp-content\/uploads\/sites\/6\/2023\/05\/grupo-fechado-96x96.jpg",96,96,true],"web-stories-thumbnail":["https:\/\/herospark.com\/blog\/wp-content\/uploads\/sites\/6\/2023\/05\/grupo-fechado-150x79.jpg",150,79,true]},"uagb_author_info":{"display_name":"Nilson Filatieri","author_link":"https:\/\/herospark.com\/blog\/author\/nilson\/"},"uagb_comment_info":0,"uagb_excerpt":"Criar uma comunidade e grupo fechado para infoprodutor pode ser uma estrat&eacute;gia poderosa para aumentar o engajamento e a fidelidade dos seus clientes.&nbsp; Afinal, ao construir uma comunidade online em&hellip;","yoast_head":"<!-- This site is optimized with the Yoast SEO Premium plugin v14.3 - https:\/\/yoast.com\/wordpress\/plugins\/seo\/ -->\n<title>Como criar uma comunidade e grupo fechado [infoprodutor]<\/title>\n<meta name=\"description\" content=\"Criar uma comunidade e grupo fechado para infoprodutor pode ser uma estrat\u00e9gia poderosa para aumentar o engajamento e a fidelidade dos seus clientes.\u00a0\" \/>\n<meta name=\"robots\" content=\"index, follow\" \/>\n<meta name=\"googlebot\" content=\"index, follow, max-snippet:-1, max-image-preview:large, max-video-preview:-1\" \/>\n<meta name=\"bingbot\" content=\"index, follow, max-snippet:-1, max-image-preview:large, max-video-preview:-1\" \/>\n<link rel=\"canonical\" href=\"https:\/\/herospark.com\/blog\/grupo-fechado\/\" \/>\n<meta property=\"og:locale\" content=\"pt_BR\" \/>\n<meta property=\"og:type\" content=\"article\" \/>\n<meta property=\"og:title\" content=\"Como criar uma comunidade e grupo fechado [infoprodutor]\" \/>\n<meta property=\"og:description\" content=\"Criar uma comunidade e grupo fechado para infoprodutor pode ser uma estrat\u00e9gia poderosa para aumentar o engajamento e a fidelidade dos seus clientes.\u00a0\" \/>\n<meta property=\"og:url\" content=\"https:\/\/herospark.com\/blog\/grupo-fechado\/\" \/>\n<meta property=\"og:site_name\" content=\"HeroSpark Blog\" \/>\n<meta property=\"article:modified_time\" content=\"2025-04-23T12:05:13+00:00\" \/>\n<meta property=\"og:image\" content=\"https:\/\/herospark.com\/blog\/wp-content\/uploads\/sites\/6\/2023\/05\/grupo-fechado.jpg\" \/>\n\t<meta property=\"og:image:width\" content=\"1200\" \/>\n\t<meta property=\"og:image:height\" content=\"628\" \/>\n<meta name=\"twitter:card\" content=\"summary_large_image\" \/>\n<!-- \/ Yoast SEO Premium plugin. -->","amp_enabled":true,"_links":{"self":[{"href":"https:\/\/herospark.com\/blog\/wp-json\/wp\/v2\/pages\/12079","targetHints":{"allow":["GET"]}}],"collection":[{"href":"https:\/\/herospark.com\/blog\/wp-json\/wp\/v2\/pages"}],"about":[{"href":"https:\/\/herospark.com\/blog\/wp-json\/wp\/v2\/types\/page"}],"author":[{"embeddable":true,"href":"https:\/\/herospark.com\/blog\/wp-json\/wp\/v2\/users\/63"}],"replies":[{"embeddable":true,"href":"https:\/\/herospark.com\/blog\/wp-json\/wp\/v2\/comments?post=12079"}],"version-history":[{"count":0,"href":"https:\/\/herospark.com\/blog\/wp-json\/wp\/v2\/pages\/12079\/revisions"}],"wp:featuredmedia":[{"embeddable":true,"href":"https:\/\/herospark.com\/blog\/wp-json\/wp\/v2\/media\/12081"}],"wp:attachment":[{"href":"https:\/\/herospark.com\/blog\/wp-json\/wp\/v2\/media?parent=12079"}],"wp:term":[{"taxonomy":"yst_prominent_words","embeddable":true,"href":"https:\/\/herospark.com\/blog\/wp-json\/wp\/v2\/yst_prominent_words?post=12079"}],"curies":[{"name":"wp","href":"https:\/\/api.w.org\/{rel}","templated":true}]}}