{"id":2357,"date":"2021-03-10T09:50:35","date_gmt":"2021-03-10T12:50:35","guid":{"rendered":"https:\/\/herospark.com\/blog\/?page_id=2357"},"modified":"2021-03-10T10:51:43","modified_gmt":"2021-03-10T13:51:43","slug":"seu-checkout-e-seguro-confira-dicas-de-seguranca-da-informacao","status":"publish","type":"page","link":"https:\/\/herospark.com\/blog\/dicas-seguranca-informacao\/","title":{"rendered":"Seu checkout \u00e9 seguro? Confira dicas de seguran\u00e7a da informa\u00e7\u00e3o"},"content":{"rendered":"\t\t<div data-elementor-type=\"wp-page\" data-elementor-id=\"2357\" class=\"elementor elementor-2357\" data-elementor-post-type=\"page\">\n\t\t\t\t\t\t<section class=\"elementor-section elementor-top-section elementor-element elementor-element-174ffba4 elementor-section-boxed elementor-section-height-default elementor-section-height-default\" data-id=\"174ffba4\" data-element_type=\"section\" data-settings=\"{&quot;background_background&quot;:&quot;classic&quot;}\">\n\t\t\t\t\t\t\t<div class=\"elementor-background-overlay\"><\/div>\n\t\t\t\t\t\t\t<div class=\"elementor-container elementor-column-gap-no\">\n\t\t\t\t\t<div class=\"elementor-column elementor-col-100 elementor-top-column elementor-element elementor-element-60c74c30\" data-id=\"60c74c30\" data-element_type=\"column\" data-settings=\"{&quot;background_background&quot;:&quot;classic&quot;}\">\n\t\t\t<div class=\"elementor-widget-wrap elementor-element-populated\">\n\t\t\t\t\t\t<div class=\"elementor-element elementor-element-31908394 elementor-widget elementor-widget-image\" data-id=\"31908394\" data-element_type=\"widget\" data-widget_type=\"image.default\">\n\t\t\t\t<div class=\"elementor-widget-container\">\n\t\t\t\t\t\t\t\t\t\t\t\t\t<img  decoding=\"async\"  src=\"data:image\/png;base64,iVBORw0KGgoAAAANSUhEUgAAAAEAAAABAQMAAAAl21bKAAAAA1BMVEUAAP+KeNJXAAAAAXRSTlMAQObYZgAAAAlwSFlzAAAOxAAADsQBlSsOGwAAAApJREFUCNdjYAAAAAIAAeIhvDMAAAAASUVORK5CYII=\"  title=\"Logos-600&#215;100\"  alt=\"Logos-600x100\"  loading=\"lazy\"  class=\" pk-lazyload\"  data-pk-sizes=\"auto\"  data-pk-src=\"https:\/\/herospark.com\/blog\/wp-content\/uploads\/sites\/6\/elementor\/thumbs\/Logos-600x100-1-qi44g1vq3b17kvbwykdao5z5lxcrlo0poo6d62cmq4.png\" >\t\t\t\t\t\t\t\t\t\t\t\t\t<\/div>\n\t\t\t\t<\/div>\n\t\t\t\t\t<\/div>\n\t\t<\/div>\n\t\t\t\t\t<\/div>\n\t\t<\/section>\n\t\t\t\t<section class=\"elementor-section elementor-top-section elementor-element elementor-element-18553a18 elementor-section-boxed elementor-section-height-default elementor-section-height-default\" data-id=\"18553a18\" data-element_type=\"section\" data-settings=\"{&quot;background_background&quot;:&quot;gradient&quot;}\">\n\t\t\t\t\t\t<div class=\"elementor-container elementor-column-gap-default\">\n\t\t\t\t\t<div class=\"elementor-column elementor-col-100 elementor-top-column elementor-element elementor-element-54b18592\" data-id=\"54b18592\" data-element_type=\"column\">\n\t\t\t<div class=\"elementor-widget-wrap elementor-element-populated\">\n\t\t\t\t\t\t<div class=\"elementor-element elementor-element-1b7db0a1 elementor-widget elementor-widget-heading\" data-id=\"1b7db0a1\" data-element_type=\"widget\" data-widget_type=\"heading.default\">\n\t\t\t\t<div class=\"elementor-widget-container\">\n\t\t\t<h2 class=\"elementor-heading-title elementor-size-default\">Seu checkout \u00e9 seguro? Confira dicas do especialista da HeroSpark<\/h2>\t\t<\/div>\n\t\t\t\t<\/div>\n\t\t\t\t<div class=\"elementor-element elementor-element-ca3ff88 elementor-widget elementor-widget-video\" data-id=\"ca3ff88\" data-element_type=\"widget\" data-settings=\"{&quot;youtube_url&quot;:&quot;https:\\\/\\\/www.youtube.com\\\/watch?v=3EzTglKVxsI&quot;,&quot;video_type&quot;:&quot;youtube&quot;,&quot;controls&quot;:&quot;yes&quot;}\" data-widget_type=\"video.default\">\n\t\t\t\t<div class=\"elementor-widget-container\">\n\t\t\t\t\t<div class=\"elementor-wrapper elementor-open-inline\">\n\t\t\t<div class=\"elementor-video\"><\/div>\t\t<\/div>\n\t\t\t\t<\/div>\n\t\t\t\t<\/div>\n\t\t\t\t<div class=\"elementor-element elementor-element-2298128 elementor-widget elementor-widget-spacer\" data-id=\"2298128\" data-element_type=\"widget\" data-widget_type=\"spacer.default\">\n\t\t\t\t<div class=\"elementor-widget-container\">\n\t\t\t\t\t<div class=\"elementor-spacer\">\n\t\t\t<div class=\"elementor-spacer-inner\"><\/div>\n\t\t<\/div>\n\t\t\t\t<\/div>\n\t\t\t\t<\/div>\n\t\t\t\t\t<\/div>\n\t\t<\/div>\n\t\t\t\t\t<\/div>\n\t\t<\/section>\n\t\t\t\t<section class=\"elementor-section elementor-top-section elementor-element elementor-element-738d315 elementor-section-boxed elementor-section-height-default elementor-section-height-default\" data-id=\"738d315\" data-element_type=\"section\">\n\t\t\t\t\t\t<div class=\"elementor-container elementor-column-gap-default\">\n\t\t\t\t\t<div class=\"elementor-column elementor-col-100 elementor-top-column elementor-element elementor-element-77beaa1\" data-id=\"77beaa1\" data-element_type=\"column\">\n\t\t\t<div class=\"elementor-widget-wrap elementor-element-populated\">\n\t\t\t\t\t\t<div class=\"elementor-element elementor-element-a5ebc74 elementor-widget elementor-widget-spacer\" data-id=\"a5ebc74\" data-element_type=\"widget\" data-widget_type=\"spacer.default\">\n\t\t\t\t<div class=\"elementor-widget-container\">\n\t\t\t\t\t<div class=\"elementor-spacer\">\n\t\t\t<div class=\"elementor-spacer-inner\"><\/div>\n\t\t<\/div>\n\t\t\t\t<\/div>\n\t\t\t\t<\/div>\n\t\t\t\t\t<\/div>\n\t\t<\/div>\n\t\t\t\t\t<\/div>\n\t\t<\/section>\n\t\t\t\t<section class=\"elementor-section elementor-top-section elementor-element elementor-element-5777781 elementor-section-boxed elementor-section-height-default elementor-section-height-default\" data-id=\"5777781\" data-element_type=\"section\">\n\t\t\t\t\t\t<div class=\"elementor-container elementor-column-gap-default\">\n\t\t\t\t\t<div class=\"elementor-column elementor-col-100 elementor-top-column elementor-element elementor-element-9c7ca9d\" data-id=\"9c7ca9d\" data-element_type=\"column\">\n\t\t\t<div class=\"elementor-widget-wrap elementor-element-populated\">\n\t\t\t\t\t\t<div class=\"elementor-element elementor-element-4f4e2e6 elementor-widget elementor-widget-text-editor\" data-id=\"4f4e2e6\" data-element_type=\"widget\" data-widget_type=\"text-editor.default\">\n\t\t\t\t<div class=\"elementor-widget-container\">\n\t\t\t\t\t\t\t<p><span style=\"color: #ff305c\">Transcri\u00e7\u00e3o do V\u00eddeo<\/span><\/p>\t\t\t\t\t\t<\/div>\n\t\t\t\t<\/div>\n\t\t\t\t<div class=\"elementor-element elementor-element-00f99e8 elementor-widget elementor-widget-text-editor\" data-id=\"00f99e8\" data-element_type=\"widget\" data-widget_type=\"text-editor.default\">\n\t\t\t\t<div class=\"elementor-widget-container\">\n\t\t\t\t\t\t\t<p>Fala pessoal, aqui \u00e9 o Jeferson, Cofundador e Head de Pagamentos e Fraude da HeroSpark.\u00a0<\/p><p>\u00a0<\/p><p>Neste v\u00eddeo vou falar de um tema bem delicado e que \u00e9 d\u00favida de muitos clientes da nossa base, ou seja, sobre seguran\u00e7a em plataformas de pagamentos para produtos online. Vamos l\u00e1?!<\/p><p><span style=\"font-weight: 400\">\u00a0<\/span><\/p><h3><span style=\"font-weight: 400;color: #ff305c\">O que \u00e9 compliance?<\/span><\/h3><div><span style=\"font-weight: 400\">\u00a0<\/span><\/div><p>Antes de mais nada quero explicar rapidamente o termo \u201ccompliance\u201d que vem do ingl\u00eas \u201cto comply\u201d e significa estar em conformidade.\u00a0<\/p><p>Na pr\u00e1tica, o compliance tem a fun\u00e7\u00e3o de proporcionar seguran\u00e7a e minimizar riscos de institui\u00e7\u00f5es e empresas, garantindo o cumprimento dos atos, regimentos, normas e leis estabelecidos interna e externamente.<\/p><p>Em resumo, \u00e9 um sistema de controles internos que permite esclarecer e proporcionar maior seguran\u00e7a a todos envolvidos.<\/p><p><span style=\"font-weight: 400\">\u00a0<\/span><\/p><h3><span style=\"font-size: 23.1px;font-weight: 400;color: #ff305c\">A import\u00e2ncia (os problemas que pode ter em usar uma ferramenta\/empresa fraca nisso)<\/span>\u00a0<\/h3><p>\u00c9 importante dizer isso pois tanto para quem est\u00e1 iniciando quanto para quem j\u00e1 est\u00e1 no mercado de infoprodutos \u00e9 essencial ter uma ferramenta segura e robusta, caso contr\u00e1rio voc\u00ea estar\u00e1 colocando em jogo tanto os seus dados como dos seus clientes, e isso pode causar situa\u00e7\u00f5es como as que estamos vendo no mercado, vazamentos constantes de informa\u00e7\u00f5es e consequentemente preju\u00edzos financeiros e principalmente de credibilidade.<\/p><p>\u00a0<\/p><h3 style=\"letter-spacing: -0.18px\"><span style=\"font-weight: 400;color: #ff305c\">Como fazemos \/ o que temos em pr\u00e1tica<\/span>\u00a0<\/h3><p>Na HeroSpark temos como premissa a palavra seguran\u00e7a, que engloba TODOS os aspectos relacionados \u00e0 forma como tratamos as informa\u00e7\u00f5es dos nossos clientes. Isso reflete na governan\u00e7a que constru\u00edmos ao longo dos anos e tamb\u00e9m na confian\u00e7a que os clientes depositam em n\u00f3s.<\/p><p>\u00a0<\/p><h3 style=\"letter-spacing: -0.18px\"><span style=\"color: #ff305c\"><span style=\"font-weight: 400\">A HeroSpark<\/span><\/span><\/h3><p>Atendemos mais 30 mil infoprodutores espalhados por 21 pa\u00edses, hospedamos 120 mil infoprodutos e mais de 12MM de usu\u00e1rios utilizaram nossas solu\u00e7\u00f5es.\u00a0<\/p><p>E falando em solu\u00e7\u00f5es, a HeroSpark se diferencia por atender de ponta a ponta (sem necessidade de integra\u00e7\u00f5es) a todos empreendedores\/empreendedoras que desejam ter seu pr\u00f3prio neg\u00f3cio digital e que buscam simplicidade, seguran\u00e7a e inova\u00e7\u00e3o.<\/p><p>\u00a0<\/p><p>Se voc\u00ea ficou interessado, aproveita e clica no link da descri\u00e7\u00e3o, l\u00e1 voc\u00ea vai conhecer mais de como podemos te ajudar nessa jornada e porque a <a href=\"https:\/\/herospark.com\/blog\/ensinar-na-internet\/\"><span style=\"color: #ff305c\"><u>HeroSpark \u00e9 a melhor escolha<\/u><\/span><\/a> para seu neg\u00f3cio!<\/p><p>\u00a0<\/p><p>Se voc\u00ea j\u00e1 tem um produto digital ou est\u00e1 com uma ideia para iniciar, comece agora mesmo. Crie e venda produtos digitais sem custo com tecnologia e seguran\u00e7a da informa\u00e7\u00e3o<\/p>\t\t\t\t\t\t<\/div>\n\t\t\t\t<\/div>\n\t\t\t\t<div class=\"elementor-element elementor-element-05ebb77 elementor-align-center elementor-widget elementor-widget-button\" data-id=\"05ebb77\" data-element_type=\"widget\" data-widget_type=\"button.default\">\n\t\t\t\t<div class=\"elementor-widget-container\">\n\t\t\t\t\t\t\t<div class=\"elementor-button-wrapper\">\n\t\t\t\t\t<a class=\"elementor-button elementor-button-link elementor-size-md\" href=\"https:\/\/app.herospark.com\/sign-up?product=sparkmembers\" target=\"_blank\">\n\t\t\t\t\t\t<span class=\"elementor-button-content-wrapper\">\n\t\t\t\t\t\t\t\t\t<span class=\"elementor-button-text\">COME\u00c7AR AGORA GR\u00c1TIS<\/span>\n\t\t\t\t\t<\/span>\n\t\t\t\t\t<\/a>\n\t\t\t\t<\/div>\n\t\t\t\t\t\t<\/div>\n\t\t\t\t<\/div>\n\t\t\t\t\t<\/div>\n\t\t<\/div>\n\t\t\t\t\t<\/div>\n\t\t<\/section>\n\t\t\t\t<section class=\"elementor-section elementor-top-section elementor-element elementor-element-ff9192c elementor-section-boxed elementor-section-height-default elementor-section-height-default\" data-id=\"ff9192c\" data-element_type=\"section\" data-settings=\"{&quot;background_background&quot;:&quot;classic&quot;}\">\n\t\t\t\t\t\t<div class=\"elementor-container elementor-column-gap-default\">\n\t\t\t\t\t<div class=\"elementor-column elementor-col-100 elementor-top-column elementor-element elementor-element-1eafcab\" data-id=\"1eafcab\" data-element_type=\"column\">\n\t\t\t<div class=\"elementor-widget-wrap elementor-element-populated\">\n\t\t\t\t\t\t<div class=\"elementor-element elementor-element-7b7cb33 elementor-widget elementor-widget-image\" data-id=\"7b7cb33\" data-element_type=\"widget\" data-widget_type=\"image.default\">\n\t\t\t\t<div class=\"elementor-widget-container\">\n\t\t\t\t\t\t\t\t\t\t\t\t\t\t<a href=\"https:\/\/herospark.com\/\">\n\t\t\t\t\t\t\t<img  decoding=\"async\"  src=\"data:image\/png;base64,iVBORw0KGgoAAAANSUhEUgAAAAEAAAABAQMAAAAl21bKAAAAA1BMVEUAAP+KeNJXAAAAAXRSTlMAQObYZgAAAAlwSFlzAAAOxAAADsQBlSsOGwAAAApJREFUCNdjYAAAAAIAAeIhvDMAAAAASUVORK5CYII=\"  title=\"Hero03\"  alt=\"Hero03\"  loading=\"lazy\"  class=\" pk-lazyload\"  data-pk-sizes=\"auto\"  data-pk-src=\"https:\/\/herospark.com\/blog\/wp-content\/uploads\/sites\/6\/elementor\/thumbs\/Hero03-qi44g1vmfqpm4mvkq1t5x8y3ng2hg2b3tqwcsqhvgc.png\" >\t\t\t\t\t\t\t\t<\/a>\n\t\t\t\t\t\t\t\t\t\t\t\t\t<\/div>\n\t\t\t\t<\/div>\n\t\t\t\t<section class=\"elementor-section elementor-inner-section elementor-element elementor-element-de81c48 elementor-section-boxed elementor-section-height-default elementor-section-height-default\" data-id=\"de81c48\" data-element_type=\"section\">\n\t\t\t\t\t\t<div class=\"elementor-container elementor-column-gap-default\">\n\t\t\t\t\t<div class=\"elementor-column elementor-col-50 elementor-inner-column elementor-element elementor-element-27ff526\" data-id=\"27ff526\" data-element_type=\"column\">\n\t\t\t<div class=\"elementor-widget-wrap elementor-element-populated\">\n\t\t\t\t\t\t<div class=\"elementor-element elementor-element-86baad9 elementor-widget elementor-widget-text-editor\" data-id=\"86baad9\" data-element_type=\"widget\" data-widget_type=\"text-editor.default\">\n\t\t\t\t<div class=\"elementor-widget-container\">\n\t\t\t\t\t\t\t<p style=\"text-align: center\"><span style=\"color: #ffffff\"><b style=\"color: #ffffff\"><a style=\"color: #ffffff\" href=\"https:\/\/herospark.com\/quem-somos\/\">Quem Somos<\/a><\/b><\/span><\/p>\n<p style=\"text-align: center\"><span style=\"color: #ffffff\"><b><a style=\"color: #ffffff\" href=\"https:\/\/herospark.com\/blog\/\">Blog<\/a><\/b><\/span><\/p>\n<p style=\"text-align: center\"><span style=\"color: #ffffff\"><b><a style=\"color: #ffffff\" href=\"https:\/\/herospark.abler.com.br\/\">Vagas<\/a><\/b><\/span><\/p>\t\t\t\t\t\t<\/div>\n\t\t\t\t<\/div>\n\t\t\t\t\t<\/div>\n\t\t<\/div>\n\t\t\t\t<div class=\"elementor-column elementor-col-50 elementor-inner-column elementor-element elementor-element-6d2e292\" data-id=\"6d2e292\" data-element_type=\"column\">\n\t\t\t<div class=\"elementor-widget-wrap elementor-element-populated\">\n\t\t\t\t\t\t<div class=\"elementor-element elementor-element-dbc5e2b elementor-widget elementor-widget-text-editor\" data-id=\"dbc5e2b\" data-element_type=\"widget\" data-widget_type=\"text-editor.default\">\n\t\t\t\t<div class=\"elementor-widget-container\">\n\t\t\t\t\t\t\t<p><span style=\"color: #ffffff\"><b><a style=\"color: #ffffff\" href=\"https:\/\/herospark.com\/comunidades\/\">Comunidades<\/a><\/b><\/span><\/p><p><span style=\"color: #ffffff\"><b><a style=\"color: #ffffff\" href=\"https:\/\/herospark.com\/termos-de-uso\/\">Termos de Uso<\/a><\/b><\/span><\/p><p><span style=\"color: #ffffff\"><b><a style=\"color: #ffffff\" href=\"https:\/\/herospark.com\/politicas-de-privacidade\/\">Pol\u00edtica de Privacidade<\/a><\/b><\/span><\/p>\t\t\t\t\t\t<\/div>\n\t\t\t\t<\/div>\n\t\t\t\t\t<\/div>\n\t\t<\/div>\n\t\t\t\t\t<\/div>\n\t\t<\/section>\n\t\t\t\t\t<\/div>\n\t\t<\/div>\n\t\t\t\t\t<\/div>\n\t\t<\/section>\n\t\t\t\t<section class=\"elementor-section elementor-top-section elementor-element elementor-element-11f39f7 elementor-section-boxed elementor-section-height-default elementor-section-height-default\" data-id=\"11f39f7\" data-element_type=\"section\" data-settings=\"{&quot;background_background&quot;:&quot;classic&quot;}\">\n\t\t\t\t\t\t<div class=\"elementor-container elementor-column-gap-default\">\n\t\t\t\t\t<div class=\"elementor-column elementor-col-25 elementor-top-column elementor-element elementor-element-4845401\" data-id=\"4845401\" data-element_type=\"column\">\n\t\t\t<div class=\"elementor-widget-wrap elementor-element-populated\">\n\t\t\t\t\t\t<div class=\"elementor-element elementor-element-5f2d129 elementor-view-default elementor-widget elementor-widget-icon\" data-id=\"5f2d129\" data-element_type=\"widget\" data-widget_type=\"icon.default\">\n\t\t\t\t<div class=\"elementor-widget-container\">\n\t\t\t\t\t<div class=\"elementor-icon-wrapper\">\n\t\t\t<a class=\"elementor-icon\" href=\"https:\/\/www.facebook.com\/weareherospark\/\" target=\"_blank\">\n\t\t\t<i aria-hidden=\"true\" class=\"fab fa-facebook-square\"><\/i>\t\t\t<\/a>\n\t\t<\/div>\n\t\t\t\t<\/div>\n\t\t\t\t<\/div>\n\t\t\t\t\t<\/div>\n\t\t<\/div>\n\t\t\t\t<div class=\"elementor-column elementor-col-25 elementor-top-column elementor-element elementor-element-4f79ce2\" data-id=\"4f79ce2\" data-element_type=\"column\">\n\t\t\t<div class=\"elementor-widget-wrap elementor-element-populated\">\n\t\t\t\t\t\t<div class=\"elementor-element elementor-element-f93d3a3 elementor-view-default elementor-widget elementor-widget-icon\" data-id=\"f93d3a3\" data-element_type=\"widget\" data-widget_type=\"icon.default\">\n\t\t\t\t<div class=\"elementor-widget-container\">\n\t\t\t\t\t<div class=\"elementor-icon-wrapper\">\n\t\t\t<a class=\"elementor-icon\" href=\"https:\/\/www.youtube.com\/c\/herospark\" target=\"_blank\">\n\t\t\t<i aria-hidden=\"true\" class=\"fab fa-youtube\"><\/i>\t\t\t<\/a>\n\t\t<\/div>\n\t\t\t\t<\/div>\n\t\t\t\t<\/div>\n\t\t\t\t\t<\/div>\n\t\t<\/div>\n\t\t\t\t<div class=\"elementor-column elementor-col-25 elementor-top-column elementor-element elementor-element-c90cc59\" data-id=\"c90cc59\" data-element_type=\"column\">\n\t\t\t<div class=\"elementor-widget-wrap elementor-element-populated\">\n\t\t\t\t\t\t<div class=\"elementor-element elementor-element-8411866 elementor-view-default elementor-widget elementor-widget-icon\" data-id=\"8411866\" data-element_type=\"widget\" data-widget_type=\"icon.default\">\n\t\t\t\t<div class=\"elementor-widget-container\">\n\t\t\t\t\t<div class=\"elementor-icon-wrapper\">\n\t\t\t<a class=\"elementor-icon\" href=\"https:\/\/www.linkedin.com\/company\/herospark\" target=\"_blank\">\n\t\t\t<i aria-hidden=\"true\" class=\"fab fa-linkedin\"><\/i>\t\t\t<\/a>\n\t\t<\/div>\n\t\t\t\t<\/div>\n\t\t\t\t<\/div>\n\t\t\t\t\t<\/div>\n\t\t<\/div>\n\t\t\t\t<div class=\"elementor-column elementor-col-25 elementor-top-column elementor-element elementor-element-a23ee80\" data-id=\"a23ee80\" data-element_type=\"column\">\n\t\t\t<div class=\"elementor-widget-wrap elementor-element-populated\">\n\t\t\t\t\t\t<div class=\"elementor-element elementor-element-d0ed92c elementor-view-default elementor-widget elementor-widget-icon\" data-id=\"d0ed92c\" data-element_type=\"widget\" data-widget_type=\"icon.default\">\n\t\t\t\t<div class=\"elementor-widget-container\">\n\t\t\t\t\t<div class=\"elementor-icon-wrapper\">\n\t\t\t<a class=\"elementor-icon\" href=\"https:\/\/www.instagram.com\/herospark\/\" target=\"_blank\">\n\t\t\t<i aria-hidden=\"true\" class=\"fab fa-instagram\"><\/i>\t\t\t<\/a>\n\t\t<\/div>\n\t\t\t\t<\/div>\n\t\t\t\t<\/div>\n\t\t\t\t\t<\/div>\n\t\t<\/div>\n\t\t\t\t\t<\/div>\n\t\t<\/section>\n\t\t\t\t<\/div>\n\t\t","protected":false},"excerpt":{"rendered":"Seu checkout &eacute; seguro? Confira dicas do especialista da HeroSpark Transcri&ccedil;&atilde;o do V&iacute;deo Fala pessoal, aqui &eacute; o Jeferson, Cofundador e Head de Pagamentos e Fraude da HeroSpark.&nbsp; &nbsp; Neste&hellip;\n","protected":false},"author":7,"featured_media":0,"parent":0,"menu_order":0,"comment_status":"closed","ping_status":"closed","template":"elementor_canvas","meta":{"content-type":"","_uag_custom_page_level_css":"","footnotes":""},"yst_prominent_words":[168,449,50,1896,318,158,1927],"class_list":["post-2357","page","type-page","status-publish"],"acf":[],"uagb_featured_image_src":{"full":false,"thumbnail":false,"medium":false,"medium_large":false,"large":false,"1536x1536":false,"2048x2048":false,"pk-small":false,"pk-thumbnail":false,"cs-small":false,"cs-intermediate":false,"cs-thumbnail":false,"cs-thumbnail-uncropped":false,"cs-medium":false,"cs-large":false,"web-stories-poster-portrait":false,"web-stories-publisher-logo":false,"web-stories-thumbnail":false},"uagb_author_info":{"display_name":"lucas","author_link":"https:\/\/herospark.com\/blog\/author\/lucas\/"},"uagb_comment_info":0,"uagb_excerpt":"Seu checkout &eacute; seguro? Confira dicas do especialista da HeroSpark Transcri&ccedil;&atilde;o do V&iacute;deo Fala pessoal, aqui &eacute; o Jeferson, Cofundador e Head de Pagamentos e Fraude da HeroSpark.&nbsp; &nbsp; Neste&hellip;","yoast_head":"<!-- This site is optimized with the Yoast SEO Premium plugin v14.3 - https:\/\/yoast.com\/wordpress\/plugins\/seo\/ -->\n<title>Seu Checkout \u00e9 seguro? Confira dicas de seguran\u00e7a | HeroSpark Blog<\/title>\n<meta name=\"description\" content=\"Confira Dicas do especialista Jeferson, Cofundador e Head de Pagamentos e Fraude da HeroSpark. sobre seguran\u00e7a em plataformas de pagamentos para produtos online.\" \/>\n<meta name=\"robots\" content=\"index, follow\" \/>\n<meta name=\"googlebot\" content=\"index, follow, max-snippet:-1, max-image-preview:large, max-video-preview:-1\" \/>\n<meta name=\"bingbot\" content=\"index, follow, max-snippet:-1, max-image-preview:large, max-video-preview:-1\" \/>\n<link rel=\"canonical\" href=\"https:\/\/herospark.com\/blog\/seu-checkout-e-seguro-confira-dicas-de-seguranca-da-informacao\/\" \/>\n<meta property=\"og:locale\" content=\"pt_BR\" \/>\n<meta property=\"og:type\" content=\"article\" \/>\n<meta property=\"og:title\" content=\"Seu Checkout \u00e9 seguro? Confira dicas de seguran\u00e7a | HeroSpark Blog\" \/>\n<meta property=\"og:description\" content=\"Confira Dicas do especialista Jeferson, Cofundador e Head de Pagamentos e Fraude da HeroSpark. sobre seguran\u00e7a em plataformas de pagamentos para produtos online.\" \/>\n<meta property=\"og:url\" content=\"https:\/\/herospark.com\/blog\/seu-checkout-e-seguro-confira-dicas-de-seguranca-da-informacao\/\" \/>\n<meta property=\"og:site_name\" content=\"HeroSpark Blog\" \/>\n<meta property=\"article:modified_time\" content=\"2021-03-10T13:51:43+00:00\" \/>\n<meta property=\"og:image\" content=\"https:\/\/herospark.com\/blog\/wp-content\/uploads\/sites\/6\/elementor\/thumbs\/Logos-600x100-1-oz1coh5u24d9o2o04w19su57llgxvvzjz8yrac0dfw.png\" \/>\n<meta name=\"twitter:card\" content=\"summary_large_image\" \/>\n<!-- \/ Yoast SEO Premium plugin. -->","amp_enabled":false,"_links":{"self":[{"href":"https:\/\/herospark.com\/blog\/wp-json\/wp\/v2\/pages\/2357","targetHints":{"allow":["GET"]}}],"collection":[{"href":"https:\/\/herospark.com\/blog\/wp-json\/wp\/v2\/pages"}],"about":[{"href":"https:\/\/herospark.com\/blog\/wp-json\/wp\/v2\/types\/page"}],"author":[{"embeddable":true,"href":"https:\/\/herospark.com\/blog\/wp-json\/wp\/v2\/users\/7"}],"replies":[{"embeddable":true,"href":"https:\/\/herospark.com\/blog\/wp-json\/wp\/v2\/comments?post=2357"}],"version-history":[{"count":0,"href":"https:\/\/herospark.com\/blog\/wp-json\/wp\/v2\/pages\/2357\/revisions"}],"wp:attachment":[{"href":"https:\/\/herospark.com\/blog\/wp-json\/wp\/v2\/media?parent=2357"}],"wp:term":[{"taxonomy":"yst_prominent_words","embeddable":true,"href":"https:\/\/herospark.com\/blog\/wp-json\/wp\/v2\/yst_prominent_words?post=2357"}],"curies":[{"name":"wp","href":"https:\/\/api.w.org\/{rel}","templated":true}]}}