{"id":9547,"date":"2022-10-14T09:59:27","date_gmt":"2022-10-14T12:59:27","guid":{"rendered":"https:\/\/herospark.com\/blog\/?page_id=9547"},"modified":"2025-04-23T09:05:15","modified_gmt":"2025-04-23T12:05:15","slug":"gestao-de-negocio-digital","status":"publish","type":"page","link":"https:\/\/herospark.com\/blog\/gestao-de-negocio-digital\/","title":{"rendered":"Tudo o que voc\u00ea precisa saber sobre gest\u00e3o de neg\u00f3cio digital"},"content":{"rendered":"\n<p>O mercado digital \u00e9 um ambiente de oportunidades para quem deseja criar um neg\u00f3cio escal\u00e1vel e inovador. Mas, para alcan\u00e7ar resultados consistentes, \u00e9 necess\u00e1rio investir em planejamento e em uma estrat\u00e9gia de gest\u00e3o de neg\u00f3cio digital.<\/p>\n\n\n\n<p>Por isso, neste artigo, detalhamos tudo o que voc\u00ea precisa saber para realizar uma gest\u00e3o de neg\u00f3cio digital eficiente e preparar o caminho de sucesso da sua marca. Confira agora!&nbsp;<\/p>\n\n\n\n<h2 class=\"wp-block-heading\">O que \u00e9 gest\u00e3o de produtos digitais?<\/h2>\n\n\n\n<p>Quando falamos em gest\u00e3o de neg\u00f3cios digitais estamos nos referindo a um conjunto de <strong>estrat\u00e9gias e a\u00e7\u00f5es voltadas para gera\u00e7\u00e3o de valor<\/strong> de seus produtos e servi\u00e7os no mercado digital.<\/p>\n\n\n\n<p>Al\u00e9m disso, a gest\u00e3o de produtos digitais tamb\u00e9m foca no planejamento estrat\u00e9gico, tanto para a cria\u00e7\u00e3o de campanhas mais assertivas quanto para tornar as iniciativas e seus resultados mais previs\u00edveis.&nbsp;<\/p>\n\n\n\n<p>Dessa forma, a gest\u00e3o de neg\u00f3cios digitais tamb\u00e9m atua para evitar crises e enxergar as melhores oportunidades de vendas.&nbsp;<\/p>\n\n\n\n<p><strong>Conhe\u00e7a mais detalhes sobre a gest\u00e3o de produtos digitais<\/strong><\/p>\n\n\n\n<div class=\"wp-block-columns is-layout-flex wp-container-core-columns-is-layout-9d6595d7 wp-block-columns-is-layout-flex\">\n<div class=\"wp-block-column is-layout-flow wp-block-column-is-layout-flow\">\n<div class=\"wp-block-buttons is-layout-flex wp-block-buttons-is-layout-flex\">\n<div class=\"wp-block-button\"><a class=\"wp-block-button__link\" href=\"https:\/\/herospark.com\/blog\/gestao\/\" target=\"_blank\" rel=\"noreferrer noopener\">O que \u00e9 gest\u00e3o? \u2197<\/a><\/div>\n<\/div>\n<\/div>\n\n\n\n<div class=\"wp-block-column is-layout-flow wp-block-column-is-layout-flow\">\n<div class=\"wp-block-buttons is-layout-flex wp-block-buttons-is-layout-flex\">\n<div class=\"wp-block-button\"><a class=\"wp-block-button__link\" href=\"https:\/\/herospark.com\/blog\/gestao-de-produtos-digitais\/\" target=\"_blank\" rel=\"noreferrer noopener\">Gest\u00e3o de produtos digitais: o que \u00e9 e como fazer? \u2197<\/a><\/div>\n<\/div>\n<\/div>\n<\/div>\n\n\n\n<h2 class=\"wp-block-heading\">Como administrar uma empresa?<\/h2>\n\n\n\n<p>Para uma empresa alcan\u00e7ar o sucesso, \u00e9 preciso ter um produto vi\u00e1vel e garantir que o neg\u00f3cio seja bem administrado. E quando falamos em administra\u00e7\u00e3o de empresas, estamos nos referindo a <strong>todo processo de organiza\u00e7\u00e3o, planejamento e gest\u00e3o dos recursos.<\/strong><\/p>\n\n\n\n<p>Os recursos de uma empresa podem ser de ordem material, intelectual e humana. Assim, realizar uma administra\u00e7\u00e3o eficaz \u00e9 conseguir gerenci\u00e1-los evitando crises e aproveitando ao m\u00e1ximo o potencial dos recursos.<\/p>\n\n\n\n<p><strong>Descubra como administrar um novo neg\u00f3cio\u00a0<\/strong><\/p>\n\n\n\n<div class=\"wp-block-buttons is-layout-flex wp-block-buttons-is-layout-flex\">\n<div class=\"wp-block-button\"><a class=\"wp-block-button__link\" href=\"https:\/\/herospark.com\/blog\/como-administrar-uma-empresa\/\" target=\"_blank\" rel=\"noreferrer noopener\">Como administrar uma empresa que est\u00e1 come\u00e7ando? \u2197<\/a><\/div>\n<\/div>\n\n\n\n<h2 class=\"wp-block-heading\">Quais an\u00e1lises devo fazer na gest\u00e3o de neg\u00f3cio digital?<\/h2>\n\n\n\n<p>Uma gest\u00e3o de neg\u00f3cio digital tamb\u00e9m envolve an\u00e1lises peri\u00f3dicas para o acompanhamento de resultados e identifica\u00e7\u00e3o de oportunidades.&nbsp;<\/p>\n\n\n\n<p>Isso \u00e9 poss\u00edvel por meio do <strong>estabelecimento de m\u00e9tricas <\/strong>no planejamento estrat\u00e9gico do neg\u00f3cio e da utiliza\u00e7\u00e3o de ferramentas de diagn\u00f3stico.<\/p>\n\n\n\n<p>Esses recursos analisam n\u00e3o apenas a situa\u00e7\u00e3o interna da empresa, mas tamb\u00e9m o cen\u00e1rio do mercado e o desempenho da concorr\u00eancia. Isso permite fortalecer os pontos fortes do neg\u00f3cio e melhorar outros pontos para que sejam mais desenvolvidos.&nbsp;&nbsp;<\/p>\n\n\n\n<p><strong>Saiba mais sobre as t\u00e9cnicas de an\u00e1lise que voc\u00ea deve fazer na gest\u00e3o do seu neg\u00f3cio<\/strong><\/p>\n\n\n\n<div class=\"wp-block-columns is-layout-flex wp-container-core-columns-is-layout-9d6595d7 wp-block-columns-is-layout-flex\">\n<div class=\"wp-block-column is-layout-flow wp-block-column-is-layout-flow\">\n<div class=\"wp-block-buttons is-layout-flex wp-block-buttons-is-layout-flex\">\n<div class=\"wp-block-button\"><a class=\"wp-block-button__link\" href=\"https:\/\/herospark.com\/blog\/analise-da-concorrencia\/\" target=\"_blank\" rel=\"noreferrer noopener\">Como fazer an\u00e1lise de concorr\u00eancia \u2197<\/a><\/div>\n<\/div>\n<\/div>\n\n\n\n<div class=\"wp-block-column is-layout-flow wp-block-column-is-layout-flow\">\n<div class=\"wp-block-buttons is-layout-flex wp-block-buttons-is-layout-flex\">\n<div class=\"wp-block-button\"><a class=\"wp-block-button__link\" href=\"https:\/\/herospark.com\/blog\/o-que-e-analise-swot\/\" target=\"_blank\" rel=\"noreferrer noopener\">O que \u00e9 an\u00e1lise SWOT? \u2197<\/a><\/div>\n<\/div>\n<\/div>\n\n\n\n<div class=\"wp-block-column is-layout-flow wp-block-column-is-layout-flow\">\n<div class=\"wp-block-buttons is-layout-flex wp-block-buttons-is-layout-flex\">\n<div class=\"wp-block-button\"><a class=\"wp-block-button__link\" href=\"https:\/\/herospark.com\/blog\/analise-swot-exemplo\/\" target=\"_blank\" rel=\"noreferrer noopener\">An\u00e1lise SWOT: Exemplo de como fazer \u2197<\/a><\/div>\n<\/div>\n<\/div>\n<\/div>\n\n\n\n<div class=\"wp-block-columns is-layout-flex wp-container-core-columns-is-layout-9d6595d7 wp-block-columns-is-layout-flex\">\n<div class=\"wp-block-column is-layout-flow wp-block-column-is-layout-flow\">\n<div class=\"wp-block-buttons is-layout-flex wp-block-buttons-is-layout-flex\">\n<div class=\"wp-block-button\"><a class=\"wp-block-button__link\" href=\"https:\/\/herospark.com\/blog\/nps-o-que-e\/\" target=\"_blank\" rel=\"noreferrer noopener\">NPS: o que \u00e9 e como aplicar no neg\u00f3cio digital? \u2197<\/a><\/div>\n<\/div>\n<\/div>\n\n\n\n<div class=\"wp-block-column is-layout-flow wp-block-column-is-layout-flow\">\n<div class=\"wp-block-buttons is-layout-flex wp-block-buttons-is-layout-flex\">\n<div class=\"wp-block-button\"><a class=\"wp-block-button__link\" href=\"https:\/\/herospark.com\/blog\/exemplo-de-canvas-pronto\/\" target=\"_blank\" rel=\"noreferrer noopener\">Exemplo de Canvas pronto \u2197<\/a><\/div>\n<\/div>\n<\/div>\n<\/div>\n\n\n\n<h2 class=\"wp-block-heading\">Como precificar um produto digital?<\/h2>\n\n\n\n<p>A precifica\u00e7\u00e3o \u00e9 um dos maiores desafios de quem est\u00e1 come\u00e7ando na gest\u00e3o de um neg\u00f3cio digital. Afinal, mais do que um n\u00famero, <strong>o pre\u00e7o representa uma s\u00e9rie de etapas<\/strong> da produ\u00e7\u00e3o e lan\u00e7amento da oferta.&nbsp;<\/p>\n\n\n\n<p>Al\u00e9m disso, o pre\u00e7o \u00e9 um elemento de competitividade que, atrelado \u00e0 qualidade e ao perfil de compra do p\u00fablico-alvo, \u00e9 um dos fatores determinantes para que uma venda seja fechada.<\/p>\n\n\n\n<p>Por isso, na hora de precificar um produto digital, \u00e9 fundamental estudar o mercado e compreender todos os custos que envolvem a produ\u00e7\u00e3o.&nbsp;<\/p>\n\n\n\n<p>Assim, vai ser poss\u00edvel chegar a um valor que seja justo para o infoprodutor e atrativo para o cliente em potencial.<\/p>\n\n\n\n<p><strong>Veja como \u00e9 feita a precifica\u00e7\u00e3o de produtos digitais<\/strong><\/p>\n\n\n\n<div class=\"wp-block-columns is-layout-flex wp-container-core-columns-is-layout-9d6595d7 wp-block-columns-is-layout-flex\">\n<div class=\"wp-block-column is-layout-flow wp-block-column-is-layout-flow\">\n<div class=\"wp-block-buttons is-layout-flex wp-block-buttons-is-layout-flex\">\n<div class=\"wp-block-button\"><a class=\"wp-block-button__link\" href=\"https:\/\/herospark.com\/blog\/como-precificar-um-produto-digital\/\" target=\"_blank\" rel=\"noreferrer noopener\">Como precificar um produto digital? \u2197<\/a><\/div>\n<\/div>\n<\/div>\n\n\n\n<div class=\"wp-block-column is-layout-flow wp-block-column-is-layout-flow\">\n<div class=\"wp-block-buttons is-layout-flex wp-block-buttons-is-layout-flex\">\n<div class=\"wp-block-button\"><a class=\"wp-block-button__link\" href=\"https:\/\/herospark.com\/blog\/o-que-e-ticket-medio\/\" target=\"_blank\" rel=\"noreferrer noopener\">O que \u00e9 ticket m\u00e9dio e como calcular? \u2197<\/a><\/div>\n<\/div>\n<\/div>\n\n\n\n<div class=\"wp-block-column is-layout-flow wp-block-column-is-layout-flow\">\n<div class=\"wp-block-buttons is-layout-flex wp-block-buttons-is-layout-flex\">\n<div class=\"wp-block-button\"><a class=\"wp-block-button__link\" href=\"https:\/\/herospark.com\/blog\/planilha-para-calcular-preco-de-venda-de-um-produto\/\" target=\"_blank\" rel=\"noreferrer noopener\">GR\u00c1TIS: Planilha para calcular pre\u00e7o de um produto \u2197<\/a><\/div>\n<\/div>\n<\/div>\n<\/div>\n\n\n\n<h2 class=\"wp-block-heading\">Como garantir a satisfa\u00e7\u00e3o do cliente?<\/h2>\n\n\n\n<p>No mercado digital, a garantia de satisfa\u00e7\u00e3o do cliente envolve diversos aspectos, mas o principal \u00e9 a experi\u00eancia positiva que o produto pode oferecer.<\/p>\n\n\n\n<p>Al\u00e9m do produto em si, o atendimento, os canais de venda e at\u00e9 a ferramenta de pagamento contribuem para a satisfa\u00e7\u00e3o do cliente.&nbsp;&nbsp;<\/p>\n\n\n\n<p><strong>Entenda como \u00e9 poss\u00edvel garantir a melhor experi\u00eancia para os clientes<\/strong><\/p>\n\n\n\n<div class=\"wp-block-columns is-layout-flex wp-container-core-columns-is-layout-9d6595d7 wp-block-columns-is-layout-flex\">\n<div class=\"wp-block-column is-layout-flow wp-block-column-is-layout-flow\">\n<div class=\"wp-block-buttons is-layout-flex wp-block-buttons-is-layout-flex\">\n<div class=\"wp-block-button\"><a class=\"wp-block-button__link\" href=\"https:\/\/herospark.com\/blog\/publico-alvo\/\" target=\"_blank\" rel=\"noreferrer noopener\">P\u00fablico-alvo: o que \u00e9 e como definir? \u2197<\/a><\/div>\n<\/div>\n<\/div>\n\n\n\n<div class=\"wp-block-column is-layout-flow wp-block-column-is-layout-flow\">\n<div class=\"wp-block-buttons is-layout-flex wp-block-buttons-is-layout-flex\">\n<div class=\"wp-block-button\"><a class=\"wp-block-button__link\" href=\"https:\/\/herospark.com\/blog\/o-que-e-pos-venda\/\" target=\"_blank\" rel=\"noreferrer noopener\">O que \u00e9 p\u00f3s-venda e como fidelizar clientes? \u2197<\/a><\/div>\n<\/div>\n<\/div>\n\n\n\n<div class=\"wp-block-column is-layout-flow wp-block-column-is-layout-flow\">\n<div class=\"wp-block-buttons is-layout-flex wp-block-buttons-is-layout-flex\">\n<div class=\"wp-block-button\"><a class=\"wp-block-button__link\" href=\"https:\/\/herospark.com\/blog\/satisfacao-do-cliente\/\" target=\"_blank\" rel=\"noreferrer noopener\">Como garantir a satisfa\u00e7\u00e3o do cliente? \u2197<\/a><\/div>\n<\/div>\n<\/div>\n<\/div>\n\n\n\n<p>Uma das iniciativas que podem ajudar a garantir os melhores resultados na gest\u00e3o de neg\u00f3cio digital \u00e9 a realiza\u00e7\u00e3o de um <strong>estudo de mercado.<\/strong><\/p>\n\n\n\n<p>Esse estudo permite que os infoprodutores conhe\u00e7am melhor o segmento e, principalmente, sua concorr\u00eancia. Mas, para que essa an\u00e1lise seja assertiva, \u00e9 necess\u00e1rio utilizar os melhores recursos.<\/p>\n\n\n\n<p>Por isso, criamos uma ferramenta que vai lhe auxiliar a detectar as melhores oportunidades no mercado. <a href=\"https:\/\/contents.herospark.com\/ferramenta-analise-concorrencia?_ga=2.211296725.1524936955.1665356602-469885293.1663718040\"><strong>Baixe agora<\/strong><\/a><strong> a Ferramenta de An\u00e1lise de Concorr\u00eancia da HeroSpark. \u00c9 gratuita!<\/strong><\/p>\n","protected":false},"excerpt":{"rendered":"O mercado digital &eacute; um ambiente de oportunidades para quem deseja criar um neg&oacute;cio escal&aacute;vel e inovador. Mas, para alcan&ccedil;ar resultados consistentes, &eacute; necess&aacute;rio investir em planejamento e em uma&hellip;\n","protected":false},"author":63,"featured_media":0,"parent":0,"menu_order":0,"comment_status":"closed","ping_status":"closed","template":"","meta":{"content-type":"","_uag_custom_page_level_css":"","footnotes":""},"yst_prominent_words":[68,747,2260,158,590,879,576,575,327,145],"class_list":["post-9547","page","type-page","status-publish"],"acf":[],"uagb_featured_image_src":{"full":false,"thumbnail":false,"medium":false,"medium_large":false,"large":false,"1536x1536":false,"2048x2048":false,"pk-small":false,"pk-thumbnail":false,"cs-small":false,"cs-intermediate":false,"cs-thumbnail":false,"cs-thumbnail-uncropped":false,"cs-medium":false,"cs-large":false,"web-stories-poster-portrait":false,"web-stories-publisher-logo":false,"web-stories-thumbnail":false},"uagb_author_info":{"display_name":"Nilson Filatieri","author_link":"https:\/\/herospark.com\/blog\/author\/nilson\/"},"uagb_comment_info":0,"uagb_excerpt":"O mercado digital &eacute; um ambiente de oportunidades para quem deseja criar um neg&oacute;cio escal&aacute;vel e inovador. Mas, para alcan&ccedil;ar resultados consistentes, &eacute; necess&aacute;rio investir em planejamento e em uma&hellip;","yoast_head":"<!-- This site is optimized with the Yoast SEO Premium plugin v14.3 - https:\/\/yoast.com\/wordpress\/plugins\/seo\/ -->\n<title>Tudo o que voc\u00ea precisa saber sobre gest\u00e3o de neg\u00f3cio digital | HeroSpark Blog<\/title>\n<meta name=\"robots\" content=\"index, follow\" \/>\n<meta name=\"googlebot\" content=\"index, follow, max-snippet:-1, max-image-preview:large, max-video-preview:-1\" \/>\n<meta name=\"bingbot\" content=\"index, follow, max-snippet:-1, max-image-preview:large, max-video-preview:-1\" \/>\n<link rel=\"canonical\" href=\"https:\/\/herospark.com\/blog\/gestao-de-negocio-digital\/\" \/>\n<meta property=\"og:locale\" content=\"pt_BR\" \/>\n<meta property=\"og:type\" content=\"article\" \/>\n<meta property=\"og:title\" content=\"Tudo o que voc\u00ea precisa saber sobre gest\u00e3o de neg\u00f3cio digital | HeroSpark Blog\" \/>\n<meta property=\"og:description\" content=\"O mercado digital &eacute; um ambiente de oportunidades para quem deseja criar um neg&oacute;cio escal&aacute;vel e inovador. Mas, para alcan&ccedil;ar resultados consistentes, &eacute; necess&aacute;rio investir em planejamento e em uma&hellip;\" \/>\n<meta property=\"og:url\" content=\"https:\/\/herospark.com\/blog\/gestao-de-negocio-digital\/\" \/>\n<meta property=\"og:site_name\" content=\"HeroSpark Blog\" \/>\n<meta property=\"article:modified_time\" content=\"2025-04-23T12:05:15+00:00\" \/>\n<meta name=\"twitter:card\" content=\"summary_large_image\" \/>\n<!-- \/ Yoast SEO Premium plugin. -->","amp_enabled":true,"_links":{"self":[{"href":"https:\/\/herospark.com\/blog\/wp-json\/wp\/v2\/pages\/9547","targetHints":{"allow":["GET"]}}],"collection":[{"href":"https:\/\/herospark.com\/blog\/wp-json\/wp\/v2\/pages"}],"about":[{"href":"https:\/\/herospark.com\/blog\/wp-json\/wp\/v2\/types\/page"}],"author":[{"embeddable":true,"href":"https:\/\/herospark.com\/blog\/wp-json\/wp\/v2\/users\/63"}],"replies":[{"embeddable":true,"href":"https:\/\/herospark.com\/blog\/wp-json\/wp\/v2\/comments?post=9547"}],"version-history":[{"count":0,"href":"https:\/\/herospark.com\/blog\/wp-json\/wp\/v2\/pages\/9547\/revisions"}],"wp:attachment":[{"href":"https:\/\/herospark.com\/blog\/wp-json\/wp\/v2\/media?parent=9547"}],"wp:term":[{"taxonomy":"yst_prominent_words","embeddable":true,"href":"https:\/\/herospark.com\/blog\/wp-json\/wp\/v2\/yst_prominent_words?post=9547"}],"curies":[{"name":"wp","href":"https:\/\/api.w.org\/{rel}","templated":true}]}}