{"id":9604,"date":"2022-10-19T09:13:06","date_gmt":"2022-10-19T12:13:06","guid":{"rendered":"https:\/\/herospark.com\/blog\/?page_id=9604"},"modified":"2022-10-19T09:13:10","modified_gmt":"2022-10-19T12:13:10","slug":"como-criar-ebook","status":"publish","type":"page","link":"https:\/\/herospark.com\/blog\/como-criar-ebook\/","title":{"rendered":"Como criar ebook: Tudo o que voc\u00ea precisa saber"},"content":{"rendered":"\n<p>Hoje em dia, existem diversas formas de uma pessoa compartilhar os seus conhecimentos, e uma das mais utilizadas \u00e9 criando um ebook.<\/p>\n\n\n\n<p>Esse \u00e9 um um material 100% customiz\u00e1vel, no qual voc\u00ea pode adicionar a sua identidade visual e deix\u00e1-lo a sua cara. Sem contar que ele pode ser consumido em diversos aparelhos, desde o Kindle at\u00e9 um computador!<\/p>\n\n\n\n<p>Por isso, se voc\u00ea gosta desse formato de conte\u00fado e quer saber como criar o seu ebook, fique com a gente neste artigo que voc\u00ea conhecer\u00e1 tudo sobre ele! Boa leitura!<\/p>\n\n\n\n<h2 class=\"wp-block-heading\">O que \u00e9 ebook?<\/h2>\n\n\n\n<p>Ebook \u00e9 basicamente um <strong>livro digital<\/strong> utilizado para oferecer ao p\u00fablico uma vers\u00e3o mais aprofundada de um conhecimento espec\u00edfico.<\/p>\n\n\n\n<p>Como o conte\u00fado que ele oferece \u00e9, de certa forma, mais exclusivo, geralmente \u00e9 necess\u00e1rio que o usu\u00e1rio realize uma a\u00e7\u00e3o para poder acessar esse material.<\/p>\n\n\n\n<p>Essa a\u00e7\u00e3o pode ser preencher um formul\u00e1rio com seus dados para ter acesso de forma gratuita ao livro ou ent\u00e3o realizar a compra efetivamente desse material.&nbsp;<\/p>\n\n\n\n<p><strong>Entenda mais o que \u00e9 um ebook<\/strong><\/p>\n\n\n\n<div class=\"wp-block-buttons is-layout-flex wp-block-buttons-is-layout-flex\">\n<div class=\"wp-block-button\"><a class=\"wp-block-button__link\" href=\"https:\/\/herospark.com\/blog\/ebook\/\" target=\"_blank\" rel=\"noreferrer noopener\">O que \u00e9 um ebook e por que cri\u00e1-lo? \u2197<\/a><\/div>\n<\/div>\n\n\n\n<h2 class=\"wp-block-heading\">Como fazer seu pr\u00f3prio ebook?<\/h2>\n\n\n\n<p>O processo de cria\u00e7\u00e3o de um ebook pode ser feito em menos de 10 passos, em que \u00e9 necess\u00e1rio:<\/p>\n\n\n\n<ol class=\"wp-block-list\"><li>Escolher o tema do ebook;<\/li><li>Dividir o tema em t\u00f3picos;<\/li><li>Escrever sobre eles;<\/li><li>Adicionar imagens;<\/li><li>Formatar o ebook;<\/li><li>Revisar os detalhes;<\/li><li>Hosped\u00e1-lo em uma plataforma;<\/li><li>Divulgar o material.<\/li><\/ol>\n\n\n\n<p>No entanto, apesar de parecer simples, \u00e9 preciso se dedicar a cada um dessas etapas para gerar um material que o p\u00fablico realmente valorize.<\/p>\n\n\n\n<p><strong>Saiba como criar um bom ebook<\/strong><\/p>\n\n\n\n<div class=\"wp-block-columns is-layout-flex wp-container-core-columns-is-layout-9d6595d7 wp-block-columns-is-layout-flex\">\n<div class=\"wp-block-column is-layout-flow wp-block-column-is-layout-flow\">\n<div class=\"wp-block-buttons is-layout-flex wp-block-buttons-is-layout-flex\">\n<div class=\"wp-block-button\"><a class=\"wp-block-button__link\" href=\"https:\/\/herospark.com\/blog\/como-criar-um-ebook\/\">Como criar um ebook em apenas 7 passos \u2197<\/a><\/div>\n<\/div>\n<\/div>\n\n\n\n<div class=\"wp-block-column is-layout-flow wp-block-column-is-layout-flow\">\n<div class=\"wp-block-buttons is-layout-flex wp-block-buttons-is-layout-flex\">\n<div class=\"wp-block-button\"><a class=\"wp-block-button__link\" href=\"https:\/\/herospark.com\/blog\/como-fazer-um-ebook\/\">Como fazer um ebook do zero \u2197<\/a><\/div>\n<\/div>\n<\/div>\n<\/div>\n\n\n\n<h2 class=\"wp-block-heading\">Como criar um ebook gratuito?<\/h2>\n\n\n\n<p>Apesar de os ebooks serem muito utilizados como o produto digital principal de infoprodutores, voc\u00ea tamb\u00e9m pode oferec\u00ea-lo de forma gratuita para o seu p\u00fablico.<\/p>\n\n\n\n<p>Geralmente, quando essa estrat\u00e9gia \u00e9 utilizada, o <strong>ebook serve como isca <\/strong>para voc\u00ea gerar mais leads e qualific\u00e1-los para, depois, realizar uma venda maior.<\/p>\n\n\n\n<p>Dessa forma, voc\u00ea consegue usar o ebook para atrair um p\u00fablico que se interessa pela sua solu\u00e7\u00e3o e, assim, criar um relacionamento duradouro com ele.<\/p>\n\n\n\n<p><strong>Veja como conquistar leads com o seu ebook<\/strong><\/p>\n\n\n\n<div class=\"wp-block-columns is-layout-flex wp-container-core-columns-is-layout-9d6595d7 wp-block-columns-is-layout-flex\">\n<div class=\"wp-block-column is-layout-flow wp-block-column-is-layout-flow\">\n<div class=\"wp-block-buttons is-layout-flex wp-block-buttons-is-layout-flex\">\n<div class=\"wp-block-button\"><a class=\"wp-block-button__link\" href=\"https:\/\/herospark.com\/blog\/como-criar-um-e-book-gratuito\">Crie um ebook sem gastar nada \u2197<\/a><\/div>\n<\/div>\n<\/div>\n\n\n\n<div class=\"wp-block-column is-layout-flow wp-block-column-is-layout-flow\">\n<div class=\"wp-block-buttons is-layout-flex wp-block-buttons-is-layout-flex\">\n<div class=\"wp-block-button\"><a class=\"wp-block-button__link\" href=\"https:\/\/herospark.com\/blog\/como-escrever-um-e-book\/\">Conquiste leads com seu ebook \u2197<\/a><\/div>\n<\/div>\n<\/div>\n<\/div>\n\n\n\n<h2 class=\"wp-block-heading\">Qual a melhor plataforma para criar ebook?<\/h2>\n\n\n\n<p>Outro ponto fundamental na hora de criar o seu ebook \u00e9 escolher algumas ferramentas e plataformas eficientes, tanto para produzi-lo quanto para hosped\u00e1-lo.&nbsp;<\/p>\n\n\n\n<p>Al\u00e9m disso, caso voc\u00ea queira vender o seu ebook, tamb\u00e9m \u00e9 importante contar com uma ferramenta que conte com sistema de pagamento e checkout integrado.&nbsp;<\/p>\n\n\n\n<p>Mas n\u00e3o \u00e9 s\u00f3 isso! Existem diversos outros recursos que voc\u00ea precisa conhecer para tornar a cria\u00e7\u00e3o e disponibiliza\u00e7\u00e3o do seu ebook poss\u00edvel.<\/p>\n\n\n\n<p><strong>Conhe\u00e7a algumas formas de criar e hospedar o seu ebook<\/strong><\/p>\n\n\n\n<div class=\"wp-block-columns is-layout-flex wp-container-core-columns-is-layout-9d6595d7 wp-block-columns-is-layout-flex\">\n<div class=\"wp-block-column is-layout-flow wp-block-column-is-layout-flow\">\n<div class=\"wp-block-buttons is-layout-flex wp-block-buttons-is-layout-flex\">\n<div class=\"wp-block-button\"><a class=\"wp-block-button__link\" href=\"https:\/\/herospark.com\/blog\/plataforma-para-vender-e-book\/\">Como escolher uma boa plataforma para vender ebook? \u2197<\/a><\/div>\n<\/div>\n<\/div>\n\n\n\n<div class=\"wp-block-column is-layout-flow wp-block-column-is-layout-flow\">\n<div class=\"wp-block-buttons is-layout-flex wp-block-buttons-is-layout-flex\">\n<div class=\"wp-block-button\"><a class=\"wp-block-button__link\" href=\"https:\/\/herospark.com\/blog\/como-fazer-um-ebook-no-canva\/\">Como fazer um ebook no Canva? \u2197<\/a><\/div>\n<\/div>\n<\/div>\n\n\n\n<div class=\"wp-block-column is-layout-flow wp-block-column-is-layout-flow\">\n<div class=\"wp-block-buttons is-layout-flex wp-block-buttons-is-layout-flex\">\n<div class=\"wp-block-button\"><a class=\"wp-block-button__link\" href=\"https:\/\/herospark.com\/blog\/como-fazer-um-ebook-no-powerpoint\/\">Como fazer um ebook no PowerPoint? \u2197<\/a><\/div>\n<\/div>\n<\/div>\n<\/div>\n\n\n\n<div class=\"wp-block-columns is-layout-flex wp-container-core-columns-is-layout-9d6595d7 wp-block-columns-is-layout-flex\">\n<div class=\"wp-block-column is-layout-flow wp-block-column-is-layout-flow\">\n<div class=\"wp-block-buttons is-layout-flex wp-block-buttons-is-layout-flex\">\n<div class=\"wp-block-button\"><a class=\"wp-block-button__link\" href=\"https:\/\/herospark.com\/blog\/como-fazer-um-e-book-no-word\/\">Como fazer um ebook no Word? \u2197<\/a><\/div>\n<\/div>\n<\/div>\n\n\n\n<div class=\"wp-block-column is-layout-flow wp-block-column-is-layout-flow\">\n<div class=\"wp-block-buttons is-layout-flex wp-block-buttons-is-layout-flex\">\n<div class=\"wp-block-button\"><a class=\"wp-block-button__link\" href=\"https:\/\/herospark.com\/blog\/como-fazer-um-e-book-no-celular\/\">4 dicas para voc\u00ea fazer um ebook pelo celular \u2197<\/a><\/div>\n<\/div>\n<\/div>\n<\/div>\n\n\n\n<h2 class=\"wp-block-heading\">Qual valor para criar ebook?<\/h2>\n\n\n\n<p>Uma d\u00favida bem comum na hora de criar um ebook \u00e9 em rela\u00e7\u00e3o ao seu valor de produ\u00e7\u00e3o. Afinal, quanto voc\u00ea precisar\u00e1 investir para desenvolver o seu ebook?<\/p>\n\n\n\n<p>Muitas pessoas acreditam que \u00e9 preciso investir um valor bem alto na hora de criar um ebook, e essa cren\u00e7a pode acabar afastando-as de produzir esse material.<\/p>\n\n\n\n<p>No entanto, saiba que<strong> \u00e9 poss\u00edvel encontrar formas 100% gratuitas de produzir o seu ebook<\/strong> e n\u00e3o precisar arcar com nenhum custo a mais.&nbsp;<\/p>\n\n\n\n<p>Para isso, voc\u00ea pode contar com ferramentas gratuitas que possibilitam que voc\u00ea escreva o seu ebook e realize a formata\u00e7\u00e3o do mesmo, adicionando toda a sua identidade visual!<\/p>\n\n\n\n<p><strong>Saiba como criar um ebook totalmente gratuito<\/strong><\/p>\n\n\n\n<div class=\"wp-block-buttons is-layout-flex wp-block-buttons-is-layout-flex\">\n<div class=\"wp-block-button\"><a class=\"wp-block-button__link\" href=\"https:\/\/herospark.com\/blog\/programas-para-criar-e-book-gratis\/\">3 melhores programas para criar ebook gr\u00e1tis \u2197<\/a><\/div>\n<\/div>\n\n\n\n<h2 class=\"wp-block-heading\">D\u00e1 para ganhar dinheiro com ebook?<\/h2>\n\n\n\n<p>Os ebooks s\u00e3o um dos tipos de materiais mais utilizados pelos infoprodutores na hora de vender. Inclusive, a grande maioria deles possui um livro digital em seu cat\u00e1logo de produtos digitais. Isso acontece porque esse material \u00e9 mais f\u00e1cil de se criar.<\/p>\n\n\n\n<p>Diferente dos cursos, por exemplo, ao criar um ebook voc\u00ea n\u00e3o precisa criar e editar um v\u00eddeo. Basta sentar e come\u00e7ar a escrever sobre um t\u00f3pico que voc\u00ea conhece muito. Depois, \u00e9 s\u00f3 formatar e vender.<\/p>\n\n\n\n<p>Por conta disso, \u00e9 poss\u00edvel sim ganhar um bom dinheiro a partir dos ebooks. Hoje em dia, <strong>existem neg\u00f3cios digitais 100% baseados em ebooks<\/strong>, onde os empreendedores conseguem viver dessa venda.<\/p>\n\n\n\n<p><strong>Descubra como \u00e9 poss\u00edvel ganhar dinheiro com ebook<\/strong><\/p>\n\n\n\n<div class=\"wp-block-columns is-layout-flex wp-container-core-columns-is-layout-9d6595d7 wp-block-columns-is-layout-flex\">\n<div class=\"wp-block-column is-layout-flow wp-block-column-is-layout-flow\">\n<div class=\"wp-block-buttons is-layout-flex wp-block-buttons-is-layout-flex\">\n<div class=\"wp-block-button\"><a class=\"wp-block-button__link\" href=\"https:\/\/herospark.com\/blog\/ganhar-dinheiro-com-e-book\/\">Guia completo para voc\u00ea ganhar dinheiro com ebook \u2197<\/a><\/div>\n<\/div>\n<\/div>\n\n\n\n<div class=\"wp-block-column is-layout-flow wp-block-column-is-layout-flow\">\n<div class=\"wp-block-buttons is-layout-flex wp-block-buttons-is-layout-flex\">\n<div class=\"wp-block-button\"><a class=\"wp-block-button__link\" href=\"https:\/\/herospark.com\/blog\/como-vender-e-book\">Como vender ebook? \u2197<\/a><\/div>\n<\/div>\n<\/div>\n\n\n\n<div class=\"wp-block-column is-layout-flow wp-block-column-is-layout-flow\">\n<div class=\"wp-block-buttons is-layout-flex wp-block-buttons-is-layout-flex\">\n<div class=\"wp-block-button\"><a class=\"wp-block-button__link\" href=\"https:\/\/herospark.com\/blog\/criar-um-e-book-para-vender\/\">Como criar um ebook para vender pela internet? \u2197<\/a><\/div>\n<\/div>\n<\/div>\n<\/div>\n\n\n\n<h2 class=\"wp-block-heading\">Ideias de capa de ebook<\/h2>\n\n\n\n<p>Voc\u00ea j\u00e1 sabe que o ebook \u00e9 basicamente um livro digital, certo? Portanto, ao cri\u00e1-lo, tamb\u00e9m \u00e9 importante pensar em como vai ser a sua capa.<\/p>\n\n\n\n<p>Vale dizer que a capa tem papel fundamental. Afinal, \u00e9 a partir dela que o p\u00fablico pode se sentir mais atra\u00eddo pelo ebook e ter curiosidade para saber o que tem dentro dele.&nbsp;<\/p>\n\n\n\n<p>Por isso, \u00e9 interessante investir na cria\u00e7\u00e3o de uma boa capa para atrair mais o seu p\u00fablico.<\/p>\n\n\n\n<p><strong>Se inspire nessas capas de ebook!<\/strong><\/p>\n\n\n\n<div class=\"wp-block-buttons is-layout-flex wp-block-buttons-is-layout-flex\">\n<div class=\"wp-block-button\"><a class=\"wp-block-button__link\" href=\"https:\/\/herospark.com\/blog\/capa-de-e-book\/\">3 ideias de capa de ebook para se inspirar \u2197<\/a><\/div>\n<\/div>\n\n\n\n<p>Se voc\u00ea gostou de conhecer mais sobre como criar um ebook, o que acha que <strong>desenvolver o seu na HeroSpark<\/strong>?<\/p>\n\n\n\n<p>S\u00f3 com a gente voc\u00ea tem acesso a todos os recursos necess\u00e1rios para hospedar seu material e realizar a venda dele, tudo no mesmo lugar!<\/p>\n\n\n\n<p><a href=\"https:\/\/app.herospark.com\/sign-up\">Vem com a gente e crie seu ebook na HeroSpark!<\/a><\/p>\n","protected":false},"excerpt":{"rendered":"Hoje em dia, existem diversas formas de uma pessoa compartilhar os seus conhecimentos, e uma das mais utilizadas &eacute; criando um ebook. Esse &eacute; um um material 100% customiz&aacute;vel, no&hellip;\n","protected":false},"author":39,"featured_media":0,"parent":0,"menu_order":0,"comment_status":"closed","ping_status":"closed","template":"","meta":{"content-type":"","_uag_custom_page_level_css":"","footnotes":""},"yst_prominent_words":[160,243,170,112,1298,246,329,80,124],"class_list":["post-9604","page","type-page","status-publish"],"acf":[],"uagb_featured_image_src":{"full":false,"thumbnail":false,"medium":false,"medium_large":false,"large":false,"1536x1536":false,"2048x2048":false,"pk-small":false,"pk-thumbnail":false,"cs-small":false,"cs-intermediate":false,"cs-thumbnail":false,"cs-thumbnail-uncropped":false,"cs-medium":false,"cs-large":false,"web-stories-poster-portrait":false,"web-stories-publisher-logo":false,"web-stories-thumbnail":false},"uagb_author_info":{"display_name":"Larissa Oliveira","author_link":"https:\/\/herospark.com\/blog\/author\/larissa\/"},"uagb_comment_info":0,"uagb_excerpt":"Hoje em dia, existem diversas formas de uma pessoa compartilhar os seus conhecimentos, e uma das mais utilizadas &eacute; criando um ebook. Esse &eacute; um um material 100% customiz&aacute;vel, no&hellip;","yoast_head":"<!-- This site is optimized with the Yoast SEO Premium plugin v14.3 - https:\/\/yoast.com\/wordpress\/plugins\/seo\/ -->\n<title>Como criar ebook: Tudo o que voc\u00ea precisa saber | HeroSpark Blog<\/title>\n<meta name=\"robots\" content=\"index, follow\" \/>\n<meta name=\"googlebot\" content=\"index, follow, max-snippet:-1, max-image-preview:large, max-video-preview:-1\" \/>\n<meta name=\"bingbot\" content=\"index, follow, max-snippet:-1, max-image-preview:large, max-video-preview:-1\" \/>\n<link rel=\"canonical\" href=\"https:\/\/herospark.com\/blog\/como-criar-ebook\/\" \/>\n<meta property=\"og:locale\" content=\"pt_BR\" \/>\n<meta property=\"og:type\" content=\"article\" \/>\n<meta property=\"og:title\" content=\"Como criar ebook: Tudo o que voc\u00ea precisa saber | HeroSpark Blog\" \/>\n<meta property=\"og:description\" content=\"Hoje em dia, existem diversas formas de uma pessoa compartilhar os seus conhecimentos, e uma das mais utilizadas &eacute; criando um ebook. Esse &eacute; um um material 100% customiz&aacute;vel, no&hellip;\" \/>\n<meta property=\"og:url\" content=\"https:\/\/herospark.com\/blog\/como-criar-ebook\/\" \/>\n<meta property=\"og:site_name\" content=\"HeroSpark Blog\" \/>\n<meta property=\"article:modified_time\" content=\"2022-10-19T12:13:10+00:00\" \/>\n<meta name=\"twitter:card\" content=\"summary_large_image\" \/>\n<!-- \/ Yoast SEO Premium plugin. -->","amp_enabled":true,"_links":{"self":[{"href":"https:\/\/herospark.com\/blog\/wp-json\/wp\/v2\/pages\/9604","targetHints":{"allow":["GET"]}}],"collection":[{"href":"https:\/\/herospark.com\/blog\/wp-json\/wp\/v2\/pages"}],"about":[{"href":"https:\/\/herospark.com\/blog\/wp-json\/wp\/v2\/types\/page"}],"author":[{"embeddable":true,"href":"https:\/\/herospark.com\/blog\/wp-json\/wp\/v2\/users\/39"}],"replies":[{"embeddable":true,"href":"https:\/\/herospark.com\/blog\/wp-json\/wp\/v2\/comments?post=9604"}],"version-history":[{"count":0,"href":"https:\/\/herospark.com\/blog\/wp-json\/wp\/v2\/pages\/9604\/revisions"}],"wp:attachment":[{"href":"https:\/\/herospark.com\/blog\/wp-json\/wp\/v2\/media?parent=9604"}],"wp:term":[{"taxonomy":"yst_prominent_words","embeddable":true,"href":"https:\/\/herospark.com\/blog\/wp-json\/wp\/v2\/yst_prominent_words?post=9604"}],"curies":[{"name":"wp","href":"https:\/\/api.w.org\/{rel}","templated":true}]}}