{"id":9936,"date":"2022-11-20T06:38:00","date_gmt":"2022-11-20T09:38:00","guid":{"rendered":"https:\/\/herospark.com\/blog\/?page_id=9936"},"modified":"2023-07-06T14:09:59","modified_gmt":"2023-07-06T17:09:59","slug":"trafego-pago-como-funciona-e-como-bombar-em-2023","status":"publish","type":"page","link":"https:\/\/herospark.com\/blog\/trafego-pago-como-funciona\/","title":{"rendered":"Tr\u00e1fego pago: como funciona e como bombar em 2023"},"content":{"rendered":"\n<p>J\u00e1 pensou em aprender mais sobre tr\u00e1fego pago, como funciona e descobrir de que forma ele traz resultados incr\u00edveis para o seu neg\u00f3cio?<\/p>\n\n\n\n<p>Para quem n\u00e3o sabe, o tr\u00e1fego pago \u00e9 uma das estrat\u00e9gias de marketing mais utilizadas por empreendedores que querem alcan\u00e7ar um bom p\u00fablico de forma r\u00e1pida e f\u00e1cil.&nbsp;<\/p>\n\n\n\n<p>A vantagem \u00e9 que essa \u00e9 uma estrat\u00e9gia que se adapta facilmente aos diferentes tipos de neg\u00f3cios digitais, principalmente pelo fato de estar presente na maioria das plataformas.&nbsp;<\/p>\n\n\n\n<p>Por isso, neste artigo, voc\u00ea vai entender melhor o que \u00e9 tr\u00e1fego pago, como funciona e de que forma voc\u00ea pode come\u00e7ar a criar seus an\u00fancios! Boa leitura!<\/p>\n\n\n\n<div class=\"rock-convert-banner\"><a href=\"https:\/\/app.herospark.com\/sign-up?utm_medium=rock-convert&utm_source=blog-herospark&utm_campaign=end-banner-signup\" target=\"_blank\" class=\"rock-convert-cta-link\" data-cta-id=\"12502\" data-cta-title=\"End banner - Signup\"><img fetchpriority=\"high\" decoding=\"async\" width=\"768\" height=\"402\" src=\"data:image\/png;base64,iVBORw0KGgoAAAANSUhEUgAAAwAAAAGSAQMAAABufjSsAAAAA1BMVEUAAP+KeNJXAAAAAXRSTlMAQObYZgAAAAlwSFlzAAAOxAAADsQBlSsOGwAAAD1JREFUeNrtwYEAAAAAw6D5Ux\/hAlUBAAAAAAAAAAAAAAAAAAAAAAAAAAAAAAAAAAAAAAAAAAAAAAAAAN8AmFIAAYnLrqgAAAAASUVORK5CYII=\" class=\"attachment-full size-full pk-lazyload\" alt=\"Banner_blog_herospark\" title=\"End banner - Signup\" data-pk-sizes=\"auto\" data-ls-sizes=\"(max-width: 768px) 100vw, 768px\" data-pk-src=\"https:\/\/herospark.com\/blog\/wp-content\/uploads\/sites\/6\/2023\/06\/Banner_blog_herospark.jpg\" data-pk-srcset=\"https:\/\/herospark.com\/blog\/wp-content\/uploads\/sites\/6\/2023\/06\/Banner_blog_herospark.jpg 768w, https:\/\/herospark.com\/blog\/wp-content\/uploads\/sites\/6\/2023\/06\/Banner_blog_herospark-300x157.jpg 300w, https:\/\/herospark.com\/blog\/wp-content\/uploads\/sites\/6\/2023\/06\/Banner_blog_herospark-390x204.jpg 390w, https:\/\/herospark.com\/blog\/wp-content\/uploads\/sites\/6\/2023\/06\/Banner_blog_herospark-150x79.jpg 150w\" \/><\/a><\/div>\n\n\n\n<h2 class=\"wp-block-heading\">O que \u00e9 tr\u00e1fego pago?<\/h2>\n\n\n\n<p>O tr\u00e1fego pago \u00e9 uma<strong> estrat\u00e9gia do marketing digital que permite que voc\u00ea gere mais visitas <\/strong>no seu site, no seu perfil das redes sociais e at\u00e9 mesmo em aplicativos.<\/p>\n\n\n\n<p>Para isso, essa estrat\u00e9gia utiliza an\u00fancios patrocinados, que podem ser postagens ou simples resultados de buscas. Assim, voc\u00ea cria um conte\u00fado relevante para a sua persona e paga um valor \u00e0s plataformas para que elas aumentem o seu alcance.&nbsp;<\/p>\n\n\n\n<p>A parte mais interessante disso \u00e9 que as plataformas conseguem filtrar o conte\u00fado e mostr\u00e1-lo somente para o p\u00fablico que tem as principais caracter\u00edsticas da sua persona.&nbsp;<\/p>\n\n\n\n<p>Dessa forma, \u00e9 poss\u00edvel destacar o seu neg\u00f3cio em diversas plataformas e fazer com que ele apare\u00e7a para as pessoas certas!<\/p>\n\n\n\n<p><strong>Entenda mais sobre o tr\u00e1fego pago, como funciona e de que forma fazer!<\/strong><\/p>\n\n\n\n<div class=\"wp-block-buttons is-layout-flex wp-block-buttons-is-layout-flex\">\n<div class=\"wp-block-button\"><a class=\"wp-block-button__link wp-element-button\" href=\"https:\/\/herospark.com\/blog\/trafego-pago\/\" target=\"_blank\" rel=\"noreferrer noopener\">O que \u00e9 e como funciona tr\u00e1fego pago \u2197<\/a><\/div>\n<\/div>\n\n\n\n<h2 class=\"wp-block-heading\">Como come\u00e7ar a trabalhar com tr\u00e1fego pago?<\/h2>\n\n\n\n<p>O tr\u00e1fego pago \u00e9 uma estrat\u00e9gia muito utilizada e valorizada por diversas empresas, j\u00e1 que ela consegue trazer in\u00fameros resultados positivos para o neg\u00f3cio.<\/p>\n\n\n\n<p>O seu uso \u00e9 t\u00e3o grande que, segundo uma <a href=\"https:\/\/www.insiderintelligence.com\/content\/worldwide-digital-ad-spending-2021#page-report\">pesquisa da eMarketer<\/a>, o total de gastos das empresas com an\u00fancios pode chegar a 67,8% em 2024.<\/p>\n\n\n\n<p>Diante disso, \u00e9 ineg\u00e1vel perceber o quanto de valor essa estrat\u00e9gia de marketing digital pode entregar para um neg\u00f3cio.&nbsp;<\/p>\n\n\n\n<p>Por isso, \u00e9 fundamental aprender a fazer tr\u00e1fego pago, tanto para quem empreende quanto para quem atua como gestor de tr\u00e1fego.<\/p>\n\n\n\n<p>E para iniciar nesse meio, voc\u00ea pode seguir quatro passos simples, sendo eles:<\/p>\n\n\n\n<ol class=\"wp-block-list\">\n<li>Definir o p\u00fablico-alvo da sua estrat\u00e9gia;<\/li>\n\n\n\n<li>Estabelecer um resultado a ser alcan\u00e7ado com os an\u00fancios;<\/li>\n\n\n\n<li>Decidir o melhor formato de an\u00fancio para o seu objetivo;<\/li>\n\n\n\n<li>Criar um bom or\u00e7amento para atingir o resultado desejado.<\/li>\n<\/ol>\n\n\n\n<p><strong>Saiba em detalhes como fazer tr\u00e1fego pago!<\/strong><\/p>\n\n\n\n<div class=\"wp-block-buttons is-layout-flex wp-block-buttons-is-layout-flex\">\n<div class=\"wp-block-button\"><a class=\"wp-block-button__link wp-element-button\" href=\"https:\/\/herospark.com\/blog\/trafego-pago-para-iniciantes\/\" target=\"_blank\" rel=\"noreferrer noopener\">Passo a passo tr\u00e1fego pago \u2197<\/a><\/div>\n<\/div>\n\n\n\n<h3 class=\"wp-block-heading\">Termos sobre tr\u00e1fego pago que voc\u00ea precisa conhecer<\/h3>\n\n\n\n<p>Al\u00e9m de saber o que \u00e9 tr\u00e1fego pago, como funciona e como aplic\u00e1-lo, tamb\u00e9m \u00e9 fundamental que voc\u00ea conhe\u00e7a os principais termos do universo dessa estrat\u00e9gia.<\/p>\n\n\n\n<p>Assim, itens como Pixel, CPA, CPC e muitos outros s\u00e3o termos que n\u00e3o vemos com frequ\u00eancia em outras estrat\u00e9gias de marketing, mas que, no mundo do tr\u00e1fego pago, s\u00e3o muito utilizadas.<\/p>\n\n\n\n<p><strong>Descubra os principais termos do mercado:<\/strong><\/p>\n\n\n\n<div class=\"wp-block-columns is-layout-flex wp-container-core-columns-is-layout-9d6595d7 wp-block-columns-is-layout-flex\">\n<div class=\"wp-block-column is-layout-flow wp-block-column-is-layout-flow\">\n<div class=\"wp-block-buttons is-layout-flex wp-block-buttons-is-layout-flex\">\n<div class=\"wp-block-button\"><a class=\"wp-block-button__link wp-element-button\" href=\"https:\/\/herospark.com\/blog\/pixel-facebook\/\" target=\"_blank\" rel=\"noreferrer noopener\">Saiba o que \u00e9 o Pixel do Facebook e aprenda a configurar \u2197<\/a><\/div>\n<\/div>\n<\/div>\n\n\n\n<div class=\"wp-block-column is-layout-flow wp-block-column-is-layout-flow\">\n<div class=\"wp-block-buttons is-layout-flex wp-block-buttons-is-layout-flex\">\n<div class=\"wp-block-button\"><a class=\"wp-block-button__link wp-element-button\" href=\"https:\/\/herospark.com\/blog\/plano-de-midia\/\" target=\"_blank\" rel=\"noreferrer noopener\">Veja como criar um plano de m\u00eddia para o seu neg\u00f3cio \u2197<\/a><\/div>\n<\/div>\n<\/div>\n<\/div>\n\n\n\n<div class=\"wp-block-columns is-layout-flex wp-container-core-columns-is-layout-9d6595d7 wp-block-columns-is-layout-flex\">\n<div class=\"wp-block-column is-layout-flow wp-block-column-is-layout-flow\">\n<div class=\"wp-block-buttons is-layout-flex wp-block-buttons-is-layout-flex\">\n<div class=\"wp-block-button\"><a class=\"wp-block-button__link wp-element-button\" href=\"https:\/\/herospark.com\/blog\/o-que-e-cpa\/\" target=\"_blank\" rel=\"noreferrer noopener\">Saiba o que significa CPA, CPC e CPM \u2197<\/a><\/div>\n<\/div>\n<\/div>\n\n\n\n<div class=\"wp-block-column is-layout-flow wp-block-column-is-layout-flow\">\n<div class=\"wp-block-buttons is-layout-flex wp-block-buttons-is-layout-flex\">\n<div class=\"wp-block-button\"><a class=\"wp-block-button__link wp-element-button\" href=\"https:\/\/herospark.com\/blog\/biblioteca-de-anuncios-do-facebook\/\" target=\"_blank\" rel=\"noreferrer noopener\">Conhe\u00e7a a Biblioteca de An\u00fancios do Facebook! \u2197<\/a><\/div>\n<\/div>\n<\/div>\n<\/div>\n\n\n\n<div class=\"rock-convert-banner\"><a href=\"https:\/\/app.herospark.com\/sign-up?utm_medium=rock-convert&utm_source=blog-herospark&utm_campaign=top-banner-ai\" target=\"_blank\" class=\"rock-convert-cta-link\" data-cta-id=\"12508\" data-cta-title=\"Top banner - Signup AI\"><img decoding=\"async\" width=\"768\" height=\"402\" src=\"data:image\/png;base64,iVBORw0KGgoAAAANSUhEUgAAAwAAAAGSAQMAAABufjSsAAAAA1BMVEUAAP+KeNJXAAAAAXRSTlMAQObYZgAAAAlwSFlzAAAOxAAADsQBlSsOGwAAAD1JREFUeNrtwYEAAAAAw6D5Ux\/hAlUBAAAAAAAAAAAAAAAAAAAAAAAAAAAAAAAAAAAAAAAAAAAAAAAAAN8AmFIAAYnLrqgAAAAASUVORK5CYII=\" class=\"attachment-full size-full pk-lazyload\" alt=\"banner_blog_AI\" title=\"Top banner - Signup AI\" data-pk-sizes=\"auto\" data-ls-sizes=\"(max-width: 768px) 100vw, 768px\" data-pk-src=\"https:\/\/herospark.com\/blog\/wp-content\/uploads\/sites\/6\/2023\/06\/banner_blog_AI.jpg\" data-pk-srcset=\"https:\/\/herospark.com\/blog\/wp-content\/uploads\/sites\/6\/2023\/06\/banner_blog_AI.jpg 768w, https:\/\/herospark.com\/blog\/wp-content\/uploads\/sites\/6\/2023\/06\/banner_blog_AI-300x157.jpg 300w, https:\/\/herospark.com\/blog\/wp-content\/uploads\/sites\/6\/2023\/06\/banner_blog_AI-390x204.jpg 390w, https:\/\/herospark.com\/blog\/wp-content\/uploads\/sites\/6\/2023\/06\/banner_blog_AI-150x79.jpg 150w\" \/><\/a><\/div>\n\n\n\n<h2 class=\"wp-block-heading\">Tr\u00e1fego pago e org\u00e2nico: qual \u00e9 a diferen\u00e7a?<\/h2>\n\n\n\n<p>Na hora de aprender a como fazer tr\u00e1fego pago, \u00e9 preciso saber que existe outra estrat\u00e9gia que tamb\u00e9m \u00e9 muito utilizada para gerar mais visitas: o tr\u00e1fego org\u00e2nico.<\/p>\n\n\n\n<p>Diferente do tr\u00e1fego pago, no org\u00e2nico voc\u00ea n\u00e3o paga nenhuma plataforma para exibir seus conte\u00fados.<\/p>\n\n\n\n<p>Nesse modelo, voc\u00ea aprende como o algoritmo das principais plataformas funcionam para, assim, criar conte\u00fados que fa\u00e7am com que o seu site ou perfil nas redes sociais apare\u00e7a de forma natural para o p\u00fablico.<\/p>\n\n\n\n<p>Diferente da op\u00e7\u00e3o anterior, o tr\u00e1fego org\u00e2nico n\u00e3o segmenta as pessoas que acessam o seu perfil ou site. No entanto, a longo prazo, ele pode fazer com que voc\u00ea tenha mais <strong>autoridade no mercado<\/strong> e um alcance natural com resultados melhores.<\/p>\n\n\n\n<p><strong>Conhe\u00e7a as principais diferen\u00e7as entre essas estrat\u00e9gias!<\/strong><\/p>\n\n\n\n<div class=\"wp-block-buttons is-layout-flex wp-block-buttons-is-layout-flex\">\n<div class=\"wp-block-button\"><a class=\"wp-block-button__link wp-element-button\" href=\"https:\/\/herospark.com\/blog\/biblioteca-de-anuncios-do-facebook\/\" target=\"_blank\" rel=\"noreferrer noopener\">Vantagens e desvantagens do tr\u00e1fego pago e org\u00e2nico \u2197<\/a><\/div>\n<\/div>\n\n\n\n<h2 class=\"wp-block-heading\">O que \u00e9 Ads?<\/h2>\n\n\n\n<p>Lembra que falamos que o tr\u00e1fego pago utiliza an\u00fancios? Ent\u00e3o \u00e9 bom que voc\u00ea saiba que nesse universo \u00e9 bem comum as pessoas o chamarem de \u201cAds\u201d.<\/p>\n\n\n\n<p><strong>\u201cAds\u201d significa \u201can\u00fancios\u201d em ingl\u00eas<\/strong>, e ele pode ter se tornado o termo mais utilizado devido ao fato de as principais plataformas de an\u00fancios terem-no ao final do nome.<\/p>\n\n\n\n<p>Basicamente, ele indica um an\u00fancio criado com uma mensagem mais persuasiva para fazer com que o p\u00fablico realize a a\u00e7\u00e3o desejada, como entrar em um site, por exemplo.<\/p>\n\n\n\n<p><strong>Entenda melhor a defini\u00e7\u00e3o de \u201cAds\u201d!<\/strong><\/p>\n\n\n\n<div class=\"wp-block-buttons is-layout-flex wp-block-buttons-is-layout-flex\">\n<div class=\"wp-block-button\"><a class=\"wp-block-button__link wp-element-button\" href=\"https:\/\/herospark.com\/blog\/o-que-significa-ads\/\" target=\"_blank\" rel=\"noreferrer noopener\">O que significa Ads? Saiba tudo sobre an\u00fancios \u2197<\/a><\/div>\n<\/div>\n\n\n\n<h2 class=\"wp-block-heading\">Como funciona o Ads para as plataformas?<\/h2>\n\n\n\n<p>No processo de aprender sobre o tr\u00e1fego pago, como funciona e tudo relacionado a ele, voc\u00ea j\u00e1 parou para pensar em como os an\u00fancios s\u00e3o criados e disponibilizados em suas plataformas?<\/p>\n\n\n\n<p>Hoje em dia, contamos com diversas plataformas que permitem que seus usu\u00e1rios criem an\u00fancios. Temos o Google Ads, Facebook Ads, LinkedIn Ads e muitas outras.<\/p>\n\n\n\n<p>Cada uma delas possui suas pr\u00f3prias regras e configura\u00e7\u00f5es sobre como os an\u00fancios s\u00e3o disponibilizados. No Google, por exemplo, os an\u00fancios podem aparecer nos resultados de buscas, em sites, na se\u00e7\u00e3o Shopping, nos v\u00eddeos e em muitos outros locais.<\/p>\n\n\n\n<p>J\u00e1 o Facebook Ads mostra os an\u00fancios em forma de publica\u00e7\u00f5es, no Marketplace e at\u00e9 no Instagram, j\u00e1 que os an\u00fancios das duas plataformas s\u00e3o gerenciados no mesmo lugar.<\/p>\n\n\n\n<p>Tudo isso faz com que a forma que cada an\u00fancio \u00e9 criado seja um pouco diferente em cada uma das plataformas.&nbsp;<\/p>\n\n\n\n<p><strong>Veja como criar an\u00fancios em cada plataforma!<\/strong><\/p>\n\n\n\n<div class=\"wp-block-columns is-layout-flex wp-container-core-columns-is-layout-9d6595d7 wp-block-columns-is-layout-flex\">\n<div class=\"wp-block-column is-layout-flow wp-block-column-is-layout-flow\">\n<div class=\"wp-block-buttons is-layout-flex wp-block-buttons-is-layout-flex\">\n<div class=\"wp-block-button\"><a class=\"wp-block-button__link wp-element-button\" href=\"https:\/\/herospark.com\/blog\/facebook-ads-para-afiliados\/\" target=\"_blank\" rel=\"noreferrer noopener\">Saiba como usar o Facebook Ads para vender \u2197<\/a><\/div>\n<\/div>\n<\/div>\n\n\n\n<div class=\"wp-block-column is-layout-flow wp-block-column-is-layout-flow\">\n<div class=\"wp-block-buttons is-layout-flex wp-block-buttons-is-layout-flex\">\n<div class=\"wp-block-button\"><a class=\"wp-block-button__link wp-element-button\" href=\"https:\/\/herospark.com\/blog\/linkedin-ads\/\" target=\"_blank\" rel=\"noreferrer noopener\">Aprenda a criar an\u00fancios no LinkedIn Ads \u2197<\/a><\/div>\n<\/div>\n<\/div>\n<\/div>\n\n\n\n<div class=\"wp-block-columns is-layout-flex wp-container-core-columns-is-layout-9d6595d7 wp-block-columns-is-layout-flex\">\n<div class=\"wp-block-column is-layout-flow wp-block-column-is-layout-flow\">\n<div class=\"wp-block-buttons is-layout-flex wp-block-buttons-is-layout-flex\">\n<div class=\"wp-block-button\"><a class=\"wp-block-button__link wp-element-button\" href=\"https:\/\/herospark.com\/blog\/google-ads-como-funciona\/\" target=\"_blank\" rel=\"noreferrer noopener\">Conhe\u00e7a o Google Ads e saiba como anunciar \u2197<\/a><\/div>\n<\/div>\n<\/div>\n\n\n\n<div class=\"wp-block-column is-layout-flow wp-block-column-is-layout-flow\">\n<div class=\"wp-block-buttons is-layout-flex wp-block-buttons-is-layout-flex\">\n<div class=\"wp-block-button\"><a class=\"wp-block-button__link wp-element-button\" href=\"https:\/\/herospark.com\/blog\/rede-de-display\/\" target=\"_blank\" rel=\"noreferrer noopener\">Descubra como criar uma campanha de rede de display \u2197<\/a><\/div>\n<\/div>\n<\/div>\n<\/div>\n\n\n\n<h2 class=\"wp-block-heading\">Quanto ganho com tr\u00e1fego pago?<\/h2>\n\n\n\n<p>Segundo a Glassdoor, o profissional de tr\u00e1fego pago <strong>ganha, em m\u00e9dia, R$2.500,00, sendo poss\u00edvel chegar a R$9.000,00<\/strong> com comiss\u00f5es e participa\u00e7\u00f5es nos lucros.<\/p>\n\n\n\n<p>J\u00e1 para o empreendedor que investe em tr\u00e1fego pago para aumentar os seus resultados, os ganhos podem ser imensur\u00e1veis, uma vez que, com o aumento da visibilidade, seu neg\u00f3cio tende a vender (e lucrar) muito mais!<\/p>\n\n\n\n<p>Se voc\u00ea gostou de conhecer mais sobre o tr\u00e1fego pago, como funciona e as principais plataformas dessa estrat\u00e9gia, vai adorar conhecer o <a href=\"https:\/\/contents.herospark.com\/ebook-facebook-ads-guia-completo?_ga=2.169498913.1055193741.1668430340-469885293.1663718040\">Guia Completo do Facebook Ads<\/a>, no qual voc\u00ea descobrir\u00e1 os segredos que transformam seguidores em clientes! <strong>Baixe-o gratuitamente!<\/strong><\/p>\n","protected":false},"excerpt":{"rendered":"J&aacute; pensou em aprender mais sobre tr&aacute;fego pago, como funciona e descobrir de que forma ele traz resultados incr&iacute;veis para o seu neg&oacute;cio? Para quem n&atilde;o sabe, o tr&aacute;fego pago&hellip;\n","protected":false},"author":39,"featured_media":0,"parent":0,"menu_order":0,"comment_status":"closed","ping_status":"closed","template":"","meta":{"content-type":"","_uag_custom_page_level_css":"","footnotes":""},"yst_prominent_words":[973,2116,1328,79,549,166,2163,484,189,547,546],"class_list":["post-9936","page","type-page","status-publish"],"acf":[],"uagb_featured_image_src":{"full":false,"thumbnail":false,"medium":false,"medium_large":false,"large":false,"1536x1536":false,"2048x2048":false,"pk-small":false,"pk-thumbnail":false,"cs-small":false,"cs-intermediate":false,"cs-thumbnail":false,"cs-thumbnail-uncropped":false,"cs-medium":false,"cs-large":false,"web-stories-poster-portrait":false,"web-stories-publisher-logo":false,"web-stories-thumbnail":false},"uagb_author_info":{"display_name":"Larissa Oliveira","author_link":"https:\/\/herospark.com\/blog\/author\/larissa\/"},"uagb_comment_info":0,"uagb_excerpt":"J&aacute; pensou em aprender mais sobre tr&aacute;fego pago, como funciona e descobrir de que forma ele traz resultados incr&iacute;veis para o seu neg&oacute;cio? Para quem n&atilde;o sabe, o tr&aacute;fego pago&hellip;","yoast_head":"<!-- This site is optimized with the Yoast SEO Premium plugin v14.3 - https:\/\/yoast.com\/wordpress\/plugins\/seo\/ -->\n<title>Tr\u00e1fego pago: como funciona e como bombar em 2023 | HeroSpark Blog<\/title>\n<meta name=\"robots\" content=\"index, follow\" \/>\n<meta name=\"googlebot\" content=\"index, follow, max-snippet:-1, max-image-preview:large, max-video-preview:-1\" \/>\n<meta name=\"bingbot\" content=\"index, follow, max-snippet:-1, max-image-preview:large, max-video-preview:-1\" \/>\n<link rel=\"canonical\" href=\"https:\/\/herospark.com\/blog\/trafego-pago-como-funciona\/\" \/>\n<meta property=\"og:locale\" content=\"pt_BR\" \/>\n<meta property=\"og:type\" content=\"article\" \/>\n<meta property=\"og:title\" content=\"Tr\u00e1fego pago: como funciona e como bombar em 2023 | HeroSpark Blog\" \/>\n<meta property=\"og:description\" content=\"J&aacute; pensou em aprender mais sobre tr&aacute;fego pago, como funciona e descobrir de que forma ele traz resultados incr&iacute;veis para o seu neg&oacute;cio? Para quem n&atilde;o sabe, o tr&aacute;fego pago&hellip;\" \/>\n<meta property=\"og:url\" content=\"https:\/\/herospark.com\/blog\/trafego-pago-como-funciona\/\" \/>\n<meta property=\"og:site_name\" content=\"HeroSpark Blog\" \/>\n<meta property=\"article:modified_time\" content=\"2023-07-06T17:09:59+00:00\" \/>\n<meta name=\"twitter:card\" content=\"summary_large_image\" \/>\n<!-- \/ Yoast SEO Premium plugin. -->","amp_enabled":true,"_links":{"self":[{"href":"https:\/\/herospark.com\/blog\/wp-json\/wp\/v2\/pages\/9936","targetHints":{"allow":["GET"]}}],"collection":[{"href":"https:\/\/herospark.com\/blog\/wp-json\/wp\/v2\/pages"}],"about":[{"href":"https:\/\/herospark.com\/blog\/wp-json\/wp\/v2\/types\/page"}],"author":[{"embeddable":true,"href":"https:\/\/herospark.com\/blog\/wp-json\/wp\/v2\/users\/39"}],"replies":[{"embeddable":true,"href":"https:\/\/herospark.com\/blog\/wp-json\/wp\/v2\/comments?post=9936"}],"version-history":[{"count":0,"href":"https:\/\/herospark.com\/blog\/wp-json\/wp\/v2\/pages\/9936\/revisions"}],"wp:attachment":[{"href":"https:\/\/herospark.com\/blog\/wp-json\/wp\/v2\/media?parent=9936"}],"wp:term":[{"taxonomy":"yst_prominent_words","embeddable":true,"href":"https:\/\/herospark.com\/blog\/wp-json\/wp\/v2\/yst_prominent_words?post=9936"}],"curies":[{"name":"wp","href":"https:\/\/api.w.org\/{rel}","templated":true}]}}